{"id":1007,"date":"2018-06-28T10:04:20","date_gmt":"2018-06-28T08:04:20","guid":{"rendered":"http:\/\/trx.pl\/?page_id=1007"},"modified":"2018-06-28T14:35:21","modified_gmt":"2018-06-28T12:35:21","slug":"p185","status":"publish","type":"page","link":"https:\/\/trx.pl\/en\/radiotelefony\/motorola\/licencjonowane\/p185\/","title":{"rendered":"Radiotelefon P185"},"content":{"rendered":"<div id=\"radio_container\" style=\"width: 100%;\">\n<div id=\"radio_header\">\n<div id=\"radio_image\" style=\"width: 400px; float: left; margin-right:20px;\"><img decoding=\"async\" src=\"http:\/\/trx.pl\/pliki\/foto\/p185.jpg\" width=\"400px\" \/><\/div>\n<div id=\"radio_sdescryption\" style=\"\">\nLekki i \u0142atwy w obs\u0142udze radiotelefon z wy\u015bwietlaczem i pe\u0142n\u0105 klawiatur\u0105 na pasmo licencjonowane. Urz\u0105dzenie kierowane do przedsi\u0119biorstw. Zapewnia wysok\u0105 jako\u015b\u0107 w przyst\u0119pnej cenie.<\/p>\n<\/div>\n<\/div>\n<div id=\"radio_content\">\n<span style=\"font-size: 16pt; color: #000000;\"><strong>Cechy radiotelefonu:<\/strong><\/span><\/p>\n<ul>\n<li>lekka i kompaktowa konstrukcja<\/li>\n<li>wbudowane szyfrowanie komunikacji g\u0142osowej (opcja)<\/li>\n<li>obs\u0142uga aktywacji g\u0142osem ( umo\u017cliwia rozpocz\u0119cie transmisji bez u\u017cycia r\u0105k )<\/li>\n<li>5 programowalnych przycisk\u00f3w (dost\u0119p do max 10 programowalnych funkcji)<\/li>\n<li>obs\u0142uga 99 kana\u0142\u00f3w<\/li>\n<li>technologia X-Pand\u2122 &#8211; zapewnia czysty d\u017awi\u0119k nawet w ha\u0142a\u015bliwym otoczeniu<\/li>\n<li>sygnalizacja DTMF, MDC, QC II &#8211; identyfikacja po\u0142\u0105cze\u0144<\/li>\n<li>regulowana moc &#8211; umo\u017cliwia ustawienie wysokiego i niskiego poziomu mocy (VHF: 5W, UHF 4W)<\/li>\n<li>obs\u0142uga przemiennika<\/li>\n<li>obej\u015bcie przemiennika (Talkaround)<\/li>\n<li>selektywno\u015b\u0107 kana\u0142\u00f3w przyleg\u0142ych -70 dB zapewnia ulepszon\u0105 eliminacj\u0119 zak\u0142\u00f3ce\u0144, gwarantuj\u0105c wyra\u017any przekaz komunikacji<\/li>\n<li>normy wojskowe &#8211; 810 C, D, E, F, G<\/li>\n<li>wytrzyma\u0142a budowa<\/li>\n<\/ul>\n<p><span style=\"font-size: 18pt; color: #000000;\"><strong>Charakterystyka dzia\u0142ania:<\/strong><\/span><\/p>\n<table style=\"border-collapse: collapse; width: 100%;\" border=\"1\">\n<tbody>\n<tr style=\"height: 26px;\">\n<td style=\"width: 50%; height: 22px;\"><span style=\"color: #000000;\"><strong><span style=\"font-size: 10pt;\">Typ chemiczny standardowego akumulatora<\/span><\/strong><\/span><\/td>\n<td style=\"width: 50%; height: 22px; text-align: left;\"><span style=\"font-size: 10pt; color: #000000;\">Litowo-jonowy, Niklowo-metalowo-wodorkowy<\/span><\/td>\n<\/tr>\n<tr style=\"height: 26px;\">\n<td style=\"width: 50%; height: 19px;\"><span style=\"color: #000000;\"><strong><span style=\"font-size: 10pt;\">Zasilanie<\/span><\/strong><\/span><\/td>\n<td style=\"width: 50%; height: 19px; text-align: left;\"><span style=\"font-size: 10pt; color: #000000;\">4W (UHF) \/ 5W (VHF)<\/span><\/td>\n<\/tr>\n<tr style=\"height: 36px;\">\n<td style=\"width: 50%; height: 10px;\"><span style=\"color: #000000;\"><strong><span style=\"font-size: 10pt;\">Czas pracy akumulatora (w oparciu o cykl pracy 05 05 90)<\/span><\/strong><\/span><\/td>\n<td style=\"width: 50%; height: 10px; text-align: left;\"><span style=\"font-size: 10pt; color: #000000;\">9 godzin (Ni-MH), 11 godzin (Li-Ion) dla akumulatora standardowego przy wy\u017cszym poziomie mocy; 16 godzin dla akumulatora o du\u017cej pojemno\u015bci przy wy\u017cszym poziomie mocy<\/span><\/td>\n<\/tr>\n<tr style=\"height: 26px;\">\n<td style=\"width: 50%; height: 17px;\"><span style=\"color: #000000;\"><strong><span style=\"font-size: 10pt;\">Regulowane poziomy mocy<\/span><\/strong><\/span><\/td>\n<td style=\"width: 50%; height: 17px; text-align: left;\"><span style=\"font-size: 10pt; color: #000000;\">Tak<\/span><\/td>\n<\/tr>\n<tr style=\"height: 26px;\">\n<td style=\"width: 50%; height: 10px;\"><span style=\"color: #000000;\"><strong><span style=\"font-size: 10pt;\">Zakres cz\u0119stotliwo\u015bci<\/span><\/strong><\/span><\/td>\n<td style=\"width: 50%; height: 10px; text-align: left;\"><span style=\"font-size: 10pt; color: #000000;\">VHF: 136-174MHz<\/span><\/p>\n<p><span style=\"font-size: 10pt; color: #000000;\">UHF: 403-447MHz, 435-480MHz<\/span><\/td>\n<\/tr>\n<tr style=\"height: 26px;\">\n<td style=\"width: 50%; height: 10px;\"><span style=\"color: #000000;\"><strong><span style=\"font-size: 10pt;\">Wyj\u015bcie audio<\/span><\/strong><\/span><\/td>\n<td style=\"width: 50%; height: 10px; text-align: left;\"><span style=\"font-size: 10pt; color: #000000;\">500mW<\/span><\/td>\n<\/tr>\n<\/tbody>\n<\/table>\n<p>&nbsp;<\/p>\n<p><span style=\"font-size: 18pt; color: #000000;\"><strong>Dane fizyczne:<\/strong><\/span><\/p>\n<table style=\"border-collapse: collapse; width: 100%;\" border=\"1\">\n<tbody>\n<tr style=\"height: 36px;\">\n<td style=\"width: 50%; height: 24px;\"><span style=\"color: #000000;\"><strong><span style=\"font-size: 10pt;\">Wymiary (wys. x szer. x d\u0142.) (ze standardowym akumulatorem)<\/span><\/strong><\/span><\/td>\n<td style=\"width: 50%; height: 24px; text-align: left;\"><span style=\"font-size: 10pt; color: #000000;\">120 x 55 x 36 mm<\/span><\/td>\n<\/tr>\n<tr style=\"height: 24px;\">\n<td style=\"width: 50%; height: 24px;\"><span style=\"color: #000000;\"><strong><span style=\"font-size: 10pt;\">Wy\u015bwietlacz<\/span><\/strong><\/span><\/td>\n<td style=\"width: 50%; height: 24px; text-align: left;\"><span style=\"font-size: 10pt; color: #000000;\">LCD<\/span><\/td>\n<\/tr>\n<tr style=\"height: 24px;\">\n<td style=\"width: 50%; height: 24px;\"><span style=\"color: #000000;\"><strong><span style=\"font-size: 10pt;\">Tr\u00f3jkolorowa dioda LED<\/span><\/strong><\/span><\/td>\n<td style=\"width: 50%; height: 24px; text-align: left;\"><span style=\"font-size: 10pt; color: #000000;\">Tak<\/span><\/td>\n<\/tr>\n<tr style=\"height: 24px;\">\n<td style=\"width: 50%; height: 24px;\"><span style=\"color: #000000;\"><strong><span style=\"font-size: 10pt;\">Waga (ze standardowym akumulatorem)<\/span><\/strong><\/span><\/td>\n<td style=\"width: 50%; height: 24px; text-align: left;\"><span style=\"font-size: 10pt; color: #000000;\">395 g (Ni-MH), 335 g (Li-Ion)<\/span><\/td>\n<\/tr>\n<tr style=\"height: 24px;\">\n<td style=\"width: 50%; height: 24px;\"><span style=\"color: #000000;\"><strong><span style=\"font-size: 10pt;\">Klawiatura<\/span><\/strong><\/span><\/td>\n<td style=\"width: 50%; height: 24px; text-align: left;\">Pe\u0142na<\/td>\n<\/tr>\n<tr style=\"height: 24px;\">\n<td style=\"width: 50%; height: 24px;\"><span style=\"color: #000000;\"><strong><span style=\"font-size: 10pt;\">Obrotowe pokr\u0119t\u0142o w\u0142\u0105czania wy\u0142\u0105czania g\u0142osu<\/span><\/strong><\/span><\/td>\n<td style=\"width: 50%; height: 24px; text-align: left;\"><span style=\"font-size: 10pt; color: #000000;\">Tak<\/span><\/td>\n<\/tr>\n<\/tbody>\n<\/table>\n<p>&nbsp;<\/p>\n<p><span style=\"font-size: 18pt; color: #000000;\"><strong>W\u0142a\u015bciwo\u015bci urz\u0105dze\u0144 radiowych:<\/strong><\/span><\/p>\n<table style=\"border-collapse: collapse; width: 100%; height: 474px;\" border=\"1\">\n<tbody>\n<tr style=\"height: 66px;\">\n<td style=\"width: 50%; height: 10px;\"><span style=\"color: #000000;\"><strong><span style=\"font-size: 10pt;\">Odst\u0119p mi\u0119dzykana\u0142owy (kHz)<\/span><\/strong><\/span><\/td>\n<td style=\"width: 50%; height: 10px; text-align: left;\"><span style=\"font-size: 10pt; color: #000000;\">12.5, 25, 20<br \/>\n<\/span><\/td>\n<\/tr>\n<tr style=\"height: 66px;\">\n<td style=\"width: 50%; height: 32px;\"><span style=\"color: #000000;\"><strong><span style=\"font-size: 10pt;\">Monitor sta\u0142y<\/span><\/strong><\/span><\/td>\n<td style=\"width: 50%; height: 32px; text-align: left;\"><span style=\"font-size: 10pt; color: #000000;\">Tak<\/span><\/td>\n<\/tr>\n<tr style=\"height: 66px;\">\n<td style=\"width: 50%; height: 29px;\"><span style=\"color: #000000;\"><strong><span style=\"font-size: 10pt;\">Uruchamianie g\u0142osem (VOX)<\/span><\/strong><\/span><\/td>\n<td style=\"width: 50%; height: 29px; text-align: left;\"><span style=\"font-size: 10pt; color: #000000;\">Tak<\/span><\/td>\n<\/tr>\n<tr style=\"height: 66px;\">\n<td style=\"width: 50%; height: 26px;\"><span style=\"color: #000000;\"><strong><span style=\"font-size: 10pt;\">Liczba kana\u0142\u00f3w<\/span><\/strong><\/span><\/td>\n<td style=\"width: 50%; height: 26px; text-align: left;\"><span style=\"font-size: 10pt; color: #000000;\">99<\/span><\/td>\n<\/tr>\n<tr style=\"height: 66px;\">\n<td style=\"width: 50%; height: 24px;\"><span style=\"color: #000000;\"><strong><span style=\"font-size: 10pt;\">Szyfrowanie<\/span><\/strong><\/span><\/td>\n<td style=\"width: 50%; height: 24px; text-align: left;\"><span style=\"font-size: 10pt; color: #000000;\">Wbudowane<\/span><\/td>\n<\/tr>\n<tr style=\"height: 24px;\">\n<td style=\"width: 50%; height: 24px;\"><span style=\"color: #000000;\"><strong><span style=\"font-size: 10pt;\">Wybieranie selektywne<\/span><\/strong><\/span><\/td>\n<td style=\"width: 50%; height: 24px; text-align: left;\"><span style=\"font-size: 10pt; color: #000000;\">Tak<\/span><\/td>\n<\/tr>\n<tr style=\"height: 24px;\">\n<td style=\"width: 50%; height: 24px;\"><span style=\"color: #000000;\"><strong><span style=\"font-size: 10pt;\">Skanowanie kana\u0142\u00f3w<\/span><\/strong><\/span><\/td>\n<td style=\"width: 50%; height: 24px; text-align: left;\"><span style=\"font-size: 10pt; color: #000000;\">Tak<\/span><\/td>\n<\/tr>\n<tr style=\"height: 24px;\">\n<td style=\"width: 50%; height: 24px;\"><span style=\"color: #000000;\"><strong><span style=\"font-size: 10pt;\">Us\u0142uga Talkaround<\/span><\/strong><\/span><\/td>\n<td style=\"width: 50%; height: 24px; text-align: left;\"><span style=\"font-size: 10pt; color: #000000;\">Tak<\/span><\/td>\n<\/tr>\n<tr style=\"height: 24px;\">\n<td style=\"width: 50%; height: 24px;\"><span style=\"color: #000000;\"><strong><span style=\"font-size: 10pt;\">Programowalne przyciski<\/span><\/strong><\/span><\/td>\n<td style=\"width: 50%; height: 24px; text-align: left;\"><span style=\"font-size: 10pt; color: #000000;\">Tak<\/span><\/td>\n<\/tr>\n<tr style=\"height: 24px;\">\n<td style=\"width: 50%; height: 24px;\"><span style=\"color: #000000;\"><strong><span style=\"font-size: 10pt;\">Alias kana\u0142u<\/span><\/strong><\/span><\/td>\n<td style=\"width: 50%; height: 24px; text-align: left;\"><span style=\"font-size: 10pt; color: #000000;\">Tak<\/span><\/td>\n<\/tr>\n<tr style=\"height: 24px;\">\n<td style=\"width: 50%; height: 24px;\"><span style=\"color: #000000;\"><strong><span style=\"font-size: 10pt;\">DTMF<\/span><\/strong><\/span><\/td>\n<td style=\"width: 50%; height: 24px; text-align: left;\"><span style=\"font-size: 10pt; color: #000000;\">Tak<\/span><\/td>\n<\/tr>\n<\/tbody>\n<\/table>\n<p>&nbsp;<\/p>\n<p><span style=\"font-size: 18pt; color: #000000;\"><strong>\u015arodowisko u\u017cytkowe:<\/strong><\/span><\/p>\n<table style=\"border-collapse: collapse; width: 100%;\" border=\"1\">\n<tbody>\n<tr style=\"height: 66px;\">\n<td style=\"width: 50%; height: 10px;\"><span style=\"color: #000000;\"><strong><span style=\"font-size: 10pt;\">Normy IP<\/span><\/strong><\/span><\/td>\n<td style=\"width: 50%; height: 10px; text-align: left;\"><span style=\"font-size: 10pt; color: #000000;\">IP54<\/span><\/td>\n<\/tr>\n<tr style=\"height: 66px;\">\n<td style=\"width: 50%; height: 22px;\"><span style=\"color: #000000;\"><strong><span style=\"font-size: 10pt;\">Test przyspieszonego zu\u017cycia<\/span><\/strong><\/span><\/td>\n<td style=\"width: 50%; height: 22px; text-align: left;\"><span style=\"font-size: 10pt; color: #000000;\">Tak<\/span><\/td>\n<\/tr>\n<tr style=\"height: 66px;\">\n<td style=\"width: 50%; height: 26px;\"><span style=\"color: #000000;\"><strong><span style=\"font-size: 10pt;\">Standardy wojskowe<\/span><\/strong><\/span><\/td>\n<td style=\"width: 50%; height: 26px; text-align: left;\"><span style=\"font-size: 10pt; color: #000000;\">810 C, 810 D, 810 E, 810 F, 810 G<\/span><\/td>\n<\/tr>\n<\/tbody>\n<\/table>\n<p>&nbsp;<\/p>\n<p><span style=\"color: #000000; font-size: 14pt;\"><strong>Materia\u0142y do pobrania:<\/strong><\/span><\/p>\n<p><span style=\"text-decoration: underline;\"><span style=\"color: #000000; text-decoration: underline;\"><img loading=\"lazy\" decoding=\"async\" class=\"alignleft\" src=\"http:\/\/trx.pl\/pliki\/ikony\/pdf.png\" alt=\"\" width=\"35\" height=\"42\" \/><\/span><\/span><\/p>\n<p><a href=\"http:\/\/trx.pl\/pliki\/motorola\/pol_p100_series_data_sheet_lo.pdf\"><strong><span style=\"color: #000000;\">Broszura Motorola P100<\/span><\/strong><\/a>\n<\/div>\n<\/div>\n","protected":false},"excerpt":{"rendered":"<p>Lekki i \u0142atwy w obs\u0142udze radiotelefon z wy\u015bwietlaczem i pe\u0142n\u0105 klawiatur\u0105 na pasmo licencjonowane. Urz\u0105dzenie kierowane do przedsi\u0119biorstw. Zapewnia wysok\u0105 jako\u015b\u0107 w przyst\u0119pnej cenie. Cechy radiotelefonu: lekka i kompaktowa konstrukcja wbudowane szyfrowanie komunikacji g\u0142osowej (opcja) obs\u0142uga aktywacji g\u0142osem ( umo\u017cliwia rozpocz\u0119cie transmisji bez u\u017cycia r\u0105k ) 5 programowalnych przycisk\u00f3w (dost\u0119p do max 10 programowalnych funkcji) [&hellip;]<\/p>\n","protected":false},"author":118,"featured_media":0,"parent":891,"menu_order":0,"comment_status":"closed","ping_status":"closed","template":"","meta":{"footnotes":""},"class_list":["post-1007","page","type-page","status-publish","hentry","post"],"aioseo_notices":[],"_links":{"self":[{"href":"https:\/\/trx.pl\/en\/wp-json\/wp\/v2\/pages\/1007","targetHints":{"allow":["GET"]}}],"collection":[{"href":"https:\/\/trx.pl\/en\/wp-json\/wp\/v2\/pages"}],"about":[{"href":"https:\/\/trx.pl\/en\/wp-json\/wp\/v2\/types\/page"}],"author":[{"embeddable":true,"href":"https:\/\/trx.pl\/en\/wp-json\/wp\/v2\/users\/118"}],"replies":[{"embeddable":true,"href":"https:\/\/trx.pl\/en\/wp-json\/wp\/v2\/comments?post=1007"}],"version-history":[{"count":3,"href":"https:\/\/trx.pl\/en\/wp-json\/wp\/v2\/pages\/1007\/revisions"}],"predecessor-version":[{"id":1104,"href":"https:\/\/trx.pl\/en\/wp-json\/wp\/v2\/pages\/1007\/revisions\/1104"}],"up":[{"embeddable":true,"href":"https:\/\/trx.pl\/en\/wp-json\/wp\/v2\/pages\/891"}],"wp:attachment":[{"href":"https:\/\/trx.pl\/en\/wp-json\/wp\/v2\/media?parent=1007"}],"curies":[{"name":"wp","href":"https:\/\/api.w.org\/{rel}","templated":true}]}}