{"id":1111,"date":"2018-06-29T10:08:31","date_gmt":"2018-06-29T08:08:31","guid":{"rendered":"http:\/\/trx.pl\/?page_id=1111"},"modified":"2018-06-29T10:39:36","modified_gmt":"2018-06-29T08:39:36","slug":"xtr446","status":"publish","type":"page","link":"https:\/\/trx.pl\/en\/radiotelefony\/motorola\/nielicencjonowane\/xtr446\/","title":{"rendered":"Radiotelefon XTR446"},"content":{"rendered":"<div id=\"radio_container\" style=\"width: 100%;\">\n<div id=\"radio_header\">\n<div id=\"radio_image\" style=\"width: 400px; float: left; margin-right: 20px;\"><img decoding=\"async\" src=\"http:\/\/trx.pl\/pliki\/foto\/xtr446.jpg\" width=\"400px\" \/><\/div>\n<div><span style=\"font-size: 18pt; color: #000000;\"><strong>Cechy radiotelefonu<\/strong>&nbsp; &nbsp; <\/span><\/div>\n<div><\/div>\n<div id=\"radio_sdescryption\"><span style=\"color: #000000;\">Lekki i \u0142atwy w obs\u0142udze radiotelefon z wy\u015bwietlaczem i pe\u0142n\u0105 klawiatur\u0105 na pasmo licencjonowane. Urz\u0105dzenie kierowane do przedsi\u0119biorstw. Zapewnia wysok\u0105 jako\u015b\u0107 w przyst\u0119pnej cenie.<\/span><\/div>\n<\/div>\n<div id=\"radio_content\">\n<div class=\"ms-column ie-6 medium-6\">\n<div>\n<div class=\"richtexteditor parbase section\"><span style=\"color: #000000;\"><strong>Zestaw z trybem g\u0142o\u015bnom\u00f3wi\u0105cym (VOX)<\/strong><\/span><br \/>\n<span style=\"color: #000000;\">Dzi\u0119ki dostarczonemu zestawowi nag\u0142ownemu (lub innym zgodnym akcesoriom) radiotelefon mo\u017cna obs\u0142ugiwa\u0107 za pomoc\u0105 polece\u0144 g\u0142osowych, bez anga\u017cowania r\u0105k.<\/span><\/div>\n<div class=\"richtexteditor parbase section\"><span style=\"color: #000000;\"><strong>Monitorowanie pomieszcze\u0144<\/strong><\/span><br \/>\n<span style=\"color: #000000;\">Radiotelefony mo\u017cna rozmie\u015bci\u0107 i ustawi\u0107 tak, aby wykrywa\u0142y g\u0142osy lub d\u017awi\u0119ki i przesy\u0142a\u0142y je do nas\u0142uchuj\u0105cego urz\u0105dzenia bez konieczno\u015bci ka\u017cdorazowego naciskania przycisku nadawania.<\/span><\/div>\n<div class=\"richtexteditor parbase section\"><span style=\"color: #000000;\"><strong>Kody eliminacji zak\u0142\u00f3ce\u0144<\/strong><\/span><br \/>\n<span style=\"color: #000000;\">Do dyspozycji jest 38 kod\u00f3w eliminacji zak\u0142\u00f3ce\u0144, kt\u00f3re mog\u0105 by\u0107 wybrane dla ka\u017cdego z 8 kana\u0142\u00f3w, co zapewnia szeroki zakres ustawie\u0144 kana\u0142owych i mo\u017cliwo\u015bci unikni\u0119cia zak\u0142\u00f3ce\u0144.<\/span><\/div>\n<div class=\"richtexteditor parbase section\"><span style=\"color: #000000;\"><strong>Automatyczne skanowanie kana\u0142\u00f3w<\/strong><\/span><br \/>\n<span style=\"color: #000000;\">Wszystkie kana\u0142y s\u0105 skanowane i aktywno\u015b\u0107 wykrywana jest automatycznie, co pozwala u\u017cytkownikowi szybko odpowiada\u0107 w komunikacji wielokana\u0142owej.<\/span><\/div>\n<div class=\"richtexteditor parbase section\"><span style=\"color: #000000;\"><strong>\u0141atwa i prosta obs\u0142uga<\/strong><\/span><br \/>\n<span style=\"color: #000000;\">Oferuj\u0105c ca\u0142\u0105 gam\u0119 u\u017cytecznych funkcji, XTR446 pozostaje urz\u0105dzeniem prostym i \u0142atwym w u\u017cyciu. Wystarczy nacisn\u0105\u0107 przycisk nadawania, aby pozosta\u0107 w kontakcie z otoczeniem.<\/span><\/div>\n<div class=\"richtexteditor parbase section\"><span style=\"color: #000000;\"><strong>Darmowe dzia\u0142anie<\/strong><\/span><br \/>\n<span style=\"color: #000000;\">Bez op\u0142at licencyjnych. Bez zobowi\u0105za\u0144 umownych. Bez op\u0142at za transmisj\u0119. Bez rachunk\u00f3w.<\/span><\/div>\n<div class=\"richtexteditor parbase section\"><span style=\"color: #000000;\"><strong>Zasi\u0119g rozm\u00f3w<\/strong><\/span><br \/>\n<span style=\"color: #000000;\">Radiotelefony firmy Motorola osi\u0105gaj\u0105 maksymalny mo\u017cliwy zasi\u0119g, zgodny z przepisami PMR446. W zale\u017cno\u015bci od warunk\u00f3w dzia\u0142ania, ukszta\u0142towania terenu i \u015brodowiska, mo\u017cna uzyska\u0107 zasi\u0119g do 8\u00a0km.<\/span><\/div>\n<\/div>\n<\/div>\n<p>&nbsp;<\/p>\n<p><span style=\"font-size: 18pt; color: #000000;\"><strong>Charakterystyka dzia\u0142ania:<\/strong><\/span><\/p>\n<table style=\"border-collapse: collapse; width: 100%;\" border=\"1\">\n<tbody>\n<tr style=\"height: 26px;\">\n<td style=\"width: 50%; height: 10px;\"><strong><span style=\"font-size: 10pt; color: #000000;\">Czas pracy akumulatora (w oparciu o cykl pracy 05 05 90)<\/span><\/strong><\/td>\n<td style=\"width: 50%; height: 10px; text-align: left;\"><span style=\"font-size: 10pt; color: #000000;\">Do 18 godzin <\/span><\/td>\n<\/tr>\n<tr style=\"height: 24px;\">\n<td style=\"width: 50%; height: 24px;\"><strong><span style=\"font-size: 10pt; color: #000000;\">Obszar pokrycia<\/span><\/strong><\/td>\n<td style=\"width: 50%; height: 24px; text-align: left;\"><span style=\"font-size: 10pt; color: #000000;\">Do 8 km, w zale\u017cno\u015bci od terenu i warunk\u00f3w <\/span><\/td>\n<\/tr>\n<tr style=\"height: 24px;\">\n<td style=\"width: 50%; height: 24px;\"><strong><span style=\"font-size: 10pt; color: #000000;\">Pasmo cz\u0119stotliwo\u015bci<\/span><\/strong><\/td>\n<td style=\"width: 50%; height: 24px; text-align: left;\"><span style=\"font-size: 10pt; color: #000000;\">PMR446<\/span><\/td>\n<\/tr>\n<tr style=\"height: 24px;\">\n<td style=\"width: 50%; height: 10px;\"><strong><span style=\"font-size: 10pt; color: #000000;\">Typ chemiczny standardowego akumulatora<\/span><\/strong><\/td>\n<td style=\"width: 50%; height: 10px; text-align: left;\"><span style=\"font-size: 10pt; color: #000000;\">Niklowo-metalowo-wodorkowy<\/span><\/td>\n<\/tr>\n<\/tbody>\n<\/table>\n<p>&nbsp;<\/p>\n<p><span style=\"font-size: 18pt; color: #000000;\"><strong>Parametry fizyczne:<\/strong><\/span><\/p>\n<table style=\"border-collapse: collapse; width: 100%;\" border=\"1\">\n<tbody>\n<tr style=\"height: 26px;\">\n<td style=\"width: 50%; height: 10px;\"><strong><span style=\"font-size: 10pt; color: #000000;\">Wymiary (wys. x szer. x d\u0142.) (ze standardowym akumulatorem)<\/span><\/strong><\/td>\n<td style=\"width: 50%; height: 10px; text-align: left;\"><span style=\"font-size: 10pt; color: #000000;\">178 x 58 x 34 mm (razem z anten\u0105)<br \/>\n<\/span><\/td>\n<\/tr>\n<tr style=\"height: 26px;\">\n<td style=\"width: 50%; height: 10px;\"><strong><span style=\"font-size: 10pt; color: #000000;\">Waga (ze standardowym akumulatorem)<\/span><\/strong><\/td>\n<td style=\"width: 50%; height: 10px; text-align: left;\"><span style=\"font-size: 10pt; color: #000000;\">174 g<\/span><\/td>\n<\/tr>\n<\/tbody>\n<\/table>\n<p><span style=\"font-size: 18pt; color: #000000;\"><strong><br \/>\nW\u0142a\u015bciwo\u015bci urz\u0105dze\u0144 radiowych:<\/strong><\/span><\/p>\n<table style=\"border-collapse: collapse; width: 100%;\" border=\"1\">\n<tbody>\n<tr style=\"height: 26px;\">\n<td style=\"width: 50%; height: 10px;\"><strong><span style=\"color: #000000; font-size: 10pt;\">Skanowanie kana\u0142\u00f3w<\/span><\/strong><\/td>\n<td style=\"width: 50%; height: 10px; text-align: left;\"><span style=\"font-size: 10pt; color: #000000;\">Tak<\/span><\/td>\n<\/tr>\n<tr style=\"height: 26px;\">\n<td style=\"width: 50%; height: 10px;\"><strong><span style=\"color: #000000; font-size: 10pt;\">Liczba kana\u0142\u00f3w<\/span><\/strong><\/td>\n<td style=\"width: 50%; height: 10px; text-align: left;\"><span style=\"font-size: 10pt; color: #000000;\">8<\/span><\/td>\n<\/tr>\n<tr style=\"height: 26px;\">\n<td style=\"width: 50%; height: 10px;\"><strong><span style=\"color: #000000; font-size: 10pt;\">Uruchamianie g\u0142osem (VOX)<\/span><\/strong><\/td>\n<td style=\"width: 50%; height: 10px; text-align: left;\">Tak<\/td>\n<\/tr>\n<\/tbody>\n<\/table>\n<p>&nbsp;<\/p>\n<\/div>\n<\/div>\n","protected":false},"excerpt":{"rendered":"<p>Cechy radiotelefonu&nbsp; &nbsp; Lekki i \u0142atwy w obs\u0142udze radiotelefon z wy\u015bwietlaczem i pe\u0142n\u0105 klawiatur\u0105 na pasmo licencjonowane. Urz\u0105dzenie kierowane do przedsi\u0119biorstw. Zapewnia wysok\u0105 jako\u015b\u0107 w przyst\u0119pnej cenie. Zestaw z trybem g\u0142o\u015bnom\u00f3wi\u0105cym (VOX) Dzi\u0119ki dostarczonemu zestawowi nag\u0142ownemu (lub innym zgodnym akcesoriom) radiotelefon mo\u017cna obs\u0142ugiwa\u0107 za pomoc\u0105 polece\u0144 g\u0142osowych, bez anga\u017cowania r\u0105k. Monitorowanie pomieszcze\u0144 Radiotelefony mo\u017cna rozmie\u015bci\u0107 [&hellip;]<\/p>\n","protected":false},"author":118,"featured_media":0,"parent":895,"menu_order":0,"comment_status":"closed","ping_status":"closed","template":"","meta":{"footnotes":""},"class_list":["post-1111","page","type-page","status-publish","hentry","post"],"aioseo_notices":[],"_links":{"self":[{"href":"https:\/\/trx.pl\/en\/wp-json\/wp\/v2\/pages\/1111","targetHints":{"allow":["GET"]}}],"collection":[{"href":"https:\/\/trx.pl\/en\/wp-json\/wp\/v2\/pages"}],"about":[{"href":"https:\/\/trx.pl\/en\/wp-json\/wp\/v2\/types\/page"}],"author":[{"embeddable":true,"href":"https:\/\/trx.pl\/en\/wp-json\/wp\/v2\/users\/118"}],"replies":[{"embeddable":true,"href":"https:\/\/trx.pl\/en\/wp-json\/wp\/v2\/comments?post=1111"}],"version-history":[{"count":13,"href":"https:\/\/trx.pl\/en\/wp-json\/wp\/v2\/pages\/1111\/revisions"}],"predecessor-version":[{"id":1142,"href":"https:\/\/trx.pl\/en\/wp-json\/wp\/v2\/pages\/1111\/revisions\/1142"}],"up":[{"embeddable":true,"href":"https:\/\/trx.pl\/en\/wp-json\/wp\/v2\/pages\/895"}],"wp:attachment":[{"href":"https:\/\/trx.pl\/en\/wp-json\/wp\/v2\/media?parent=1111"}],"curies":[{"name":"wp","href":"https:\/\/api.w.org\/{rel}","templated":true}]}}