{"id":1113,"date":"2018-06-29T10:09:09","date_gmt":"2018-06-29T08:09:09","guid":{"rendered":"http:\/\/trx.pl\/?page_id=1113"},"modified":"2018-06-29T11:04:06","modified_gmt":"2018-06-29T09:04:06","slug":"clk446","status":"publish","type":"page","link":"https:\/\/trx.pl\/en\/radiotelefony\/motorola\/nielicencjonowane\/clk446\/","title":{"rendered":"Radiotelefon CLK446"},"content":{"rendered":"<div id=\"radio_container\" style=\"width: 100%;\">\n<div id=\"radio_content\">\n<div id=\"radio_image\" style=\"width: 400px; float: left; margin-right: 20px;\"><span style=\"color: #000000;\"><img decoding=\"async\" src=\"http:\/\/trx.pl\/pliki\/foto\/clk446.jpg\" width=\"400px\" \/><\/span><\/div>\n<div><span style=\"font-size: 18pt; color: #000000;\"><strong>Cechy radiotelefonu<\/strong><\/span><\/div>\n<div class=\"columncontrol section\">\n<div class=\"ms-row ms-row-flush\">\n<div class=\"ms-column ie-6 medium-6\">\n<div>\n<div class=\"richtexteditor parbase section\">\n<p><span style=\"color: #000000;\"><b>Personalizacja i produktywno\u015b\u0107 w jednym<\/b><\/span><br \/>\n<span style=\"color: #000000;\">Unikatowa stylizacja modeli CLK przedstawia Twoim klientom profesjonalny wizerunek przedsi\u0119biorstwa, bez \u017cadnych ust\u0119pstw w zakresie wydajno\u015bci. Dzi\u0119ki szerokiej gamie akcesori\u00f3w do noszenia mo\u017cesz zamocowa\u0107 radiotelefon do smyczy, przypi\u0105\u0107 go do kurtki lub paska, a nawet nosi\u0107 go komfortowo na nadgarstku lub ramieniu. Doskona\u0142y wy\u015bwietlacz LED zapewnia widoczno\u015b\u0107 informacji dotycz\u0105cych stanu, np. aktywnego kana\u0142u, poziomu g\u0142o\u015bno\u015bci itp., w dowolnym o\u015bwietleniu.<\/span><\/p>\n<\/div>\n<div class=\"richtexteditor parbase section\">\n<p><span style=\"color: #000000;\"><b>Smuk\u0142y i lekki \u2013 nowa definicja radiotelefonu<\/b><\/span><br \/>\n<span style=\"color: #000000;\">Zaprojektowali\u015bmy model CLK z my\u015bl\u0105 o wszechstronno\u015bci i ca\u0142odziennym komforcie u\u017cytkowania. Antena zosta\u0142a zintegrowana w korpusie radiotelefonu, dzi\u0119ki czemu zredukowano og\u00f3lne rozmiary i zachowano elegancj\u0119 konstrukcji. Przy d\u0142ugo\u015bci 98 mm i grubo\u015bci 13,5 mm radiotelefon jest lekki i \u0142atwy do trzymania w r\u0119ce. Niech nie zwiedzie Ci\u0119 doskona\u0142y wygl\u0105d. Ten model, jak ka\u017cdy radiotelefon Motorola, zosta\u0142 skonstruowany tak, aby sprosta\u0107 codziennym wyzwaniom.<\/span><\/p>\n<\/div>\n<div class=\"richtexteditor parbase section\">\n<p><span style=\"color: #000000;\"><b>Czytelny wy\u015bwietlacz LED w dowolnym o\u015bwietleniu<\/b><\/span><br \/>\n<span style=\"color: #000000;\">Model CLK wykorzystuje doskona\u0142y wy\u015bwietlacz LED, dzi\u0119ki kt\u00f3remu mo\u017cesz kontrolowa\u0107 kluczowe informacje o stanie, np. aktywny kana\u0142, poziomy g\u0142o\u015bno\u015bci czy tryb skanowania, za jednym dotkni\u0119ciem przycisku.<\/span><\/p>\n<\/div>\n<\/div>\n<\/div>\n<div class=\"ms-column ie-6 medium-6\">\n<div>\n<div class=\"richtexteditor parbase section\">\n<p><span style=\"color: #000000;\"><b>Wydajno\u015b\u0107 zgodna z doskona\u0142ym wygl\u0105dem<\/b><\/span><br \/>\n<span style=\"color: #000000;\">Komunikacja za pomoc\u0105 tego przeno\u015bnego radiotelefonu jest bezproblemowa i nie wymaga wysi\u0142ku \u2013 od t\u0119tni\u0105cej \u017cyciem hali sklepowej po cichy korytarz w hotelu. Dzi\u0119ki uznanej technologii firmy Motorola Twoi pracownicy mog\u0105 si\u0119 s\u0142ysze\u0107 i rozmawia\u0107 bez zak\u0142\u00f3ce\u0144 czy szum\u00f3w. Mo\u017cesz mie\u0107 pewno\u015b\u0107, \u017ce rozmawiaj\u0105 ze sob\u0105 wyra\u017anie i niezawodnie w ca\u0142ym dost\u0119pnym zasi\u0119gu.<\/span><\/p>\n<\/div>\n<div class=\"richtexteditor parbase section\">\n<p><span style=\"color: #000000;\"><b>Przeno\u015b urz\u0105dzenie tak jak chcesz<\/b><\/span><br \/>\n<span style=\"color: #000000;\">Wybierz najlepsze akcesorium do przenoszenia, aby uzupe\u0142ni\u0107 swoje miejsce pracy i styl: zapnij smycz, opask\u0119 na r\u0119k\u0119, pasek na nadgarstek, pasek lub klips magnetyczny do centralnego uchwytu w radiotelefonie i zacznij dzia\u0142a\u0107. Wbudowany g\u0142o\u015bnik zapewnia wyra\u017any d\u017awi\u0119k wiadomo\u015bci. U\u017cytkownicy mog\u0105 te\u017c korzysta\u0107 z szerokiej gamy s\u0142uchawek zapewniaj\u0105cych bardziej dyskretn\u0105 komunikacj\u0119, kt\u00f3ra nie zostanie zak\u0142\u00f3cona lub us\u0142yszana przez osoby postronne.<\/span><\/p>\n<\/div>\n<div class=\"richtexteditor parbase section\">\n<p><span style=\"color: #000000;\"><b>Intuicyjne, \u0142atwo dost\u0119pne sterowanie w ruchu<\/b><\/span><br \/>\n<span style=\"color: #000000;\">\u0141atwe do u\u017cycia kontrolki g\u0142o\u015bno\u015bci i menu umo\u017cliwiaj\u0105 wprowadzanie zmian w ustawieniach radiotelefonu. Zmiany s\u0105 natychmiast wy\u015bwietlane na ekranie LED. Du\u017cy przycisk push-to-talk\u00a0zlokalizowany jest z przodu obudowy, dzi\u0119ki czemu\u00a0mo\u017cna go \u0142atwo znale\u017a\u0107 i obs\u0142ugiwa\u0107, nawet bez patrzenia. Funkcja powiadamiania\u00a0g\u0142osowego p\u0142ynnie przeprowadza u\u017cytkownik\u00f3w przez\u00a0elementy menu, gdy nie mog\u0105 spojrze\u0107 na wy\u015bwietlacz radiotelefonu.<\/span><\/p>\n<\/div>\n<\/div>\n<\/div>\n<\/div>\n<\/div>\n<\/div>\n<p>&nbsp;<\/p>\n<p><span style=\"color: #000000;\"><strong>Materia\u0142y do pobrania:<\/strong><\/span><\/p>\n<p><span style=\"color: #000000;\"><img loading=\"lazy\" decoding=\"async\" class=\"alignleft\" src=\"http:\/\/trx.pl\/pliki\/ikony\/pdf.png\" alt=\"\" width=\"35\" height=\"42\" \/><\/span><\/p>\n<p><span style=\"color: #000000;\"><a style=\"color: #000000;\" href=\"http:\/\/trx.pl\/pliki\/motorola\/CLKSeries_SpecificationsSheet.pdf\"><strong><span style=\"text-decoration: underline;\">Specyfikacja Motorola CLK446<\/span><\/strong><\/a><\/span><\/p>\n<\/div>\n","protected":false},"excerpt":{"rendered":"<p>Cechy radiotelefonu Personalizacja i produktywno\u015b\u0107 w jednym Unikatowa stylizacja modeli CLK przedstawia Twoim klientom profesjonalny wizerunek przedsi\u0119biorstwa, bez \u017cadnych ust\u0119pstw w zakresie wydajno\u015bci. Dzi\u0119ki szerokiej gamie akcesori\u00f3w do noszenia mo\u017cesz zamocowa\u0107 radiotelefon do smyczy, przypi\u0105\u0107 go do kurtki lub paska, a nawet nosi\u0107 go komfortowo na nadgarstku lub ramieniu. Doskona\u0142y wy\u015bwietlacz LED zapewnia widoczno\u015b\u0107 informacji [&hellip;]<\/p>\n","protected":false},"author":118,"featured_media":0,"parent":895,"menu_order":0,"comment_status":"closed","ping_status":"closed","template":"","meta":{"footnotes":""},"class_list":["post-1113","page","type-page","status-publish","hentry","post"],"aioseo_notices":[],"_links":{"self":[{"href":"https:\/\/trx.pl\/en\/wp-json\/wp\/v2\/pages\/1113","targetHints":{"allow":["GET"]}}],"collection":[{"href":"https:\/\/trx.pl\/en\/wp-json\/wp\/v2\/pages"}],"about":[{"href":"https:\/\/trx.pl\/en\/wp-json\/wp\/v2\/types\/page"}],"author":[{"embeddable":true,"href":"https:\/\/trx.pl\/en\/wp-json\/wp\/v2\/users\/118"}],"replies":[{"embeddable":true,"href":"https:\/\/trx.pl\/en\/wp-json\/wp\/v2\/comments?post=1113"}],"version-history":[{"count":4,"href":"https:\/\/trx.pl\/en\/wp-json\/wp\/v2\/pages\/1113\/revisions"}],"predecessor-version":[{"id":1144,"href":"https:\/\/trx.pl\/en\/wp-json\/wp\/v2\/pages\/1113\/revisions\/1144"}],"up":[{"embeddable":true,"href":"https:\/\/trx.pl\/en\/wp-json\/wp\/v2\/pages\/895"}],"wp:attachment":[{"href":"https:\/\/trx.pl\/en\/wp-json\/wp\/v2\/media?parent=1113"}],"curies":[{"name":"wp","href":"https:\/\/api.w.org\/{rel}","templated":true}]}}