{"id":1157,"date":"2018-06-29T11:32:24","date_gmt":"2018-06-29T09:32:24","guid":{"rendered":"http:\/\/trx.pl\/?page_id=1157"},"modified":"2018-06-29T12:02:06","modified_gmt":"2018-06-29T10:02:06","slug":"t40","status":"publish","type":"page","link":"https:\/\/trx.pl\/en\/radiotelefony\/motorola\/konsumenckie\/t40\/","title":{"rendered":"Radiotelefon Motorola T40"},"content":{"rendered":"<div id=\"radio_container\" style=\"width: 100%;\">\n<div id=\"radio_header\">\n<div id=\"radio_image\" style=\"width: 400px; float: left; margin-right: 20px;\"><img decoding=\"async\" src=\"http:\/\/trx.pl\/pliki\/foto\/t40.jpg\" width=\"400px\" \/><\/div>\n<div id=\"radio_sdescryption\">\n<p>Dzi\u0119ki wodoodpornej konstrukcji, wytrzyma\u0142ej obudowie i zasi\u0119gu do 10 km<sup>2<\/sup> model T92 H2O pozwoli Ci zawsze pozosta\u0107 w kontakcie z rodzin\u0105 i znajomymi.<\/p>\n<\/div>\n<\/div>\n<div id=\"radio_content\"><span style=\"font-size: 16pt; color: #000000;\"><strong>Cechy radiotelefonu:<\/strong><\/span><\/div>\n<div>Prosty, kompaktowy i \u0142atwy w obs\u0142udze dla ca\u0142ej rodziny: na zakupach, na pla\u017cy lub podczas zabawy w parku: TLKR T40 to doskona\u0142y spos\u00f3b komunikacji, gdy nie ma Ci\u0119 w domu.Radiotelefon T40 nie wymaga licencji, a jego kluczowe funkcje obejmuj\u0105 wy\u015bwietlacz LCD, obs\u0142ug\u0119 8 kana\u0142\u00f3w oraz zasi\u0119g nawet do 6 km, a wszystko to bez \u017cadnych op\u0142at za rozmowy.<\/div>\n<div><\/div>\n<div>\n<div class=\"ms-column ie-6 medium-6\">\n<div>\n<div class=\"richtexteditor parbase section\"><b>Podstawowe funkcje<br \/>\n<\/b>\u2022 Radiotelefony PMR446 \u2014 nie wymagaj\u0105 licencji<br \/>\n\u2022 Zasi\u0119g do 4 km (w zale\u017cno\u015bci od ukszta\u0142towania terenu i warunk\u00f3w)<br \/>\n\u2022 Darmowe rozmowy<br \/>\n\u2022 8 kana\u0142\u00f3w<br \/>\n\u2022 Skanowanie \/ monitorowanie<br \/>\n\u2022 1 d\u017awi\u0119k dzwonka<br \/>\n\u2022 Zaczep do paska i p\u0119tla mocuj\u0105ca<\/div>\n<div><\/div>\n<div class=\"richtexteditor parbase section\"><b>Cechy mechaniczne<br \/>\n<\/b>\u2022 Wy\u015bwietlacz LCD<br \/>\n\u2022 Blokada klawiatury<br \/>\n\u2022 Wska\u017anik poziomu na\u0142adowania akumulatora<br \/>\n\u2022 Zaczep do paska i p\u0119tla mocuj\u0105ca<br \/>\n\u2022 Moc 500 mW<\/div>\n<div class=\"richtexteditor parbase section\"><b>Powiad<\/b><b>omienia<br \/>\n<\/b>\u2022 1 d\u017awi\u0119k dzwonka<br \/>\n\u2022 D\u017awi\u0119ki klawiatury<br \/>\n\u2022 Potwierdzenie rozmowy \/ Brz\u0119czyk<\/div>\n<\/div>\n<\/div>\n<div class=\"ms-column ie-6 medium-6\">\n<div><\/div>\n<\/div>\n<\/div>\n<\/div>\n","protected":false},"excerpt":{"rendered":"<p>Dzi\u0119ki wodoodpornej konstrukcji, wytrzyma\u0142ej obudowie i zasi\u0119gu do 10 km2 model T92 H2O pozwoli Ci zawsze pozosta\u0107 w kontakcie z rodzin\u0105 i znajomymi. Cechy radiotelefonu: Prosty, kompaktowy i \u0142atwy w obs\u0142udze dla ca\u0142ej rodziny: na zakupach, na pla\u017cy lub podczas zabawy w parku: TLKR T40 to doskona\u0142y spos\u00f3b komunikacji, gdy nie ma Ci\u0119 w domu.Radiotelefon [&hellip;]<\/p>\n","protected":false},"author":118,"featured_media":0,"parent":897,"menu_order":0,"comment_status":"closed","ping_status":"closed","template":"","meta":{"footnotes":""},"class_list":["post-1157","page","type-page","status-publish","hentry","post"],"aioseo_notices":[],"_links":{"self":[{"href":"https:\/\/trx.pl\/en\/wp-json\/wp\/v2\/pages\/1157","targetHints":{"allow":["GET"]}}],"collection":[{"href":"https:\/\/trx.pl\/en\/wp-json\/wp\/v2\/pages"}],"about":[{"href":"https:\/\/trx.pl\/en\/wp-json\/wp\/v2\/types\/page"}],"author":[{"embeddable":true,"href":"https:\/\/trx.pl\/en\/wp-json\/wp\/v2\/users\/118"}],"replies":[{"embeddable":true,"href":"https:\/\/trx.pl\/en\/wp-json\/wp\/v2\/comments?post=1157"}],"version-history":[{"count":8,"href":"https:\/\/trx.pl\/en\/wp-json\/wp\/v2\/pages\/1157\/revisions"}],"predecessor-version":[{"id":1196,"href":"https:\/\/trx.pl\/en\/wp-json\/wp\/v2\/pages\/1157\/revisions\/1196"}],"up":[{"embeddable":true,"href":"https:\/\/trx.pl\/en\/wp-json\/wp\/v2\/pages\/897"}],"wp:attachment":[{"href":"https:\/\/trx.pl\/en\/wp-json\/wp\/v2\/media?parent=1157"}],"curies":[{"name":"wp","href":"https:\/\/api.w.org\/{rel}","templated":true}]}}