{"id":1169,"date":"2018-06-29T11:34:37","date_gmt":"2018-06-29T09:34:37","guid":{"rendered":"http:\/\/trx.pl\/?page_id=1169"},"modified":"2018-06-29T12:14:15","modified_gmt":"2018-06-29T10:14:15","slug":"t61","status":"publish","type":"page","link":"https:\/\/trx.pl\/en\/radiotelefony\/motorola\/konsumenckie\/t61\/","title":{"rendered":"Radiotelefon Motorola T61"},"content":{"rendered":"<div id=\"radio_container\" style=\"width: 100%;\">\n<div id=\"radio_header\">\n<div id=\"radio_image\" style=\"width: 400px; float: left; margin-right: 20px;\"><img decoding=\"async\" src=\"http:\/\/trx.pl\/pliki\/foto\/t61.jpg\" width=\"400px\" \/><\/div>\n<div id=\"radio_sdescryption\">\n<p>Profesjonalnie wyposa\u017cony, wytrzyma\u0142y i stylowy: nowy radiotelefon TLKR T61 to idealne rozwi\u0105zanie, dla os\u00f3b kt\u00f3re chc\u0105 pozosta\u0107 w kontakcie podczas wyjazd\u00f3w w teren. Niezale\u017cnie od tego czy jeste\u015b w domu, na polu namiotowym, czy na wycieczce \u2013 TLKR T61 sprawi, \u017ce b\u0119dziesz zawsze w kontakcie z innymi.<\/p>\n<p>Radiotelefon T61 nie wymaga licencji, a jego kluczowe cechy to: wy\u015bwietlacz LCD, 8 kana\u0142\u00f3w oraz zasi\u0119g nawet do 8 km. A wszystko to bez \u017cadnych op\u0142at za rozmowy.<\/p>\n<\/div>\n<\/div>\n<div id=\"radio_content\"><span style=\"font-size: 16pt; color: #000000;\"><strong>Cechy radiotelefonu:<\/strong><\/span><\/div>\n<p><strong>Najwa\u017cniejsze funkcje<\/strong><br \/>\n\u2022 Radiotelefony PMR446 nie wymagaj\u0105 licencji<br \/>\n\u2022 Zasi\u0119g do 8km (zale\u017cnie od rze\u017aby terenu i warunk\u00f3w pogodowych)<br \/>\n\u2022 Darmowe rozmowy<br \/>\n\u2022 Akumulatory niklowo-metalowo-wodorkowe (w zestawie)<br \/>\n\u2022 8 kana\u0142\u00f3w, 121 kod\u00f3w<br \/>\n\u2022 Wyszukiwanie \/ nas\u0142uchiwanie<br \/>\n\u2022 5 d\u017awi\u0119k\u00f3w po\u0142\u0105cze\u0144<br \/>\n\u2022 Funkcje g\u0142o\u015bnom\u00f3wi\u0105ce<br \/>\n\u2022 Nas\u0142uch w pomieszczeniu<br \/>\n\u2022 Gniazdo s\u0142uchawkowe<\/p>\n<p><strong>Elementy mechaniczne<\/strong><br \/>\n\u2022 Ekran LCD z pod\u015bwietleniem<br \/>\n\u2022 Blokada klawiatury<br \/>\n\u2022 Wska\u017anik poziomu baterii<br \/>\n\u2022 Zapi\u0119cie na pasek i opaska do noszenia<br \/>\n\u2022 Przeka\u017anik 500 mW<br \/>\n\u2022 Gniazdo s\u0142uchawkowe (1 styk)<\/p>\n<p><strong>Sygna\u0142y<\/strong><br \/>\n\u2022 5 d\u017awi\u0119k\u00f3w po\u0142\u0105cze\u0144<br \/>\n\u2022 D\u017awi\u0119ki klawiatury<br \/>\n\u2022 D\u017awi\u0119k potwierdzenia \/ sygna\u0142 odbioru<\/p>\n<p><span style=\"color: #000000; font-size: 14pt;\"><strong>Materia\u0142y do pobrania:<\/strong><\/span><\/p>\n<p><span style=\"text-decoration: underline;\"><span style=\"color: #000000; text-decoration: underline;\"><img loading=\"lazy\" decoding=\"async\" class=\"alignleft\" src=\"http:\/\/trx.pl\/pliki\/ikony\/pdf.png\" alt=\"\" width=\"35\" height=\"42\" \/><\/span><\/span><\/p>\n<p><a href=\"http:\/\/trx.pl\/pliki\/motorola\/en_tlkr_t61_specsheet.pdf\"><strong><span style=\"color: #000000;\">Specyfikacja radiotelefonu Motorola T61<\/span><\/strong><\/a><\/p>\n<\/div>\n","protected":false},"excerpt":{"rendered":"<p>Profesjonalnie wyposa\u017cony, wytrzyma\u0142y i stylowy: nowy radiotelefon TLKR T61 to idealne rozwi\u0105zanie, dla os\u00f3b kt\u00f3re chc\u0105 pozosta\u0107 w kontakcie podczas wyjazd\u00f3w w teren. Niezale\u017cnie od tego czy jeste\u015b w domu, na polu namiotowym, czy na wycieczce \u2013 TLKR T61 sprawi, \u017ce b\u0119dziesz zawsze w kontakcie z innymi. Radiotelefon T61 nie wymaga licencji, a jego kluczowe [&hellip;]<\/p>\n","protected":false},"author":118,"featured_media":0,"parent":897,"menu_order":0,"comment_status":"closed","ping_status":"closed","template":"","meta":{"footnotes":""},"class_list":["post-1169","page","type-page","status-publish","hentry","post"],"aioseo_notices":[],"_links":{"self":[{"href":"https:\/\/trx.pl\/en\/wp-json\/wp\/v2\/pages\/1169","targetHints":{"allow":["GET"]}}],"collection":[{"href":"https:\/\/trx.pl\/en\/wp-json\/wp\/v2\/pages"}],"about":[{"href":"https:\/\/trx.pl\/en\/wp-json\/wp\/v2\/types\/page"}],"author":[{"embeddable":true,"href":"https:\/\/trx.pl\/en\/wp-json\/wp\/v2\/users\/118"}],"replies":[{"embeddable":true,"href":"https:\/\/trx.pl\/en\/wp-json\/wp\/v2\/comments?post=1169"}],"version-history":[{"count":5,"href":"https:\/\/trx.pl\/en\/wp-json\/wp\/v2\/pages\/1169\/revisions"}],"predecessor-version":[{"id":1212,"href":"https:\/\/trx.pl\/en\/wp-json\/wp\/v2\/pages\/1169\/revisions\/1212"}],"up":[{"embeddable":true,"href":"https:\/\/trx.pl\/en\/wp-json\/wp\/v2\/pages\/897"}],"wp:attachment":[{"href":"https:\/\/trx.pl\/en\/wp-json\/wp\/v2\/media?parent=1169"}],"curies":[{"name":"wp","href":"https:\/\/api.w.org\/{rel}","templated":true}]}}