{"id":1172,"date":"2018-06-29T11:35:08","date_gmt":"2018-06-29T09:35:08","guid":{"rendered":"http:\/\/trx.pl\/?page_id=1172"},"modified":"2018-06-29T12:17:56","modified_gmt":"2018-06-29T10:17:56","slug":"t80extreme","status":"publish","type":"page","link":"https:\/\/trx.pl\/en\/radiotelefony\/motorola\/konsumenckie\/t80extreme\/","title":{"rendered":"Radiotelefon Motorola T80 Extreme"},"content":{"rendered":"<div id=\"radio_container\" style=\"width: 100%;\">\n<div id=\"radio_header\">\n<div id=\"radio_image\" style=\"width: 400px; float: left; margin-right: 20px;\"><img decoding=\"async\" src=\"http:\/\/trx.pl\/pliki\/foto\/t80extreme.jpg\" width=\"400px\" \/><\/div>\n<div id=\"radio_sdescryption\">\n<p>TLKR T80 Extreme to maksymalnie zaawansowane urz\u0105dzenie o wzmocnionej konstrukcji pozwalaj\u0105cej na prac\u0119 przy ka\u017cdej pogodzie. Przygotuj si\u0119 na przygody w najtrudniejszych warunkach. Radiotelefon TLKR T80 Extreme ma zasi\u0119g do 10 km*, wytrzyma\u0142\u0105 konstrukcj\u0119, kt\u00f3ra jest odporna na dzia\u0142anie wody, a tak\u017ce niezb\u0119dne akcesoria dodatkowe. Pozosta\u0144 w kontakcie nawet w najwi\u0119kszej g\u0142uszy i na najwy\u017cszych szczytach.<\/p>\n<p>Radiotelefon T80 Extreme nie wymaga licencji, a jego kluczowe funkcje obejmuj\u0105 wy\u015bwietlacz LCD, obs\u0142ug\u0119 8 kana\u0142\u00f3w oraz zasi\u0119g nawet do 10* km, a wszystko to bez \u017cadnych op\u0142at za rozmowy.<\/p>\n<\/div>\n<\/div>\n<div id=\"radio_content\"><span style=\"font-size: 16pt; color: #000000;\"><strong>Cechy radiotelefonu:<\/strong><\/span><\/div>\n<p><strong>Podstawowe funkcje<\/strong><br \/>\n\u2022 Radiotelefony PMR446 \u2014 nie wymagaj\u0105 licencji<br \/>\n\u2022 Zasi\u0119g do 10 km (w zale\u017cno\u015bci od ukszta\u0142towania terenu i warunk\u00f3w)<br \/>\n\u2022 Darmowe rozmowy<br \/>\n\u2022 Latarka LED<br \/>\n\u2022 Akumulatory NiMH (w zestawie)<br \/>\n\u2022 8 kana\u0142\u00f3w + 121 kod\u00f3w<br \/>\n\u2022 Skanowanie \/ monitorowanie<br \/>\n\u2022 10 d\u017awi\u0119k\u00f3w dzwonka<br \/>\n\u2022 Bezprzewodowy<br \/>\n\u2022 Latarka LED<br \/>\n\u2022 Praca przy ka\u017cdej pogodzie<br \/>\n\u2022 Wtyczka zestawu s\u0142uchawkowego<br \/>\n\u2022 Futera\u0142 z akcesoriami<\/p>\n<p><strong>Cechy mechaniczne<\/strong><br \/>\n\u2022 Wy\u015bwietlacz LCD z pod\u015bwietleniem<br \/>\n\u2022 Blokada klawiatury<br \/>\n\u2022 Wska\u017anik poziomu na\u0142adowania akumulatora<br \/>\n\u2022 Zaczep do paska i p\u0119tla mocuj\u0105ca<br \/>\n\u2022 Moc 500 mW<br \/>\n\u2022 Odporna na wilgo\u0107 obudowa IPx4<\/p>\n<p><strong>Powiadomienia<\/strong><br \/>\n\u2022 10 d\u017awi\u0119k\u00f3w dzwonka<br \/>\n\u2022 Alarm wibracyjny<br \/>\n\u2022 D\u017awi\u0119ki klawiatury<br \/>\n\u2022 Potwierdzenie rozmowy \/ Brz\u0119czyk<\/p>\n<p><span style=\"color: #000000; font-size: 14pt;\"><strong>Materia\u0142y do pobrania:<\/strong><\/span><\/p>\n<p><span style=\"text-decoration: underline;\"><span style=\"color: #000000; text-decoration: underline;\"><img loading=\"lazy\" decoding=\"async\" class=\"alignleft\" src=\"http:\/\/trx.pl\/pliki\/ikony\/pdf.png\" alt=\"\" width=\"35\" height=\"42\" \/><\/span><\/span><\/p>\n<p><a href=\"http:\/\/trx.pl\/pliki\/motorola\/eng_tlkr_t80extreme_specsheet.pdf\"><strong><span style=\"color: #000000;\">Specyfikacja radiotelefonu Motorola T80 Extreme<\/span><\/strong><\/a><\/p>\n<\/div>\n","protected":false},"excerpt":{"rendered":"<p>TLKR T80 Extreme to maksymalnie zaawansowane urz\u0105dzenie o wzmocnionej konstrukcji pozwalaj\u0105cej na prac\u0119 przy ka\u017cdej pogodzie. Przygotuj si\u0119 na przygody w najtrudniejszych warunkach. Radiotelefon TLKR T80 Extreme ma zasi\u0119g do 10 km*, wytrzyma\u0142\u0105 konstrukcj\u0119, kt\u00f3ra jest odporna na dzia\u0142anie wody, a tak\u017ce niezb\u0119dne akcesoria dodatkowe. Pozosta\u0144 w kontakcie nawet w najwi\u0119kszej g\u0142uszy i na najwy\u017cszych [&hellip;]<\/p>\n","protected":false},"author":118,"featured_media":0,"parent":897,"menu_order":0,"comment_status":"closed","ping_status":"closed","template":"","meta":{"footnotes":""},"class_list":["post-1172","page","type-page","status-publish","hentry","post"],"aioseo_notices":[],"_links":{"self":[{"href":"https:\/\/trx.pl\/en\/wp-json\/wp\/v2\/pages\/1172","targetHints":{"allow":["GET"]}}],"collection":[{"href":"https:\/\/trx.pl\/en\/wp-json\/wp\/v2\/pages"}],"about":[{"href":"https:\/\/trx.pl\/en\/wp-json\/wp\/v2\/types\/page"}],"author":[{"embeddable":true,"href":"https:\/\/trx.pl\/en\/wp-json\/wp\/v2\/users\/118"}],"replies":[{"embeddable":true,"href":"https:\/\/trx.pl\/en\/wp-json\/wp\/v2\/comments?post=1172"}],"version-history":[{"count":4,"href":"https:\/\/trx.pl\/en\/wp-json\/wp\/v2\/pages\/1172\/revisions"}],"predecessor-version":[{"id":1214,"href":"https:\/\/trx.pl\/en\/wp-json\/wp\/v2\/pages\/1172\/revisions\/1214"}],"up":[{"embeddable":true,"href":"https:\/\/trx.pl\/en\/wp-json\/wp\/v2\/pages\/897"}],"wp:attachment":[{"href":"https:\/\/trx.pl\/en\/wp-json\/wp\/v2\/media?parent=1172"}],"curies":[{"name":"wp","href":"https:\/\/api.w.org\/{rel}","templated":true}]}}