{"id":1175,"date":"2018-06-29T11:35:36","date_gmt":"2018-06-29T09:35:36","guid":{"rendered":"http:\/\/trx.pl\/?page_id=1175"},"modified":"2018-06-29T12:20:11","modified_gmt":"2018-06-29T10:20:11","slug":"t80","status":"publish","type":"page","link":"https:\/\/trx.pl\/en\/radiotelefony\/motorola\/konsumenckie\/t80\/","title":{"rendered":"Radiotelefon Motorola T80"},"content":{"rendered":"<div id=\"radio_container\" style=\"width: 100%;\">\n<div id=\"radio_header\">\n<div id=\"radio_image\" style=\"width: 400px; float: left; margin-right: 20px;\"><img decoding=\"async\" src=\"http:\/\/trx.pl\/pliki\/foto\/t80.jpg\" width=\"400px\" \/><\/div>\n<div id=\"radio_sdescryption\">\n<p>Radiotelefon TLKR T80 to zaawansowane i solidne urz\u0105dzenie, kt\u00f3re jest jednocze\u015bnie \u0142atwe w obs\u0142udze i oferuje wszystkie funkcje niezb\u0119dne w trudnych warunkach otoczenia. Pozosta\u0144 w kontakcie dzi\u0119ki urz\u0105dzeniu TLKR T80 \u2014 ma ono zasi\u0119g do 10 km* i posiada liczne funkcje, w tym wbudowan\u0105 latark\u0119 LED oraz odporn\u0105 na wilgo\u0107 obudow\u0119.<\/p>\n<p>Radiotelefon T80 nie wymaga licencji, a jego kluczowe funkcje obejmuj\u0105 wy\u015bwietlacz LCD, obs\u0142ug\u0119 8 kana\u0142\u00f3w oraz zasi\u0119g nawet do 10* km, a wszystko to bez \u017cadnych op\u0142at za rozmowy.<\/p>\n<\/div>\n<\/div>\n<div id=\"radio_content\"><span style=\"font-size: 16pt; color: #000000;\"><strong>Cechy radiotelefonu:<\/strong><\/span><\/div>\n<p><strong>Podstawowe funkcje<\/strong><br \/>\n\u2022 Radiotelefony PMR446 \u2014 nie wymagaj\u0105 licencji<br \/>\n\u2022 Zasi\u0119g do 10 km (w zale\u017cno\u015bci od ukszta\u0142towania terenu i warunk\u00f3w)<br \/>\n\u2022 Darmowe rozmowy<br \/>\n\u2022 Akumulatory NiMH (w zestawie)<br \/>\n\u2022 8 kana\u0142\u00f3w + 121 kod\u00f3w<br \/>\n\u2022 Skanowanie \/ monitorowanie<br \/>\n\u2022 10 d\u017awi\u0119k\u00f3w dzwonka<br \/>\n\u2022 Bezprzewodowy<br \/>\n\u2022 Latarka LED<br \/>\n\u2022 Odporny na wilgo\u0107<br \/>\n\u2022 Wtyczka zestawu s\u0142uchawkowego<\/p>\n<p><strong>Cechy mechaniczne<\/strong><br \/>\n\u2022 Wy\u015bwietlacz LCD z pod\u015bwietleniem<br \/>\n\u2022 Blokada klawiatury<br \/>\n\u2022 Wska\u017anik poziomu na\u0142adowania akumulatora<br \/>\n\u2022 Zaczep do paska i p\u0119tla mocuj\u0105ca<br \/>\n\u2022 Moc 500 mW<br \/>\n\u2022 Odporna na wilgo\u0107 obudowa IPx2<\/p>\n<p><strong>Powiadomienia<\/strong><br \/>\n\u2022 10 d\u017awi\u0119k\u00f3w dzwonka<br \/>\n\u2022 Alarm wibracyjny<br \/>\n\u2022 D\u017awi\u0119ki klawiatury<br \/>\n\u2022 Potwierdzenie rozmowy \/ Brz\u0119czyk<\/p>\n<p><span style=\"color: #000000; font-size: 14pt;\"><strong>Materia\u0142y do pobrania:<\/strong><\/span><\/p>\n<p><span style=\"text-decoration: underline;\"><span style=\"color: #000000; text-decoration: underline;\"><img loading=\"lazy\" decoding=\"async\" class=\"alignleft\" src=\"http:\/\/trx.pl\/pliki\/ikony\/pdf.png\" alt=\"\" width=\"35\" height=\"42\" \/><\/span><\/span><\/p>\n<p><a href=\"http:\/\/trx.pl\/pliki\/motorola\/eng_tlkr_t80_specsheet.pdf\"><strong><span style=\"color: #000000;\">Specyfikacja radiotelefonu Motorola T80<\/span><\/strong><\/a><\/p>\n<\/div>\n","protected":false},"excerpt":{"rendered":"<p>Radiotelefon TLKR T80 to zaawansowane i solidne urz\u0105dzenie, kt\u00f3re jest jednocze\u015bnie \u0142atwe w obs\u0142udze i oferuje wszystkie funkcje niezb\u0119dne w trudnych warunkach otoczenia. Pozosta\u0144 w kontakcie dzi\u0119ki urz\u0105dzeniu TLKR T80 \u2014 ma ono zasi\u0119g do 10 km* i posiada liczne funkcje, w tym wbudowan\u0105 latark\u0119 LED oraz odporn\u0105 na wilgo\u0107 obudow\u0119. Radiotelefon T80 nie wymaga [&hellip;]<\/p>\n","protected":false},"author":118,"featured_media":0,"parent":897,"menu_order":0,"comment_status":"closed","ping_status":"closed","template":"","meta":{"footnotes":""},"class_list":["post-1175","page","type-page","status-publish","hentry","post"],"aioseo_notices":[],"_links":{"self":[{"href":"https:\/\/trx.pl\/en\/wp-json\/wp\/v2\/pages\/1175","targetHints":{"allow":["GET"]}}],"collection":[{"href":"https:\/\/trx.pl\/en\/wp-json\/wp\/v2\/pages"}],"about":[{"href":"https:\/\/trx.pl\/en\/wp-json\/wp\/v2\/types\/page"}],"author":[{"embeddable":true,"href":"https:\/\/trx.pl\/en\/wp-json\/wp\/v2\/users\/118"}],"replies":[{"embeddable":true,"href":"https:\/\/trx.pl\/en\/wp-json\/wp\/v2\/comments?post=1175"}],"version-history":[{"count":4,"href":"https:\/\/trx.pl\/en\/wp-json\/wp\/v2\/pages\/1175\/revisions"}],"predecessor-version":[{"id":1216,"href":"https:\/\/trx.pl\/en\/wp-json\/wp\/v2\/pages\/1175\/revisions\/1216"}],"up":[{"embeddable":true,"href":"https:\/\/trx.pl\/en\/wp-json\/wp\/v2\/pages\/897"}],"wp:attachment":[{"href":"https:\/\/trx.pl\/en\/wp-json\/wp\/v2\/media?parent=1175"}],"curies":[{"name":"wp","href":"https:\/\/api.w.org\/{rel}","templated":true}]}}