{"id":1178,"date":"2018-06-29T11:36:07","date_gmt":"2018-06-29T09:36:07","guid":{"rendered":"http:\/\/trx.pl\/?page_id=1178"},"modified":"2018-06-29T12:22:46","modified_gmt":"2018-06-29T10:22:46","slug":"t81","status":"publish","type":"page","link":"https:\/\/trx.pl\/en\/radiotelefony\/motorola\/konsumenckie\/t81\/","title":{"rendered":"Radiotelefon Motorola T81 Hunter"},"content":{"rendered":"<div id=\"radio_container\" style=\"width: 100%;\">\n<div id=\"radio_header\">\n<div id=\"radio_image\" style=\"width: 400px; float: left; margin-right: 20px;\"><img decoding=\"async\" src=\"http:\/\/trx.pl\/pliki\/foto\/t81.jpg\" width=\"400px\" \/><\/div>\n<div id=\"radio_sdescryption\">\n<p>Model TLKR T81 Hunter ma wzmocnion\u0105 konstrukcj\u0119 i wytrzyma ka\u017cd\u0105 pogod\u0119. Dzi\u0119ki niemu pozostaniesz w kontakcie z innymi podczas swoich wypraw. Jest wygodny w u\u017cyciu i dysponuje zasi\u0119giem do 10 km*, tak aby wasza grupa nie straci\u0142a \u0142\u0105czno\u015bci na du\u017cej przestrzeni. W zestawie znajdziesz zapi\u0119cie na pasek, smycz, zapasowy akumulator, zasilacz stacjonarny i podr\u00f3\u017cn\u0105 \u0142adowark\u0119. W ten spos\u00f3b T81 Hunter b\u0119dzie zawsze pod r\u0119k\u0105 i gotowy do drogi.<\/p>\n<p>Radiotelefon T81 Hunter nie wymaga licencji, a jego kluczowe cechy to: wy\u015bwietlacz LCD, 8 kana\u0142\u00f3w oraz zasi\u0119g nawet do 10 km. A wszystko to bez \u017cadnych op\u0142at za rozmowy.<\/p>\n<\/div>\n<\/div>\n<div id=\"radio_content\"><span style=\"font-size: 16pt; color: #000000;\"><strong>Cechy radiotelefonu:<\/strong><\/span><\/div>\n<p><strong>Najwa\u017cniejsze funkcje<\/strong><br \/>\n\u2022 Radiotelefony PMR446 nie wymagaj\u0105 licencji<br \/>\n\u2022 Zasi\u0119g do 10km (zale\u017cnie od rze\u017aby terenu i warunk\u00f3w pogodowych)<br \/>\n\u2022 Darmowe rozmowy<br \/>\n\u2022 Akumulatory niklowo-metalowo-wodorkowe (w zestawie)<br \/>\n\u2022 8 kana\u0142\u00f3w, 121 kod\u00f3w<br \/>\n\u2022 Wyszukiwanie \/ nas\u0142uchiwanie<br \/>\n\u2022 10 d\u017awi\u0119k\u00f3w po\u0142\u0105cze\u0144<br \/>\n\u2022 Funkcje g\u0142o\u015bnom\u00f3wi\u0105ce<br \/>\n\u2022 Latarka LED<br \/>\n\u2022 Odporny na trudne warunki pogodowe<br \/>\n\u2022 Gniazdo s\u0142uchawkowe<br \/>\n\u2022 Podr\u0119czny futera\u0142 z akcesoriami<\/p>\n<p><strong>Elementy mechaniczne<\/strong><br \/>\n\u2022 Ekran LCD z pod\u015bwietleniem<br \/>\n\u2022 Blokada klawiatury<br \/>\n\u2022 Wska\u017anik poziomu baterii<br \/>\n\u2022 Zapi\u0119cie na pasek i opaska do noszenia<br \/>\n\u2022 Przeka\u017anik 500 mW<br \/>\n\u2022 Odporny na trudne warunki pogodowe (norma IPx4)<\/p>\n<p><strong>Sygna\u0142y<\/strong><br \/>\n\u2022 10 d\u017awi\u0119k\u00f3w po\u0142\u0105cze\u0144<br \/>\n\u2022 Wibracje<br \/>\n\u2022 D\u017awi\u0119ki klawiatury<br \/>\n\u2022 D\u017awi\u0119k potwierdzenia \/ sygna\u0142 odbioru<\/p>\n<p><span style=\"color: #000000; font-size: 14pt;\"><strong>Materia\u0142y do pobrania:<\/strong><\/span><\/p>\n<p><span style=\"text-decoration: underline;\"><span style=\"color: #000000; text-decoration: underline;\"><img loading=\"lazy\" decoding=\"async\" class=\"alignleft\" src=\"http:\/\/trx.pl\/pliki\/ikony\/pdf.png\" alt=\"\" width=\"35\" height=\"42\" \/><\/span><\/span><\/p>\n<p><a href=\"http:\/\/trx.pl\/pliki\/motorola\/en_tlkr_t81hunter_specsheet.pdf\"><strong><span style=\"color: #000000;\">Specyfikacja radiotelefonu Motorola T81<\/span><\/strong><\/a><\/p>\n<\/div>\n","protected":false},"excerpt":{"rendered":"<p>Model TLKR T81 Hunter ma wzmocnion\u0105 konstrukcj\u0119 i wytrzyma ka\u017cd\u0105 pogod\u0119. Dzi\u0119ki niemu pozostaniesz w kontakcie z innymi podczas swoich wypraw. Jest wygodny w u\u017cyciu i dysponuje zasi\u0119giem do 10 km*, tak aby wasza grupa nie straci\u0142a \u0142\u0105czno\u015bci na du\u017cej przestrzeni. W zestawie znajdziesz zapi\u0119cie na pasek, smycz, zapasowy akumulator, zasilacz stacjonarny i podr\u00f3\u017cn\u0105 \u0142adowark\u0119. [&hellip;]<\/p>\n","protected":false},"author":118,"featured_media":0,"parent":897,"menu_order":0,"comment_status":"closed","ping_status":"closed","template":"","meta":{"footnotes":""},"class_list":["post-1178","page","type-page","status-publish","hentry","post"],"aioseo_notices":[],"_links":{"self":[{"href":"https:\/\/trx.pl\/en\/wp-json\/wp\/v2\/pages\/1178","targetHints":{"allow":["GET"]}}],"collection":[{"href":"https:\/\/trx.pl\/en\/wp-json\/wp\/v2\/pages"}],"about":[{"href":"https:\/\/trx.pl\/en\/wp-json\/wp\/v2\/types\/page"}],"author":[{"embeddable":true,"href":"https:\/\/trx.pl\/en\/wp-json\/wp\/v2\/users\/118"}],"replies":[{"embeddable":true,"href":"https:\/\/trx.pl\/en\/wp-json\/wp\/v2\/comments?post=1178"}],"version-history":[{"count":5,"href":"https:\/\/trx.pl\/en\/wp-json\/wp\/v2\/pages\/1178\/revisions"}],"predecessor-version":[{"id":1219,"href":"https:\/\/trx.pl\/en\/wp-json\/wp\/v2\/pages\/1178\/revisions\/1219"}],"up":[{"embeddable":true,"href":"https:\/\/trx.pl\/en\/wp-json\/wp\/v2\/pages\/897"}],"wp:attachment":[{"href":"https:\/\/trx.pl\/en\/wp-json\/wp\/v2\/media?parent=1178"}],"curies":[{"name":"wp","href":"https:\/\/api.w.org\/{rel}","templated":true}]}}