{"id":1184,"date":"2018-06-29T11:37:52","date_gmt":"2018-06-29T09:37:52","guid":{"rendered":"http:\/\/trx.pl\/?page_id=1184"},"modified":"2018-06-29T12:29:29","modified_gmt":"2018-06-29T10:29:29","slug":"t82extreme","status":"publish","type":"page","link":"https:\/\/trx.pl\/en\/radiotelefony\/motorola\/konsumenckie\/t82extreme\/","title":{"rendered":"Radiotelefon Motorola T82 Extreme"},"content":{"rendered":"<div id=\"radio_container\" style=\"width: 100%;\">\n<div id=\"radio_header\">\n<div id=\"radio_image\" style=\"width: 400px; float: left; margin-right: 20px;\"><img decoding=\"async\" src=\"http:\/\/trx.pl\/pliki\/foto\/t82extreme.jpg\" width=\"400px\" \/><\/div>\n<div id=\"radio_sdescryption\">\n<p>Radiotelefon TALKABOUT T82 Extreme to wytrzyma\u0142y towarzysz podr\u00f3\u017cy, nieoceniony podczas najbardziej wymagaj\u0105cych wypraw. T82 Extreme jest odporny na dzia\u0142anie czynnik\u00f3w pogodowych (IPx4), dzi\u0119ki czemu doskonale sprawdza si\u0119 w najtrudniejszych warunkach. Nowy, dyskretny wy\u015bwietlacz u\u0142atwia prowadzenie rozm\u00f3w i aktywuje si\u0119 wtedy, kiedy tego potrzebujesz. Dzi\u0119ki przyciskowi szybkiego parowania konfiguracja przebiega b\u0142yskawicznie. Wbudowana latarka LED zapewnia \u015bwiat\u0142o w sytuacjach awaryjnych, co umo\u017cliwia czytanie mapy po zapadni\u0119ciu zmroku. Dzi\u0119ki niezb\u0119dnym akcesoriom i zasi\u0119gowi do 10 km* radiotelefon TALKABOUT T82 Extreme zapewni Ci \u0142\u0105czno\u015b\u0107 na trudnych wyprawach i na najwy\u017cszych szczytach.<\/p>\n<p>Wszystko to w por\u0119cznej obudowie, dost\u0119pne w zestawach podw\u00f3jnych, poczw\u00f3rnych i ze zdalnym mikrofonog\u0142o\u015bnikiem.<\/p>\n<\/div>\n<\/div>\n<div id=\"radio_content\"><span style=\"font-size: 16pt; color: #000000;\"><strong>Cechy radiotelefonu:<\/strong><\/span><\/div>\n<ul>\n<li>Radiotelefony PMR446 \u2014 nie wymagaj\u0105 licencji<\/li>\n<li>Odporno\u015b\u0107 na dzia\u0142anie czynnik\u00f3w pogodowych IPx4<\/li>\n<li>\u0141atwe parowanie u\u0142atwia konfiguracj\u0119 po\u0142\u0105czenia grupowego<\/li>\n<li>Dyskretny ekran wy\u015bwietla informacje o statusie radiotelefonu<\/li>\n<li>Latarka LED<\/li>\n<li>16 kana\u0142\u00f3w* i 121 kod\u00f3w prywatno\u015bci<\/li>\n<li>Podw\u00f3jne zasilanie: standardowe baterie alkaliczne AA lub akumulatory NiMH wielokrotnego \u0142adowania (w zestawie)<\/li>\n<li>\u0141adowanie przez USB<\/li>\n<li>Alarm wibracyjny<\/li>\n<li>Tryb g\u0142o\u015bnom\u00f3wi\u0105cy<\/li>\n<li>Zasi\u0119g do 10 km**<\/li>\n<li>Naklejki do personalizacji<\/li>\n<li>Dost\u0119pne w r\u00f3\u017cnych wersjach (zestawy podw\u00f3jne, poczw\u00f3rne i ze zdalnym mikrofonog\u0142o\u015bnikiem)<\/li>\n<\/ul>\n<p>* W Rosji ograniczenie prawne do 8 kana\u0142\u00f3w. Patrz podr\u0119cznik u\u017cytkownika.<\/p>\n<p>** W zale\u017cno\u015bci od terenu i warunk\u00f3w.<\/p>\n<p><span style=\"color: #000000; font-size: 14pt;\"><strong>Materia\u0142y do pobrania:<\/strong><\/span><\/p>\n<p><span style=\"text-decoration: underline;\"><span style=\"color: #000000; text-decoration: underline;\"><img loading=\"lazy\" decoding=\"async\" class=\"alignleft\" src=\"http:\/\/trx.pl\/pliki\/ikony\/pdf.png\" alt=\"\" width=\"35\" height=\"42\" \/><\/span><\/span><\/p>\n<p><a href=\"http:\/\/trx.pl\/pliki\/motorola\/talkabout_t82extreme_datasheet_eng.pdf\"><strong><span style=\"color: #000000;\">Specyfikacja radiotelefonu Motorola T82 Extreme<\/span><\/strong><\/a><\/p>\n<\/div>\n","protected":false},"excerpt":{"rendered":"<p>Radiotelefon TALKABOUT T82 Extreme to wytrzyma\u0142y towarzysz podr\u00f3\u017cy, nieoceniony podczas najbardziej wymagaj\u0105cych wypraw. T82 Extreme jest odporny na dzia\u0142anie czynnik\u00f3w pogodowych (IPx4), dzi\u0119ki czemu doskonale sprawdza si\u0119 w najtrudniejszych warunkach. Nowy, dyskretny wy\u015bwietlacz u\u0142atwia prowadzenie rozm\u00f3w i aktywuje si\u0119 wtedy, kiedy tego potrzebujesz. Dzi\u0119ki przyciskowi szybkiego parowania konfiguracja przebiega b\u0142yskawicznie. Wbudowana latarka LED zapewnia \u015bwiat\u0142o [&hellip;]<\/p>\n","protected":false},"author":118,"featured_media":0,"parent":897,"menu_order":0,"comment_status":"closed","ping_status":"closed","template":"","meta":{"footnotes":""},"class_list":["post-1184","page","type-page","status-publish","hentry","post"],"aioseo_notices":[],"_links":{"self":[{"href":"https:\/\/trx.pl\/en\/wp-json\/wp\/v2\/pages\/1184","targetHints":{"allow":["GET"]}}],"collection":[{"href":"https:\/\/trx.pl\/en\/wp-json\/wp\/v2\/pages"}],"about":[{"href":"https:\/\/trx.pl\/en\/wp-json\/wp\/v2\/types\/page"}],"author":[{"embeddable":true,"href":"https:\/\/trx.pl\/en\/wp-json\/wp\/v2\/users\/118"}],"replies":[{"embeddable":true,"href":"https:\/\/trx.pl\/en\/wp-json\/wp\/v2\/comments?post=1184"}],"version-history":[{"count":4,"href":"https:\/\/trx.pl\/en\/wp-json\/wp\/v2\/pages\/1184\/revisions"}],"predecessor-version":[{"id":1224,"href":"https:\/\/trx.pl\/en\/wp-json\/wp\/v2\/pages\/1184\/revisions\/1224"}],"up":[{"embeddable":true,"href":"https:\/\/trx.pl\/en\/wp-json\/wp\/v2\/pages\/897"}],"wp:attachment":[{"href":"https:\/\/trx.pl\/en\/wp-json\/wp\/v2\/media?parent=1184"}],"curies":[{"name":"wp","href":"https:\/\/api.w.org\/{rel}","templated":true}]}}