{"id":1187,"date":"2018-06-29T11:38:23","date_gmt":"2018-06-29T09:38:23","guid":{"rendered":"http:\/\/trx.pl\/?page_id=1187"},"modified":"2018-06-29T11:58:45","modified_gmt":"2018-06-29T09:58:45","slug":"t92h2o","status":"publish","type":"page","link":"https:\/\/trx.pl\/en\/radiotelefony\/motorola\/konsumenckie\/t92h2o\/","title":{"rendered":"Radiotelefon Motorola T92 H2O"},"content":{"rendered":"<div id=\"radio_container\" style=\"width: 100%;\">\n<div id=\"radio_header\">\n<div id=\"radio_image\" style=\"width: 400px; float: left; margin-right: 20px;\"><img decoding=\"async\" src=\"http:\/\/trx.pl\/pliki\/foto\/t92h2o.jpg\" width=\"400px\" \/><\/div>\n<div id=\"radio_sdescryption\">\n<p>Dzi\u0119ki wodoodpornej konstrukcji, wytrzyma\u0142ej obudowie i zasi\u0119gu do 10 km<sup>2<\/sup> model T92 H2O pozwoli Ci zawsze pozosta\u0107 w kontakcie z rodzin\u0105 i znajomymi.<\/p>\n<\/div>\n<\/div>\n<div id=\"radio_content\"><span style=\"font-size: 16pt; color: #000000;\"><strong>Cechy radiotelefonu:<\/strong><\/span><br \/>\n<strong>Wodoszczelno\u015b\u0107 klasy IP671<\/strong><br \/>\nWodoodporny radiotelefon dwukierunkowy T92 H2O zapewnia \u0142\u0105czno\u015b\u0107 w ka\u017cdym miejscu na l\u0105dzie i na morzu. Uszczelnienia klasy IP67 gwarantuj\u0105, \u017ce model T92 H2O wytrzyma zanurzenie na g\u0142\u0119boko\u015b\u0107 do 1 m przez 30 minut i przetrwa nawet najwi\u0119ksz\u0105 ulew\u0119.<\/div>\n<div><\/div>\n<div><strong>Konstrukcja unosz\u0105ca si\u0119 na wodzie ekranem do g\u00f3ry i latarka aktywowana po zetkni\u0119ciu z wod\u0105 <sup>1<\/sup><\/strong><br \/>\nDzi\u0119ki wysi\u0142kom in\u017cynier\u00f3w radiotelefon unosi si\u0119 na wodzie i jest widoczny na powierzchni wody. Latarka aktywowana po zetkni\u0119ciu z wod\u0105 jeszcze bardziej u\u0142atwia jego znalezienie.<strong>Zadbaj o gotowo\u015b\u0107 na wypadek niebezpiecze\u0144stwa <sup>3<\/sup><\/strong><br \/>\nRadiotelefon jest wyposa\u017cony w funkcj\u0119 alarmu, kt\u00f3ra zapewnia spok\u00f3j ducha podczas wypraw z dala od cywilizacji. W przypadku niebezpiecze\u0144stwa pozosta\u0142e osoby otrzymuj\u0105 natychmiastowe powiadomienie. Po naci\u015bni\u0119ciu przycisku alarmowego radiotelefon emituje sygna\u0142 alarmowy, po kt\u00f3rym nast\u0119puje transmisja \u0142\u0105czno\u015bci g\u0142osowej lub d\u017awi\u0119k\u00f3w otoczenia. Pozwala to na przes\u0142anie sygna\u0142u do innych radiotelefon\u00f3w w celu ostrze\u017cenia o nadchodz\u0105cym niebezpiecze\u0144stwie.Mo\u017cesz r\u00f3wnie\u017c skorzysta\u0107 z gwizdka w zaczepie na pasek, aby powiadomi\u0107 inne osoby, \u017ce potrzebujesz pomocy. Dodatkowo wbudowana latarka LED zapewnia spok\u00f3j ducha podczas wieczornych wypad\u00f3w, nieoczekiwanych awarii czy braku pr\u0105du.<strong>Zaawansowana wbudowana latarka z bia\u0142ym i czerwonym \u015bwiat\u0142em LED<\/strong><br \/>\nWybierz bia\u0142e \u015bwiat\u0142o LED wbudowanej latarki, aby o\u015bwietli\u0107 sobie drog\u0119 podczas wieczornej eskapady lub w przypadku nieoczekiwanych awarii b\u0105d\u017a braku pr\u0105du. Je\u015bli Twoje przygody maj\u0105 miejsce po zmroku, na przyk\u0142ad lubisz obserwowa\u0107 gwiazdy lub bra\u0107 udzia\u0142 w nocnych polowaniach, a musisz mie\u0107 mo\u017cliwo\u015b\u0107 obserwowania map, wykres\u00f3w lub innych dokument\u00f3w, prze\u0142\u0105cz si\u0119 na czerwone \u015bwiat\u0142o LED. Dzi\u0119ki temu b\u0119dzie mo\u017cna czyta\u0107 bez rezygnowania z noktowizora.<strong>Zasilanie na czas przygody<\/strong><br \/>\nIstniej\u0105 dwa sposoby zasilania radiotelefonu: z do\u0142\u0105czonych akumulator\u00f3w NiMH zapewniaj\u0105cych do 16 godzin pracy lub z trzech baterii AA, kt\u00f3re zapewniaj\u0105 do 23 godzin pracy. Wraz z modelem T92 H2O dostarczana jest \u0142adowarka dwustanowiskowa, kt\u00f3ra pozwala na \u0142adowanie dw\u00f3ch radiotelefon\u00f3w jednocze\u015bnie podczas jazdy samochodem lub furgonetk\u0105. Kable \u0142adowarki USB mo\u017cna wypi\u0105\u0107, co pozwala na\u0142adowa\u0107 radiotelefon po pod\u0142\u0105czeniu go do z\u0142\u0105cza USB komputera.<\/p>\n<p><strong>8 kana\u0142\u00f3w i 121 kod\u00f3w prywatno\u015bci<\/strong><br \/>\nDzi\u0119ki 8 kana\u0142om i 121 kodom prywatno\u015bci, zapewniaj\u0105cym \u0142\u0105cznie prawie 1000 kombinacji, \u0142atwo znale\u017a\u0107 dost\u0119pny kana\u0142.<\/p>\n<p><strong>Obs\u0142uga bez u\u017cycia r\u0105k<\/strong><br \/>\nInterfejs iVOX\/VOX pe\u0142ni funkcj\u0119 zestawu g\u0142o\u015bnom\u00f3wi\u0105cego i pozwala na prowadzenie \u0142\u0105czno\u015bci bez u\u017cycia r\u0105k, dzi\u0119ki czemu mo\u017cna odbiera\u0107 po\u0142\u0105czenia bez zatrzymywania si\u0119.<\/p>\n<p><strong>Dostosowywanie d\u017awi\u0119k\u00f3w po\u0142\u0105cze\u0144<\/strong><br \/>\nZdecyduj, co b\u0119d\u0105 s\u0142ysze\u0107 Twoi rozm\u00f3wcy, wybieraj\u0105c przed rozpocz\u0119ciem rozmowy jeden z 20 d\u017awi\u0119k\u00f3w po\u0142\u0105cze\u0144.<\/p>\n<p><strong>Tryb dyskretny<\/strong><br \/>\nFunkcja alarmu wibracyjnego jest przydatna, kiedy g\u0142o\u015bny sygna\u0142 alarmowy jest niepo\u017c\u0105dany.<\/p>\n<p><strong>Szybkie wyszukiwanie kana\u0142u<\/strong><br \/>\nFunkcja skanowania pozwala sprawdzi\u0107, kt\u00f3re kana\u0142y s\u0105 aktualnie u\u017cywane.<\/p>\n<p><strong>Powiadomienie o niskim poziomie akumulator\u00f3w<\/strong><br \/>\nAlarm dotycz\u0105cy niskiego poziomu na\u0142adowania przypomina, kiedy trzeba na\u0142adowa\u0107 akumulatory.<\/p>\n<p><strong>Zgodno\u015b\u0107 z dowolnym radiotelefonem PMR446<\/strong><br \/>\nModel T92 H2O jest zgodny z radiotelefonami PMR446, dzi\u0119ki czemu mo\u017cna komunikowa\u0107 si\u0119 z innymi radiotelefonami TLKR, a nawet radiotelefonami innych producent\u00f3w, korzystaj\u0105c z tego samego kana\u0142u i kodu prywatno\u015bci.<\/p>\n<p><strong>Blokada klawiatury<\/strong><br \/>\nBlokada klawiatury zapobiega przypadkowej zmianie spersonalizowanych ustawie\u0144.<\/p>\n<p><strong>Opcjonalne baterie o zwi\u0119kszonej pojemno\u015bci<\/strong><br \/>\nCiesz si\u0119 godzinami nieprzerwanej aktywno\u015bci na \u015bwie\u017cym powietrzu, korzystaj\u0105c z baterii o zwi\u0119kszonej pojemno\u015bci. (Baterie o zwi\u0119kszonej pojemno\u015bci s\u0105 sprzedawane osobno).<\/p>\n<p><strong>Zestaw T92 H2O obejmuje:<\/strong><\/p>\n<p>\u2022 2 radiotelefony<br \/>\n\u2022 2 zaczepy do paska z gwizdkiem<br \/>\n\u2022 2 akumulatory NiMH<br \/>\n\u2022 1 \u0142adowark\u0119 samochodow\u0105 z 2 wypinanymi kablami USB<br \/>\n\u2022 1 futera\u0142<br \/>\n\u2022 1 instrukcj\u0119 obs\u0142ugi<\/p>\n<p><sup>1<\/sup> Radiotelefon posiada stopie\u0144 ochrony IP67. Wytrzymuje zanurzenie na g\u0142\u0119boko\u015b\u0107 do 1 m przez 30 minut. Radiotelefon unosi si\u0119 na wodzie z akumulatorem NiMH dost\u0119pnym w zestawie. Mo\u017ce nie unosi\u0107 si\u0119 w przypadku niekt\u00f3rych baterii AA. Zestawu s\u0142uchawkowego nale\u017cy u\u017cywa\u0107 wy\u0142\u0105cznie w suchym otoczeniu.<\/p>\n<p><sup>2<\/sup> Podany zasi\u0119g \u0142\u0105czno\u015bci obliczono w oparciu o test przeprowadzany w optymalnych warunkach przy niezak\u0142\u00f3conej widoczno\u015bci w linii prostej. Rzeczywisty zasi\u0119g jest zale\u017cny od ukszta\u0142towania terenu i warunk\u00f3w, i cz\u0119sto wynosi mniej ni\u017c mo\u017cliwa warto\u015b\u0107 maksymalna. Rzeczywisty zasi\u0119g b\u0119dzie ograniczany kilkoma czynnikami, w tym mi\u0119dzy innymi: ukszta\u0142towaniem terenu, warunkami pogodowymi, zak\u0142\u00f3ceniami elektromagnetycznymi oraz przeszkodami.<\/p>\n<p><sup>3<\/sup> Funkcja alarmowa powinna by\u0107 stosowana wy\u0142\u0105cznie w przypadku rzeczywistej sytuacji alarmowej. Firma Motorola Solutions nie ponosi odpowiedzialno\u015bci za brak odpowiedzi na sygna\u0142 alarmowy ze strony odbiorc\u00f3w.<\/p>\n<p><span style=\"font-size: 18pt; color: #000000;\"><strong>Dane og\u00f3lne:<\/strong><\/span><\/p>\n<table style=\"border-collapse: collapse; width: 100%;\" border=\"1\">\n<tbody>\n<tr style=\"height: 26px;\">\n<td style=\"width: 50%; height: 10px;\"><strong>Zasi\u0119g (warunki optymalne)<\/strong><\/td>\n<td style=\"width: 50%; height: 10px; text-align: left;\"><span style=\"font-size: 10pt; color: #000000;\">Zasi\u0119g do 10 km <sup>1<\/sup><cite class=\"disclaimer\" data-disclaimer=\"Podany zasi\u0119g \u0142\u0105czno\u015bci obliczono w oparciu o test przeprowadzany w optymalnych warunkach przy niezak\u0142\u00f3conej widoczno\u015bci w linii prostej. Rzeczywisty zasi\u0119g jest zale\u017cny od ukszta\u0142towania terenu i warunk\u00f3w, i cz\u0119sto wynosi mniej ni\u017c mo\u017cliwa warto\u015b\u0107 maksymalna. Rzeczywisty zasi\u0119g b\u0119dzie ograniczany kilkoma czynnikami, w tym mi\u0119dzy innymi: ukszta\u0142towaniem terenu, warunkami pogodowymi, zak\u0142\u00f3ceniami elektromagnetycznymi oraz przeszkodami.\"><\/cite><\/span><\/td>\n<\/tr>\n<tr style=\"height: 26px;\">\n<td style=\"width: 50%; height: 22px;\"><strong>Kana\u0142y<\/strong><\/td>\n<td style=\"width: 50%; height: 22px; text-align: left;\"><span style=\"font-size: 10pt; color: #000000;\">8<\/span><\/td>\n<\/tr>\n<tr style=\"height: 26px;\">\n<td style=\"width: 50%; height: 26px;\"><strong>Kody prywatno\u015bci<\/strong><\/td>\n<td style=\"width: 50%; height: 26px; text-align: left;\"><span style=\"font-size: 10pt; color: #000000;\">121<\/span><\/td>\n<\/tr>\n<tr style=\"height: 26px;\">\n<td style=\"width: 50%; height: 18px;\"><strong>Sygna\u0142y po\u0142\u0105czenia<\/strong><\/td>\n<td style=\"width: 50%; text-align: left; height: 18px;\"><span style=\"font-size: 10pt; color: #000000;\">20 standardowych <\/span><\/td>\n<\/tr>\n<tr style=\"height: 26px;\">\n<td style=\"width: 50%; height: 23px;\"><strong>Przycisk alarmowy<\/strong><\/td>\n<td style=\"width: 50%; text-align: left; height: 23px;\"><span style=\"font-size: 10pt; color: #000000;\">Tak<br \/>\n<\/span><\/td>\n<\/tr>\n<tr style=\"height: 26px;\">\n<td style=\"width: 50%; height: 21px;\"><strong>Latarka<\/strong><\/td>\n<td style=\"width: 50%; text-align: left; height: 21px;\"><span style=\"font-size: 10pt; color: #000000;\">Tak<br \/>\n<\/span><\/td>\n<\/tr>\n<tr style=\"height: 26px;\">\n<td style=\"width: 50%; height: 10px;\"><strong>Wymiary<\/strong><\/td>\n<td style=\"width: 50%; text-align: left; height: 10px;\"><span style=\"font-size: 10pt; color: #000000;\">17,8 \u00d7 6,1 \u00d7 3,8 cm<\/span><\/td>\n<\/tr>\n<tr style=\"height: 24px;\">\n<td style=\"width: 50%; height: 24px;\"><strong>Waga<\/strong><\/td>\n<td style=\"width: 50%; text-align: left; height: 24px;\"><span style=\"font-size: 10pt; color: #000000;\">Waga (bez akumulatora): 176 g<\/span>Waga (z akumulatorem): 233 g<\/td>\n<\/tr>\n<tr style=\"height: 24px;\">\n<td style=\"width: 50%; height: 24px;\"><strong>Czas pracy akumulatora<\/strong><\/td>\n<td style=\"width: 50%; text-align: left; height: 24px;\"><span style=\"font-size: 10pt; color: #000000;\">Do 16 godzin z dostarczonymi akumulatorami\u00a0 <cite class=\"disclaimer\" data-disclaimer=\"Z wysokiej jako\u015bci ogniwami alkalicznymi (brak w zestawie).\"><\/cite><sup>2<\/sup><\/span><\/td>\n<\/tr>\n<\/tbody>\n<\/table>\n<div>\n<p><sup>1<\/sup> Podany zasi\u0119g \u0142\u0105czno\u015bci obliczono w oparciu o test przeprowadzany w optymalnych warunkach przy niezak\u0142\u00f3conej widoczno\u015bci w linii prostej. Rzeczywisty zasi\u0119g jest zale\u017cny od ukszta\u0142towania terenu i warunk\u00f3w, i cz\u0119sto wynosi mniej ni\u017c mo\u017cliwa warto\u015b\u0107 maksymalna. Rzeczywisty zasi\u0119g b\u0119dzie ograniczany kilkoma czynnikami, w tym mi\u0119dzy innymi: ukszta\u0142towaniem terenu, warunkami pogodowymi, zak\u0142\u00f3ceniami elektromagnetycznymi oraz przeszkodami.<\/p>\n<p><sup>2<\/sup> Z wysokiej jako\u015bci ogniwami alkalicznymi (brak w zestawie).<\/p>\n<\/div>\n<p><span style=\"color: #000000; font-size: 14pt;\"><strong>Materia\u0142y do pobrania:<\/strong><\/span><\/p>\n<p><span style=\"text-decoration: underline;\"><span style=\"color: #000000; text-decoration: underline;\"><img loading=\"lazy\" decoding=\"async\" class=\"alignleft\" src=\"http:\/\/trx.pl\/pliki\/ikony\/pdf.png\" alt=\"\" width=\"35\" height=\"42\" \/><\/span><\/span><\/p>\n<p><a href=\"http:\/\/trx.pl\/pliki\/motorola\/T92_DataSheet_POL_lor.pdf\"><strong><span style=\"color: #000000;\">Specyfikacja radiotelefonu Motorola T92 H2O<\/span><\/strong><\/a><\/p>\n<\/div>\n<\/div>\n","protected":false},"excerpt":{"rendered":"<p>Dzi\u0119ki wodoodpornej konstrukcji, wytrzyma\u0142ej obudowie i zasi\u0119gu do 10 km2 model T92 H2O pozwoli Ci zawsze pozosta\u0107 w kontakcie z rodzin\u0105 i znajomymi. Cechy radiotelefonu: Wodoszczelno\u015b\u0107 klasy IP671 Wodoodporny radiotelefon dwukierunkowy T92 H2O zapewnia \u0142\u0105czno\u015b\u0107 w ka\u017cdym miejscu na l\u0105dzie i na morzu. Uszczelnienia klasy IP67 gwarantuj\u0105, \u017ce model T92 H2O wytrzyma zanurzenie na g\u0142\u0119boko\u015b\u0107 [&hellip;]<\/p>\n","protected":false},"author":118,"featured_media":0,"parent":897,"menu_order":0,"comment_status":"closed","ping_status":"closed","template":"","meta":{"footnotes":""},"class_list":["post-1187","page","type-page","status-publish","hentry","post"],"aioseo_notices":[],"_links":{"self":[{"href":"https:\/\/trx.pl\/en\/wp-json\/wp\/v2\/pages\/1187","targetHints":{"allow":["GET"]}}],"collection":[{"href":"https:\/\/trx.pl\/en\/wp-json\/wp\/v2\/pages"}],"about":[{"href":"https:\/\/trx.pl\/en\/wp-json\/wp\/v2\/types\/page"}],"author":[{"embeddable":true,"href":"https:\/\/trx.pl\/en\/wp-json\/wp\/v2\/users\/118"}],"replies":[{"embeddable":true,"href":"https:\/\/trx.pl\/en\/wp-json\/wp\/v2\/comments?post=1187"}],"version-history":[{"count":8,"href":"https:\/\/trx.pl\/en\/wp-json\/wp\/v2\/pages\/1187\/revisions"}],"predecessor-version":[{"id":1195,"href":"https:\/\/trx.pl\/en\/wp-json\/wp\/v2\/pages\/1187\/revisions\/1195"}],"up":[{"embeddable":true,"href":"https:\/\/trx.pl\/en\/wp-json\/wp\/v2\/pages\/897"}],"wp:attachment":[{"href":"https:\/\/trx.pl\/en\/wp-json\/wp\/v2\/media?parent=1187"}],"curies":[{"name":"wp","href":"https:\/\/api.w.org\/{rel}","templated":true}]}}