{"id":125,"date":"2018-05-22T15:32:26","date_gmt":"2018-05-22T13:32:26","guid":{"rendered":"http:\/\/trx.pl\/?page_id=125"},"modified":"2019-06-19T14:40:00","modified_gmt":"2019-06-19T12:40:00","slug":"inne","status":"publish","type":"page","link":"https:\/\/trx.pl\/en\/inne\/","title":{"rendered":"Other"},"content":{"rendered":"<p align=\"left\"><span style=\"font-size: 12pt; font-family: georgia, palatino, serif; color: #000000;\">W ofercie naszej znajdziecie Pa\u0144stwo szeroki asortyment<\/span><\/p>\n<p align=\"left\"><span style=\"color: black; font-family: Arial; font-size: small;\"><span style=\"font-size: 12pt; font-family: georgia, palatino, serif; color: #000000;\">\u00a0\u00a0\u00a0 zintegrowanych system\u00f3w powiadamiania przeznaczonych dla<\/span><br \/>\n<\/span><\/p>\n<p align=\"left\"><span style=\"color: black; font-family: Arial; font-size: 12pt;\">\u00a0\u00a0\u00a0\u00a0\u00a0\u00a0 <span style=\"color: #006699; font-family: Arial;\"> Zarz\u0105dzania kryzysowego<br \/>\n<\/span><\/span><\/p>\n<p align=\"left\"><span style=\"color: black; font-family: Arial; font-size: 12pt;\"><span style=\"color: #006699; font-family: Arial;\">\u00a0\u00a0\u00a0\u00a0\u00a0\u00a0\u00a0\u00a0\u00a0 Stra\u017cy po\u017carnej<br \/>\n<\/span><\/span><\/p>\n<p align=\"left\"><span style=\"color: black; font-family: Arial; font-size: 12pt;\"><span style=\"color: #006699; font-family: Arial;\">\u00a0\u00a0\u00a0\u00a0\u00a0\u00a0\u00a0\u00a0\u00a0\u00a0\u00a0\u00a0 Ratownictwa Medycznego<br \/>\n<\/span><\/span><\/p>\n<p align=\"left\"><span style=\"color: black; font-family: Arial; font-size: small;\"><span style=\"color: #006699; font-family: Arial; font-size: medium;\"><span style=\"font-size: 12pt;\">\u00a0\u00a0\u00a0\u00a0\u00a0\u00a0\u00a0\u00a0\u00a0\u00a0\u00a0\u00a0\u00a0\u00a0\u00a0 oraz innych odbior\u00f3w.<\/span><br \/>\n<\/span><\/span><\/p>\n<p align=\"left\"><span style=\"color: #000000; font-family: georgia, palatino, serif; font-size: 12pt;\"> Zajmujemy si\u0119 projektowaniem, monta\u017cem oraz przegl\u0105dami takich system\u00f3w.<\/span><\/p>\n<p><strong><span style=\"color: #000000; font-size: 14pt; font-family: georgia, palatino, serif;\">Dost\u0119pne systemy:<\/span><\/strong><\/p>\n<p><img loading=\"lazy\" decoding=\"async\" src=\"http:\/\/trx.pl\/Obrazki\/dalej.jpg\" width=\"20\" height=\"8\" border=\"0\" \/>\u00a0 <span style=\"font-size: 12pt; font-family: georgia, palatino, serif; color: #000000;\">Syreny elektroniczne DSE<\/span><br \/>\n<span style=\"font-size: 12pt; font-family: georgia, palatino, serif; color: #000000;\"><img loading=\"lazy\" decoding=\"async\" src=\"http:\/\/trx.pl\/Obrazki\/dalej.jpg\" width=\"20\" height=\"8\" border=\"0\" \/>\u00a0 Systemy Ostrzegania Ludno\u015bci digitexCZK<\/span><br \/>\n<span style=\"font-size: 12pt; font-family: georgia, palatino, serif; color: #000000;\"><img loading=\"lazy\" decoding=\"async\" src=\"http:\/\/trx.pl\/Obrazki\/dalej.jpg\" width=\"20\" height=\"8\" border=\"0\" \/>\u00a0 Zintegrowany System Alarmowania i Ochrony Ludno\u015bci DSP-50<\/span><br \/>\n<span style=\"font-size: 12pt; font-family: georgia, palatino, serif; color: #000000;\"><img loading=\"lazy\" decoding=\"async\" src=\"http:\/\/trx.pl\/Obrazki\/dalej.jpg\" width=\"20\" height=\"8\" border=\"0\" \/>\u00a0 System Terminali DTS-3000<\/span><br \/>\n<span style=\"font-size: 12pt; font-family: georgia, palatino, serif; color: #000000;\"><img loading=\"lazy\" decoding=\"async\" src=\"http:\/\/trx.pl\/Obrazki\/dalej.jpg\" width=\"20\" height=\"8\" border=\"0\" \/>\u00a0 System komunikacyjny DTS-2000<\/span><br \/>\n<span style=\"font-size: 12pt; font-family: georgia, palatino, serif; color: #000000;\"><img loading=\"lazy\" decoding=\"async\" src=\"http:\/\/trx.pl\/Obrazki\/dalej.jpg\" width=\"20\" height=\"8\" border=\"0\" \/>\u00a0 Radiowe systemy przywo\u0142awcze<\/span><br \/>\n<span style=\"font-size: 12pt; font-family: georgia, palatino, serif; color: #000000;\"><img loading=\"lazy\" decoding=\"async\" src=\"http:\/\/trx.pl\/Obrazki\/dalej.jpg\" width=\"20\" height=\"8\" border=\"0\" \/>\u00a0 System wy\u015bwietlania alarm\u00f3w DWA-100<\/span><br \/>\n<span style=\"font-size: 12pt; font-family: georgia, palatino, serif; color: #000000;\"><img loading=\"lazy\" decoding=\"async\" src=\"http:\/\/trx.pl\/Obrazki\/dalej.jpg\" width=\"20\" height=\"8\" border=\"0\" \/>\u00a0 System Transmisji inf. DTI-2000<\/span><\/p>\n<p><span style=\"font-family: georgia, palatino, serif; font-size: medium; color: #000000;\"> <b>Zintegrowany System Alarmowania i Ostrzegania Ludno\u015bci<\/b><\/span><\/p>\n<p><span style=\"font-family: georgia, palatino, serif;\"><span style=\"color: #000000;\">(Zezwolenie KG PSP nr BIi\u0141 II\/44\/95 z dnia 11 lipca 1995 r.)<\/span>\u00a0<\/span><\/p>\n<p>&nbsp;<\/p>\n<p><center><span style=\"color: black; font-family: Arial; font-size: small;\"> <img loading=\"lazy\" decoding=\"async\" src=\"http:\/\/trx.pl\/Obrazki\/DSP50.jpg\" width=\"526\" height=\"869\" \/><br \/>\n<\/span><\/center><\/p>\n<p align=\"left\"><span style=\"font-family: georgia, palatino, serif; font-size: 12pt; color: #000000;\"> Zintegrowany System Alarmowania i Ochrony Ludno\u015bci DSP-50 jest przeznaczony do zdalnego, radiowego uruchamiania syren alarmowych Obrony Cywilnej oraz Ochotniczych Stra\u017cy Po\u017carnych, a tak\u017ce do powiadamiania os\u00f3b za pomoc\u0105 odbiornik\u00f3w indywidualnych (pager\u00f3w). System DSP-50 mo\u017ce by\u0107 stosowany:<\/span><\/p>\n<p><span style=\"font-family: georgia, palatino, serif; font-size: 12pt; color: #000000;\"><img loading=\"lazy\" decoding=\"async\" src=\"http:\/\/trx.pl\/Obrazki\/dalej.jpg\" width=\"20\" height=\"8\" border=\"0\" \/>\u00a0 w sieciach alarmowych Stra\u017cy Po\u017carnej na terenie jednego powiatu &#8211; struktura dwupoziomowa:<\/span><br \/>\n<span style=\"font-family: georgia, palatino, serif; font-size: 12pt; color: #000000;\"><img loading=\"lazy\" decoding=\"async\" src=\"http:\/\/trx.pl\/Obrazki\/dalej.jpg\" width=\"20\" height=\"8\" border=\"0\" \/>\u00a0 stacja powiatowa &#8211; stacja obiektowa (syrena),<\/span><br \/>\n<span style=\"font-family: georgia, palatino, serif; font-size: 12pt; color: #000000;\"><img loading=\"lazy\" decoding=\"async\" src=\"http:\/\/trx.pl\/Obrazki\/dalej.jpg\" width=\"20\" height=\"8\" border=\"0\" \/>\u00a0 w sieciach alarmowania Obrony Cywilnej &#8211; jako hierarchiczny system wojew\u00f3dzki,<\/span><br \/>\n<span style=\"font-family: georgia, palatino, serif; font-size: 12pt; color: #000000;\">posiadaj\u0105cy czteropoziomow\u0105 struktur\u0119 powiadamiania:<\/span><br \/>\n<span style=\"font-family: georgia, palatino, serif; font-size: 12pt; color: #000000;\"><img loading=\"lazy\" decoding=\"async\" src=\"http:\/\/trx.pl\/Obrazki\/dalej.jpg\" width=\"20\" height=\"8\" border=\"0\" \/>\u00a0 stacja wojew\u00f3dzka &#8211; stacja powiatowa &#8211; stacja gminna &#8211; stacja obiektowa (syrena),<\/span><br \/>\n<span style=\"font-family: georgia, palatino, serif; font-size: 12pt; color: #000000;\"><img loading=\"lazy\" decoding=\"async\" src=\"http:\/\/trx.pl\/Obrazki\/dalej.jpg\" width=\"20\" height=\"8\" border=\"0\" \/>\u00a0 w obu w\/w sieciach r\u00f3wnocze\u015bnie &#8211; jako Zintegrowany System Alarmowania i Ochrony Ludno\u015bci.\u00a0<\/span><\/p>\n<p>&nbsp;<\/p>\n<p><span style=\"font-family: Arial; font-size: medium; color: #000000;\"> <b>System komunikacyjny DTS-2000<\/b><\/span><\/p>\n<p><span style=\"color: #000000;\">(Terminale Status\u00f3w)\u00a0<\/span><\/p>\n<p><center><img loading=\"lazy\" decoding=\"async\" src=\"http:\/\/trx.pl\/Obrazki\/DTS2000.jpg\" width=\"532\" height=\"981\" \/><\/center><\/p>\n<p align=\"left\"><span style=\"font-family: georgia, palatino, serif; font-size: 12pt; color: #000000;\"> System Komunikacyjny DTS-2000 jest systemem przeznaczonym dla Centr\u00f3w Powiadamiania Ratunkowego, Stra\u017cy Po\u017carnej, Pogotowia Ratunkowego, Agencji Ochrony i innych centr\u00f3w zarz\u0105dzania. Umo\u017cliwia przesy\u0142anie dowolnych komunikat\u00f3w tekstowych drog\u0105 radiow\u0105 pomi\u0119dzy centrami dowodzenia a samochodami uczestnicz\u0105cymi w akcji ratowniczej.<\/span><\/p>\n<p><span style=\"font-size: 12pt; font-family: georgia, palatino, serif; color: #000000;\">System Komunikacyjny DTS-2000 wraz z oprogramowaniem zarz\u0105dzaj\u0105cym umo\u017cliwia prowadzenie dowolnej akcji ratowniczej wed\u0142ug standard\u00f3w przyj\u0119tych w krajach Unii Europejskiej. Korzy\u015bci p\u0142yn\u0105ce z zastosowania systemu DTS-2000:<\/span><\/p>\n<p><span style=\"font-size: 12pt; font-family: georgia, palatino, serif; color: #000000;\"><img loading=\"lazy\" decoding=\"async\" src=\"http:\/\/trx.pl\/Obrazki\/dalej.jpg\" width=\"20\" height=\"8\" border=\"0\" \/>\u00a0 wsp\u00f3\u0142praca z dowoln\u0105 aplikacj\u0105 programow\u0105 wspomagaj\u0105c\u0105 zarz\u0105dzanie \u0142\u0105czno\u015bci\u0105 <\/span><span style=\"font-size: 12pt; font-family: georgia, palatino, serif; color: #000000;\">w centrum dyspozytorskim,<\/span><br \/>\n<span style=\"font-size: 12pt; font-family: georgia, palatino, serif; color: #000000;\"><img loading=\"lazy\" decoding=\"async\" src=\"http:\/\/trx.pl\/Obrazki\/dalej.jpg\" width=\"20\" height=\"8\" border=\"0\" \/>\u00a0 niezawodno\u015b\u0107 transmisji dzi\u0119ki wykorzystaniu zamiennie 2 medi\u00f3w transmisji danych <\/span><span style=\"font-size: 12pt; font-family: georgia, palatino, serif; color: #000000;\">(GPRS i kana\u0142u radiowego),<\/span><br \/>\n<span style=\"font-size: 12pt; font-family: georgia, palatino, serif; color: #000000;\"><img loading=\"lazy\" decoding=\"async\" src=\"http:\/\/trx.pl\/Obrazki\/dalej.jpg\" width=\"20\" height=\"8\" border=\"0\" \/>\u00a0 skr\u00f3cenie czasu przesy\u0142ania informacji,<\/span><br \/>\n<span style=\"font-size: 12pt; font-family: georgia, palatino, serif; color: #000000;\"><img loading=\"lazy\" decoding=\"async\" src=\"http:\/\/trx.pl\/Obrazki\/dalej.jpg\" width=\"20\" height=\"8\" border=\"0\" \/>\u00a0 ograniczenie zaj\u0119to\u015bci kana\u0142u radiowego,<\/span><br \/>\n<span style=\"font-size: 12pt; font-family: georgia, palatino, serif; color: #000000;\"><img loading=\"lazy\" decoding=\"async\" src=\"http:\/\/trx.pl\/Obrazki\/dalej.jpg\" width=\"20\" height=\"8\" border=\"0\" \/>\u00a0 mo\u017cliwo\u015b\u0107 archiwizacji przesy\u0142anych informacji w obu kierunkach <\/span><span style=\"font-size: 12pt; font-family: georgia, palatino, serif; color: #000000;\">(po stronie oprogramowania zarz\u0105dzaj\u0105cego):<\/span><br \/>\n<span style=\"font-size: 12pt; font-family: georgia, palatino, serif; color: #000000;\"><img loading=\"lazy\" decoding=\"async\" src=\"http:\/\/trx.pl\/Obrazki\/dalej.jpg\" width=\"20\" height=\"8\" border=\"0\" \/>\u00a0 pomiar poziomu paliwa w baku pojazdu, pomiar pr\u0119dko\u015bci,<\/span><br \/>\n<span style=\"font-size: 12pt; font-family: georgia, palatino, serif; color: #000000;\"><img loading=\"lazy\" decoding=\"async\" src=\"http:\/\/trx.pl\/Obrazki\/dalej.jpg\" width=\"20\" height=\"8\" border=\"0\" \/>\u00a0 wizualizacja w\u0142\u0105czonej\/wy\u0142\u0105czonej sygnalizacji alarmowej,<\/span><br \/>\n<span style=\"font-size: 12pt; font-family: georgia, palatino, serif; color: #000000;\"><img loading=\"lazy\" decoding=\"async\" src=\"http:\/\/trx.pl\/Obrazki\/dalej.jpg\" width=\"20\" height=\"8\" border=\"0\" \/>\u00a0 wizualizacja pojazd\u00f3w na mapie cyfrowej<\/span><\/p>\n<p>&nbsp;<\/p>\n","protected":false},"excerpt":{"rendered":"<p>W ofercie naszej znajdziecie Pa\u0144stwo szeroki asortyment \u00a0\u00a0\u00a0 zintegrowanych system\u00f3w powiadamiania przeznaczonych dla \u00a0\u00a0\u00a0\u00a0\u00a0\u00a0 Zarz\u0105dzania kryzysowego \u00a0\u00a0\u00a0\u00a0\u00a0\u00a0\u00a0\u00a0\u00a0 Stra\u017cy po\u017carnej \u00a0\u00a0\u00a0\u00a0\u00a0\u00a0\u00a0\u00a0\u00a0\u00a0\u00a0\u00a0 Ratownictwa Medycznego \u00a0\u00a0\u00a0\u00a0\u00a0\u00a0\u00a0\u00a0\u00a0\u00a0\u00a0\u00a0\u00a0\u00a0\u00a0 oraz innych odbior\u00f3w. Zajmujemy si\u0119 projektowaniem, monta\u017cem oraz przegl\u0105dami takich system\u00f3w. Dost\u0119pne systemy: \u00a0 Syreny elektroniczne DSE \u00a0 Systemy Ostrzegania Ludno\u015bci digitexCZK \u00a0 Zintegrowany System Alarmowania i Ochrony Ludno\u015bci DSP-50 \u00a0 System [&hellip;]<\/p>\n","protected":false},"author":118,"featured_media":0,"parent":0,"menu_order":0,"comment_status":"closed","ping_status":"closed","template":"","meta":{"footnotes":""},"class_list":["post-125","page","type-page","status-publish","hentry","post"],"aioseo_notices":[],"_links":{"self":[{"href":"https:\/\/trx.pl\/en\/wp-json\/wp\/v2\/pages\/125","targetHints":{"allow":["GET"]}}],"collection":[{"href":"https:\/\/trx.pl\/en\/wp-json\/wp\/v2\/pages"}],"about":[{"href":"https:\/\/trx.pl\/en\/wp-json\/wp\/v2\/types\/page"}],"author":[{"embeddable":true,"href":"https:\/\/trx.pl\/en\/wp-json\/wp\/v2\/users\/118"}],"replies":[{"embeddable":true,"href":"https:\/\/trx.pl\/en\/wp-json\/wp\/v2\/comments?post=125"}],"version-history":[{"count":8,"href":"https:\/\/trx.pl\/en\/wp-json\/wp\/v2\/pages\/125\/revisions"}],"predecessor-version":[{"id":184,"href":"https:\/\/trx.pl\/en\/wp-json\/wp\/v2\/pages\/125\/revisions\/184"}],"wp:attachment":[{"href":"https:\/\/trx.pl\/en\/wp-json\/wp\/v2\/media?parent=125"}],"curies":[{"name":"wp","href":"https:\/\/api.w.org\/{rel}","templated":true}]}}