{"id":14,"date":"2018-05-10T14:50:07","date_gmt":"2018-05-10T12:50:07","guid":{"rendered":"http:\/\/trx.pl\/?page_id=14"},"modified":"2022-08-05T14:18:50","modified_gmt":"2022-08-05T12:18:50","slug":"serwis","status":"publish","type":"page","link":"https:\/\/trx.pl\/en\/serwis\/","title":{"rendered":"Radio service"},"content":{"rendered":"<p><span style=\"color: black; font-family: Arial; font-size: small;\"><img loading=\"lazy\" decoding=\"async\" class=\"size-full wp-image-17 aligncenter\" src=\"http:\/\/trx.pl\/wp-content\/uploads\/2018\/05\/Aeroflex3920.jpg\" alt=\"\" width=\"700\" height=\"250\" srcset=\"https:\/\/trx.pl\/wp-content\/uploads\/2018\/05\/Aeroflex3920.jpg 700w, https:\/\/trx.pl\/wp-content\/uploads\/2018\/05\/Aeroflex3920-300x107.jpg 300w, https:\/\/trx.pl\/wp-content\/uploads\/2018\/05\/Aeroflex3920-600x214.jpg 600w\" sizes=\"auto, (max-width: 700px) 100vw, 700px\" \/><\/span><\/p>\n<p><span style=\"font-family: Arial; font-size: small;\">Ze wzgl\u0119du na ci\u0105g\u0142o\u015b\u0107 us\u0142ug, kt\u00f3re wykonujemy mamy w pe\u0142ni wyposa\u017cony magazyn cz\u0119\u015bci zamiennych. Zapewniamy kr\u00f3tkie terminy napraw oraz przed przyst\u0105pieniem do naprawy bezp\u0142atn\u0105 wycen\u0119. Rozliczenie za naprawy radiotelefon\u00f3w wed\u0142ug formy wygodnej dla klienta. Istnieje mo\u017cliwo\u015b\u0107 podpisania um\u00f3w serwisowych.<\/span><\/p>\n<p>Dysponujemy odpowiednim zapleczem serwisowym co pozwala na wykonywanie szerokiego zakresu napraw radiotelefon\u00f3w, od rutynowych napraw element\u00f3w mechanicznych, po naprawy dotycz\u0105ce g\u0142\u0119bokich usterek programowych, wymiany pami\u0119ci Flash, mikrokontroler\u00f3w, EEPROM\u00f3w.<\/p>\n<p>&nbsp;<\/p>\n<p><span style=\"color: black; font-family: Arial; font-size: small;\">W ofercie TRX znajdziecie pa\u0144stwo nie tylko<\/span><\/p>\n<p><span style=\"color: #1765ad; font-family: Arial; font-size: small;\">\u00a0\u00a0\u00a0\u00a0\u00a0 profesjonalny serwis radiotelefon\u00f3w<\/span><\/p>\n<p><span style=\"color: #1765ad; font-family: Arial; font-size: small;\">\u00a0\u00a0\u00a0\u00a0\u00a0\u00a0\u00a0\u00a0\u00a0\u00a0\u00a0 <b>MOTOROLA &#8211; Analogowych, MOTOTRBO oraz TETRA <\/b><\/span><\/p>\n<p><span style=\"color: #1765ad; font-family: Arial; font-size: small;\">\u00a0\u00a0\u00a0\u00a0 \u00a0 \u00a0 \u00a0 \u00a0 \u00a0 \u00a0\u00a0 i <b><a class=\"link\" href=\"http:\/\/trx.net.pl\"> Kenwood &#8211; Analogowych oraz Nexedge <\/a><\/b><\/span><\/p>\n<p><span style=\"color: #1765ad; font-family: Arial; font-size: small;\">\u00a0\u00a0\u00a0\u00a0 \u00a0 \u00a0 \u00a0 \u00a0 \u00a0 \u00a0 \u00a0 \u00a0 \u00a0\u00a0 oraz <b> serwis naszych urz\u0105dze\u0144 &#8211; zdalnych sterowa\u0144 SGM5 i cyfrowych rejestrator\u00f3w rozm\u00f3w KSRC <\/b><\/span><\/p>\n<p><span style=\"color: black; font-family: Arial; font-size: small;\">\u00a0\u00a0\u00a0 \u00a0 \u00a0 \u00a0 \u00a0 \u00a0 \u00a0 \u00a0 \u00a0 \u00a0 \u00a0 \u00a0 \u00a0\u00a0 ale r\u00f3wnie\u017c projektowanie, monta\u017c oraz przegl\u0105dy <b>radiowych system\u00f3w \u0142\u0105czno\u015bci<\/b>.<\/span><\/p>\n<p>&nbsp;<\/p>\n","protected":false},"excerpt":{"rendered":"<p>Ze wzgl\u0119du na ci\u0105g\u0142o\u015b\u0107 us\u0142ug, kt\u00f3re wykonujemy mamy w pe\u0142ni wyposa\u017cony magazyn cz\u0119\u015bci zamiennych. Zapewniamy kr\u00f3tkie terminy napraw oraz przed przyst\u0105pieniem do naprawy bezp\u0142atn\u0105 wycen\u0119. Rozliczenie za naprawy radiotelefon\u00f3w wed\u0142ug formy wygodnej dla klienta. Istnieje mo\u017cliwo\u015b\u0107 podpisania um\u00f3w serwisowych. Dysponujemy odpowiednim zapleczem serwisowym co pozwala na wykonywanie szerokiego zakresu napraw radiotelefon\u00f3w, od rutynowych napraw element\u00f3w [&hellip;]<\/p>\n","protected":false},"author":118,"featured_media":0,"parent":0,"menu_order":0,"comment_status":"closed","ping_status":"closed","template":"templates\/template-full.php","meta":{"footnotes":""},"class_list":["post-14","page","type-page","status-publish","hentry","post"],"aioseo_notices":[],"_links":{"self":[{"href":"https:\/\/trx.pl\/en\/wp-json\/wp\/v2\/pages\/14","targetHints":{"allow":["GET"]}}],"collection":[{"href":"https:\/\/trx.pl\/en\/wp-json\/wp\/v2\/pages"}],"about":[{"href":"https:\/\/trx.pl\/en\/wp-json\/wp\/v2\/types\/page"}],"author":[{"embeddable":true,"href":"https:\/\/trx.pl\/en\/wp-json\/wp\/v2\/users\/118"}],"replies":[{"embeddable":true,"href":"https:\/\/trx.pl\/en\/wp-json\/wp\/v2\/comments?post=14"}],"version-history":[{"count":11,"href":"https:\/\/trx.pl\/en\/wp-json\/wp\/v2\/pages\/14\/revisions"}],"predecessor-version":[{"id":138072,"href":"https:\/\/trx.pl\/en\/wp-json\/wp\/v2\/pages\/14\/revisions\/138072"}],"wp:attachment":[{"href":"https:\/\/trx.pl\/en\/wp-json\/wp\/v2\/media?parent=14"}],"curies":[{"name":"wp","href":"https:\/\/api.w.org\/{rel}","templated":true}]}}