{"id":148,"date":"2018-05-23T10:44:39","date_gmt":"2018-05-23T08:44:39","guid":{"rendered":"http:\/\/trx.pl\/?page_id=148"},"modified":"2018-09-24T13:21:46","modified_gmt":"2018-09-24T11:21:46","slug":"integracja-z-systemami-voip","status":"publish","type":"page","link":"https:\/\/trx.pl\/en\/rejestratory\/integracja-z-systemami-voip\/","title":{"rendered":"Integracja z systemami VoIP"},"content":{"rendered":"<p><span style=\"color: #000000;\">Standard VOIP staje si\u0119 coraz bardziej popularny w\u015br\u00f3d naszych klient\u00f3w. <\/span><span style=\"color: #000000;\">W zwi\u0105zku z tym wprowadzili\u015bmy do swojej oferty rozwi\u0105zania umo\u017cliwiaj\u0105ce nagrywanie rozm\u00f3w przeprowadzanych z u\u017cyciem VOIP.<\/span><\/p>\n<p><span style=\"color: #000000;\">Integracja z systemami VoIP oparta jest ca\u0142kowicie na platformie programowej, <\/span><span style=\"color: #000000;\"><b>nie wymaga stosowania dedykowanego sprz\u0119tu<\/b>. Komunikacja pomi\u0119dzy urz\u0105dzeniami odbywa si\u0119 poprzez sie\u0107 komputerow\u0105.<\/span><\/p>\n<p>&nbsp;<\/p>\n<p><span style=\"font-family: Arial; font-size: small;\"> <span style=\"color: #006699; font-family: Arial; font-size: large;\"> <b><i> Dost\u0119pne rozwi\u0105zania rejestracji rozm\u00f3w w systemie VoIP <\/i><\/b><\/span><\/span><\/p>\n<p><span style=\"color: #000000;\">Rejestracja nagra\u0144 w technologii VOIP jest mo\u017cliwa na rejestratorach KSRC332 oraz KSRC5128. Umo\u017cliwiaj\u0105 one nagrywanie rozm\u00f3w z maksymalnie 128 terminali VOIP. Aby mo\u017cliwa by\u0142a rejestracja nagra\u0144 typu VOIP, konieczne jest, aby u\u017cytkownik systemu wykupi\u0142 licencj\u0119 na nagrywanie okre\u015blonej liczby rozm\u00f3w przeprowadzanych przy u\u017cyciu dost\u0119pnych terminali. Firma TRX udziela licencji na maksymaln\u0105 liczb\u0119 nagrywanych jednocze\u015bnie rozm\u00f3w w rastrze o\u015bmiokana\u0142owym (oferuje licencje na nagrywanie jednocze\u015bnie 8, 16, 24, \u2026 ,120 i 128 rozm\u00f3w).<\/span><\/p>\n<p>&nbsp;<\/p>\n<p><span style=\"color: #006699; font-family: Arial; font-size: large;\"> <b><i> Rejestracja rozm\u00f3w w systemie VoIP <\/i><\/b><\/span><\/p>\n<p>&nbsp;<\/p>\n<p><center><span style=\"font-family: Arial; font-size: small;\"> <img loading=\"lazy\" decoding=\"async\" src=\"http:\/\/trx.pl\/Obrazki\/Rejestracja_VoIP.jpg\" width=\"600\" height=\"827\" border=\"0\" \/> <\/span><\/center>&nbsp;<\/p>\n","protected":false},"excerpt":{"rendered":"<p>Standard VOIP staje si\u0119 coraz bardziej popularny w\u015br\u00f3d naszych klient\u00f3w. W zwi\u0105zku z tym wprowadzili\u015bmy do swojej oferty rozwi\u0105zania umo\u017cliwiaj\u0105ce nagrywanie rozm\u00f3w przeprowadzanych z u\u017cyciem VOIP. Integracja z systemami VoIP oparta jest ca\u0142kowicie na platformie programowej, nie wymaga stosowania dedykowanego sprz\u0119tu. Komunikacja pomi\u0119dzy urz\u0105dzeniami odbywa si\u0119 poprzez sie\u0107 komputerow\u0105. &nbsp; Dost\u0119pne rozwi\u0105zania rejestracji rozm\u00f3w w [&hellip;]<\/p>\n","protected":false},"author":118,"featured_media":0,"parent":123,"menu_order":0,"comment_status":"closed","ping_status":"closed","template":"","meta":{"footnotes":""},"class_list":["post-148","page","type-page","status-publish","hentry","post"],"aioseo_notices":[],"_links":{"self":[{"href":"https:\/\/trx.pl\/en\/wp-json\/wp\/v2\/pages\/148","targetHints":{"allow":["GET"]}}],"collection":[{"href":"https:\/\/trx.pl\/en\/wp-json\/wp\/v2\/pages"}],"about":[{"href":"https:\/\/trx.pl\/en\/wp-json\/wp\/v2\/types\/page"}],"author":[{"embeddable":true,"href":"https:\/\/trx.pl\/en\/wp-json\/wp\/v2\/users\/118"}],"replies":[{"embeddable":true,"href":"https:\/\/trx.pl\/en\/wp-json\/wp\/v2\/comments?post=148"}],"version-history":[{"count":8,"href":"https:\/\/trx.pl\/en\/wp-json\/wp\/v2\/pages\/148\/revisions"}],"predecessor-version":[{"id":1451,"href":"https:\/\/trx.pl\/en\/wp-json\/wp\/v2\/pages\/148\/revisions\/1451"}],"up":[{"embeddable":true,"href":"https:\/\/trx.pl\/en\/wp-json\/wp\/v2\/pages\/123"}],"wp:attachment":[{"href":"https:\/\/trx.pl\/en\/wp-json\/wp\/v2\/media?parent=148"}],"curies":[{"name":"wp","href":"https:\/\/api.w.org\/{rel}","templated":true}]}}