{"id":152,"date":"2018-05-23T10:49:08","date_gmt":"2018-05-23T08:49:08","guid":{"rendered":"http:\/\/trx.pl\/?page_id=152"},"modified":"2018-09-24T13:21:56","modified_gmt":"2018-09-24T11:21:56","slug":"karty-interfejsow","status":"publish","type":"page","link":"https:\/\/trx.pl\/en\/rejestratory\/karty-interfejsow\/","title":{"rendered":"Karty interfejs\u00f3w"},"content":{"rendered":"<p><span style=\"color: #000000; font-size: 12pt; font-family: georgia, palatino, serif;\">Opracowane w firmie TRX interfejsy pozwalaj\u0105 pod\u0142\u0105czy\u0107 nasze urz\u0105dzenia do wi\u0119kszo\u015bci nowoczesnych system\u00f3w telekomunikacyjnych, produkowanych przez najwi\u0119kszych \u015bwiatowych potentat\u00f3w w tej dziedzinie.<\/span><\/p>\n<p><span style=\"color: #000000; font-size: 12pt; font-family: georgia, palatino, serif;\">Wszystkie produkowane przez nas karty interfejs\u00f3w budowane s\u0105 w oparciu o uk\u0142ady FPGA firmy Xilinx\u00ae oraz mikrokontrolery z serii ATmega firmy Atmel\u00ae.<\/span><br \/>\n<span style=\"color: #000000; font-size: 12pt; font-family: georgia, palatino, serif;\">Linie telefoniczne pod\u0142\u0105czane s\u0105 do kart interfejsu poprzez z\u0142\u0105cza RJ-11.<\/span><\/p>\n<p>&nbsp;<\/p>\n<p align=\"left\"><span style=\"color: #006699; font-family: georgia, palatino, serif; font-size: 12pt;\"> <b><i><span style=\"font-size: 14pt;\"> Rodzaje dost\u0119pnych kart interfejs\u00f3w<\/span> <\/i><\/b><\/span><\/p>\n<p><center><span style=\"font-size: 12pt; font-family: georgia, palatino, serif;\"><img loading=\"lazy\" decoding=\"async\" src=\"http:\/\/trx.pl\/Obrazki\/interfejs_analogowy_DSP.jpg\" width=\"600\" height=\"342\" border=\"0\" \/><\/span><br \/>\n<span style=\"color: #006699; font-family: georgia, palatino, serif; font-size: 12pt;\"> <b><i><u> \u00a0\u00a0\u00a0\u00a0\u00a0\u00a0\u00a0\u00a0\u00a0\u00a0\u00a0\u00a0\u00a0\u00a0\u00a0\u00a0\u00a0\u00a0\u00a0\u00a0\u00a0\u00a0\u00a0\u00a0\u00a0\u00a0\u00a0\u00a0\u00a0\u00a0\u00a0\u00a0\u00a0\u00a0\u00a0\u00a0\u00a0\u00a0\u00a0\u00a0\u00a0\u00a0\u00a0\u00a0\u00a0\u00a0\u00a0\u00a0\u00a0\u00a0\u00a0\u00a0\u00a0\u00a0\u00a0\u00a0\u00a0\u00a0\u00a0\u00a0\u00a0\u00a0\u00a0\u00a0\u00a0\u00a0\u00a0\u00a0\u00a0\u00a0\u00a0\u00a0\u00a0\u00a0\u00a0\u00a0\u00a0\u00a0\u00a0\u00a0\u00a0\u00a0\u00a0\u00a0\u00a0\u00a0\u00a0\u00a0\u00a0\u00a0\u00a0\u00a0\u00a0\u00a0\u00a0\u00a0\u00a0\u00a0 <\/u><\/i><\/b><\/span><\/center><\/p>\n<p style=\"text-align: center;\"><span style=\"font-size: 12pt; font-family: georgia, palatino, serif;\"><img loading=\"lazy\" decoding=\"async\" class=\"aligncenter\" src=\"http:\/\/trx.pl\/Obrazki\/interfejs_cyfrowy_2B.jpg\" width=\"584\" height=\"220\" border=\"0\" \/><\/span><br \/>\n<span style=\"color: #006699; font-family: georgia, palatino, serif; font-size: 12pt;\"> <b><i><u> \u00a0\u00a0\u00a0\u00a0\u00a0\u00a0\u00a0\u00a0\u00a0\u00a0\u00a0\u00a0\u00a0\u00a0\u00a0\u00a0\u00a0\u00a0\u00a0\u00a0\u00a0\u00a0\u00a0\u00a0\u00a0\u00a0\u00a0\u00a0\u00a0\u00a0\u00a0\u00a0\u00a0\u00a0\u00a0\u00a0\u00a0\u00a0\u00a0\u00a0\u00a0\u00a0\u00a0\u00a0\u00a0\u00a0\u00a0\u00a0\u00a0\u00a0\u00a0\u00a0\u00a0\u00a0\u00a0\u00a0\u00a0\u00a0\u00a0\u00a0\u00a0\u00a0\u00a0\u00a0\u00a0\u00a0\u00a0\u00a0\u00a0\u00a0\u00a0\u00a0\u00a0\u00a0\u00a0\u00a0\u00a0\u00a0\u00a0\u00a0\u00a0\u00a0\u00a0\u00a0\u00a0\u00a0\u00a0\u00a0\u00a0\u00a0\u00a0\u00a0\u00a0\u00a0\u00a0\u00a0\u00a0\u00a0 <\/u><\/i><\/b><\/span><\/p>\n<p style=\"text-align: center;\"><span style=\"font-size: 12pt; font-family: georgia, palatino, serif;\"><img loading=\"lazy\" decoding=\"async\" class=\"aligncenter\" src=\"http:\/\/trx.pl\/Obrazki\/interfejs_cyfrowy_30B.jpg\" width=\"563\" height=\"242\" border=\"0\" \/><\/span><br \/>\n<span style=\"color: #006699; font-family: georgia, palatino, serif; font-size: 12pt;\"> <b><i><u> \u00a0\u00a0\u00a0\u00a0\u00a0\u00a0\u00a0\u00a0\u00a0\u00a0\u00a0\u00a0\u00a0\u00a0\u00a0\u00a0\u00a0\u00a0\u00a0\u00a0\u00a0\u00a0\u00a0\u00a0\u00a0\u00a0\u00a0\u00a0\u00a0\u00a0\u00a0\u00a0\u00a0\u00a0\u00a0\u00a0\u00a0\u00a0\u00a0\u00a0\u00a0\u00a0\u00a0\u00a0\u00a0\u00a0\u00a0\u00a0\u00a0\u00a0\u00a0\u00a0\u00a0\u00a0\u00a0\u00a0\u00a0\u00a0\u00a0\u00a0\u00a0\u00a0\u00a0\u00a0\u00a0\u00a0\u00a0\u00a0\u00a0\u00a0\u00a0\u00a0\u00a0\u00a0\u00a0\u00a0\u00a0\u00a0\u00a0\u00a0\u00a0\u00a0\u00a0\u00a0\u00a0\u00a0\u00a0\u00a0\u00a0\u00a0\u00a0\u00a0\u00a0\u00a0\u00a0\u00a0\u00a0\u00a0 <\/u><\/i><\/b><\/span><\/p>\n<p style=\"text-align: center;\"><span style=\"font-size: 12pt; font-family: georgia, palatino, serif;\"><img loading=\"lazy\" decoding=\"async\" src=\"http:\/\/trx.pl\/Obrazki\/interfejs_analogowo_cyfrowy.jpg\" width=\"600\" height=\"511\" border=\"0\" \/><\/span><br \/>\n<span style=\"color: #006699; font-family: georgia, palatino, serif; font-size: 12pt;\"> <b><i><u> \u00a0\u00a0\u00a0\u00a0\u00a0\u00a0\u00a0\u00a0\u00a0\u00a0\u00a0\u00a0\u00a0\u00a0\u00a0\u00a0\u00a0\u00a0\u00a0\u00a0\u00a0\u00a0\u00a0\u00a0\u00a0\u00a0\u00a0\u00a0\u00a0\u00a0\u00a0\u00a0\u00a0\u00a0\u00a0\u00a0\u00a0\u00a0\u00a0\u00a0\u00a0\u00a0\u00a0\u00a0\u00a0\u00a0\u00a0\u00a0\u00a0\u00a0\u00a0\u00a0\u00a0\u00a0\u00a0\u00a0\u00a0\u00a0\u00a0\u00a0\u00a0\u00a0\u00a0\u00a0\u00a0\u00a0\u00a0\u00a0\u00a0\u00a0\u00a0\u00a0\u00a0\u00a0\u00a0\u00a0\u00a0\u00a0\u00a0\u00a0\u00a0\u00a0\u00a0\u00a0\u00a0\u00a0\u00a0\u00a0\u00a0\u00a0\u00a0\u00a0\u00a0\u00a0\u00a0\u00a0\u00a0\u00a0 <\/u><\/i><\/b><\/span><\/p>\n<p style=\"text-align: center;\"><span style=\"font-size: 12pt; font-family: georgia, palatino, serif;\"><img loading=\"lazy\" decoding=\"async\" src=\"http:\/\/trx.pl\/Obrazki\/interfejs_systemowy.jpg\" width=\"600\" height=\"231\" border=\"0\" \/><\/span><br \/>\n<span style=\"color: #006699; font-family: georgia, palatino, serif; font-size: 12pt;\"> <b><i><u> \u00a0\u00a0\u00a0\u00a0\u00a0\u00a0\u00a0\u00a0\u00a0\u00a0\u00a0\u00a0\u00a0\u00a0\u00a0\u00a0\u00a0\u00a0\u00a0\u00a0\u00a0\u00a0\u00a0\u00a0\u00a0\u00a0\u00a0\u00a0\u00a0\u00a0\u00a0\u00a0\u00a0\u00a0\u00a0\u00a0\u00a0\u00a0\u00a0\u00a0\u00a0\u00a0\u00a0\u00a0\u00a0\u00a0\u00a0\u00a0\u00a0\u00a0\u00a0\u00a0\u00a0\u00a0\u00a0\u00a0\u00a0\u00a0\u00a0\u00a0\u00a0\u00a0\u00a0\u00a0\u00a0\u00a0\u00a0\u00a0\u00a0\u00a0\u00a0\u00a0\u00a0\u00a0\u00a0\u00a0\u00a0\u00a0\u00a0\u00a0\u00a0\u00a0\u00a0\u00a0\u00a0\u00a0\u00a0\u00a0\u00a0\u00a0\u00a0\u00a0\u00a0\u00a0\u00a0\u00a0\u00a0\u00a0 <\/u><\/i><\/b><\/span><\/p>\n<p style=\"text-align: center;\"><span style=\"font-size: 12pt; font-family: georgia, palatino, serif;\"><img loading=\"lazy\" decoding=\"async\" src=\"http:\/\/trx.pl\/Obrazki\/interfejs_systemowo_analogowy.jpg\" width=\"600\" height=\"524\" border=\"0\" \/><\/span><\/p>\n<p>&nbsp;<\/p>\n","protected":false},"excerpt":{"rendered":"<p>Opracowane w firmie TRX interfejsy pozwalaj\u0105 pod\u0142\u0105czy\u0107 nasze urz\u0105dzenia do wi\u0119kszo\u015bci nowoczesnych system\u00f3w telekomunikacyjnych, produkowanych przez najwi\u0119kszych \u015bwiatowych potentat\u00f3w w tej dziedzinie. Wszystkie produkowane przez nas karty interfejs\u00f3w budowane s\u0105 w oparciu o uk\u0142ady FPGA firmy Xilinx\u00ae oraz mikrokontrolery z serii ATmega firmy Atmel\u00ae. Linie telefoniczne pod\u0142\u0105czane s\u0105 do kart interfejsu poprzez z\u0142\u0105cza RJ-11. &nbsp; [&hellip;]<\/p>\n","protected":false},"author":118,"featured_media":0,"parent":123,"menu_order":0,"comment_status":"closed","ping_status":"closed","template":"","meta":{"footnotes":""},"class_list":["post-152","page","type-page","status-publish","hentry","post"],"aioseo_notices":[],"_links":{"self":[{"href":"https:\/\/trx.pl\/en\/wp-json\/wp\/v2\/pages\/152","targetHints":{"allow":["GET"]}}],"collection":[{"href":"https:\/\/trx.pl\/en\/wp-json\/wp\/v2\/pages"}],"about":[{"href":"https:\/\/trx.pl\/en\/wp-json\/wp\/v2\/types\/page"}],"author":[{"embeddable":true,"href":"https:\/\/trx.pl\/en\/wp-json\/wp\/v2\/users\/118"}],"replies":[{"embeddable":true,"href":"https:\/\/trx.pl\/en\/wp-json\/wp\/v2\/comments?post=152"}],"version-history":[{"count":8,"href":"https:\/\/trx.pl\/en\/wp-json\/wp\/v2\/pages\/152\/revisions"}],"predecessor-version":[{"id":1452,"href":"https:\/\/trx.pl\/en\/wp-json\/wp\/v2\/pages\/152\/revisions\/1452"}],"up":[{"embeddable":true,"href":"https:\/\/trx.pl\/en\/wp-json\/wp\/v2\/pages\/123"}],"wp:attachment":[{"href":"https:\/\/trx.pl\/en\/wp-json\/wp\/v2\/media?parent=152"}],"curies":[{"name":"wp","href":"https:\/\/api.w.org\/{rel}","templated":true}]}}