{"id":55,"date":"2018-05-18T10:16:22","date_gmt":"2018-05-18T08:16:22","guid":{"rendered":"http:\/\/trx.pl\/?page_id=55"},"modified":"2019-06-19T13:43:04","modified_gmt":"2019-06-19T11:43:04","slug":"strona-glowna","status":"publish","type":"page","link":"https:\/\/trx.pl\/en\/","title":{"rendered":"Home page"},"content":{"rendered":"<p><span style=\"font-family: georgia, palatino, serif; font-size: 10pt; color: #000000;\"> G\u0142\u00f3wn\u0105 dzia\u0142alno\u015bci\u0105 firmy TRX s.c. jest dostawa i serwis system\u00f3w \u0142\u0105czno\u015bci radiotelefonicznej. Jeste\u015bmy autoryzowanym Dealerem radiotelefon\u00f3w firmy MOTOROLA. W ofercie naszej znajdziecie Pa\u0144stwo szeroki asortyment urz\u0105dze\u0144 radiokomunikacyjnych, poprzez radiotelefony bazowe, przeno\u015bne, stacje retransmisyjne, po radiotelefony pracuj\u0105ce w pa\u015bmie og\u00f3lnodost\u0119pnym. Zajmujemy si\u0119 r\u00f3wnie\u017c sprzeda\u017c\u0105 cyfrowych rejestrator\u00f3w rozm\u00f3w KSRC oraz Zintegrowanymi Systemami Powiadamiania.<\/span><\/p>\n<p><strong><span style=\"font-size: 10pt; color: #000000; font-family: georgia, palatino, serif;\"><span style=\"font-size: 14pt;\">Radiowe Systemy \u0141\u0105czno\u015bci<\/span> <\/span><\/strong><\/p>\n<p><span style=\"font-family: georgia, palatino, serif; font-size: 10pt; color: #000000;\"> Zapewniamy r\u00f3wnie\u017c osprz\u0119t do budowy sieci radiowych (anteny, maszty, przewody, z\u0142\u0105cza antenowe itp.). Zajmujemy si\u0119 kompleksow\u0105 organizacj\u0105 sieci radiowych od projektu, po wyb\u00f3r sprz\u0119tu, uruchomienie \u0142\u0105czno\u015bci i konserwacj\u0119.<\/span><\/p>\n<p><span style=\"font-size: 10pt; color: #000000; font-family: georgia, palatino, serif;\"><strong><span style=\"font-size: 14pt;\">Serwis Radiotelefon\u00f3w<\/span><\/strong><br \/>\n<\/span><\/p>\n<p><span style=\"font-family: georgia, palatino, serif; font-size: 10pt; color: #000000;\"> Opr\u00f3cz dzia\u0142alno\u015bci handlowej prowadzimy profesjonalny serwis radiotelefon\u00f3w Motorola (analogowych, TETRA oraz MOTOTRBO).<\/span><\/p>\n<p><strong><span style=\"font-family: georgia, palatino, serif; font-size: 10pt; color: #000000;\"><span style=\"font-size: 14pt;\">Zdalne Sterowanie Radiotelefonami<\/span> <\/span><\/strong><\/p>\n<p><span style=\"font-family: georgia, palatino, serif; font-size: 10pt; color: #000000;\"> Jeste\u015bmy r\u00f3wnie\u017c producentem Zdalnego Sterowania &#8220;par\u0105&#8221; SGM5 i IP SGM5ES do radiotelefon\u00f3w Motorola, Kenwood, Hytera, Ericsson, Icom. Nasi in\u017cynierowie nieustannie prowadz\u0105 prace konstrukcyjno badawcze, pracuj\u0105 nad nowymi rozwi\u0105zaniami oraz unowocze\u015bniaj\u0105 oferowane przez nas urz\u0105dzenia.<\/span><\/p>\n<p><strong><span style=\"font-size: 14pt; color: #000000; font-family: georgia, palatino, serif;\">Systemy Dyspozytorskie<\/span><\/strong><\/p>\n<p><span style=\"color: #000000; font-family: georgia, palatino, serif; font-size: 10pt;\"> System Konsol Dyspozytorskich zosta\u0142 zaprojektowany w celu integracji wielu system\u00f3w telekomunikacyjnych oraz zwi\u0119kszenia komfortu obs\u0142ugi i u\u0142atwienia pracy u\u017cytkownika. Oprogramowanie daje mo\u017cliwo\u015b\u0107 ods\u0142uchu i prowadzenia rozm\u00f3w ze wszystkich skonfigurowanych telefon\u00f3w i radiotelefon\u00f3w. <\/span><\/p>\n<p><span style=\"font-size: 10pt; color: #000000; font-family: georgia, palatino, serif;\"> TRX prowadzi swoj\u0105 dzia\u0142alno\u015b\u0107 na terenie ca\u0142ej Polski.<\/span><\/p>\n<p>&nbsp;<\/p>\n","protected":false},"excerpt":{"rendered":"<p>G\u0142\u00f3wn\u0105 dzia\u0142alno\u015bci\u0105 firmy TRX s.c. jest dostawa i serwis system\u00f3w \u0142\u0105czno\u015bci radiotelefonicznej. Jeste\u015bmy autoryzowanym Dealerem radiotelefon\u00f3w firmy MOTOROLA. W ofercie naszej znajdziecie Pa\u0144stwo szeroki asortyment urz\u0105dze\u0144 radiokomunikacyjnych, poprzez radiotelefony bazowe, przeno\u015bne, stacje retransmisyjne, po radiotelefony pracuj\u0105ce w pa\u015bmie og\u00f3lnodost\u0119pnym. Zajmujemy si\u0119 r\u00f3wnie\u017c sprzeda\u017c\u0105 cyfrowych rejestrator\u00f3w rozm\u00f3w KSRC oraz Zintegrowanymi Systemami Powiadamiania. Radiowe Systemy \u0141\u0105czno\u015bci Zapewniamy [&hellip;]<\/p>\n","protected":false},"author":118,"featured_media":0,"parent":0,"menu_order":0,"comment_status":"closed","ping_status":"closed","template":"","meta":{"footnotes":""},"class_list":["post-55","page","type-page","status-publish","hentry","post"],"aioseo_notices":[],"_links":{"self":[{"href":"https:\/\/trx.pl\/en\/wp-json\/wp\/v2\/pages\/55","targetHints":{"allow":["GET"]}}],"collection":[{"href":"https:\/\/trx.pl\/en\/wp-json\/wp\/v2\/pages"}],"about":[{"href":"https:\/\/trx.pl\/en\/wp-json\/wp\/v2\/types\/page"}],"author":[{"embeddable":true,"href":"https:\/\/trx.pl\/en\/wp-json\/wp\/v2\/users\/118"}],"replies":[{"embeddable":true,"href":"https:\/\/trx.pl\/en\/wp-json\/wp\/v2\/comments?post=55"}],"version-history":[{"count":12,"href":"https:\/\/trx.pl\/en\/wp-json\/wp\/v2\/pages\/55\/revisions"}],"predecessor-version":[{"id":1513,"href":"https:\/\/trx.pl\/en\/wp-json\/wp\/v2\/pages\/55\/revisions\/1513"}],"wp:attachment":[{"href":"https:\/\/trx.pl\/en\/wp-json\/wp\/v2\/media?parent=55"}],"curies":[{"name":"wp","href":"https:\/\/api.w.org\/{rel}","templated":true}]}}