{"id":795,"date":"2018-06-15T13:35:28","date_gmt":"2018-06-15T11:35:28","guid":{"rendered":"http:\/\/trx.pl\/?page_id=795"},"modified":"2018-07-30T11:55:26","modified_gmt":"2018-07-30T09:55:26","slug":"roip","status":"publish","type":"page","link":"https:\/\/trx.pl\/en\/roip\/","title":{"rendered":"TRX Radio over IP"},"content":{"rendered":"<p><span style=\"color: #000000;\"><img decoding=\"async\" class=\"aligncenter\" src=\"http:\/\/trx.pl\/wp-content\/uploads\/2018\/06\/roip_logo.png\" alt=\"TRX Radio over IP, RoIP\" \/><\/span><\/p>\n<p>&nbsp;<\/p>\n<p><span style=\"color: #000000;\">Darmowe oprogramowanie do obs\u0142ugi zdalnych sterowa\u0144 <strong><a style=\"color: #000000;\" href=\"http:\/\/trx.pl\/products\/sgm5es\/\">TRX SGM5ES<\/a><\/strong>. W po\u0142\u0105czeniu ze sterownikami SGM5ES umo\u017cliwia sterowanie radiotelefonami po sieci IP. Zapewnia przeniesienie funkcjonalno\u015bci radiotelefonu takich jak np. przeniesienie wy\u015bwietlacza, przeniesienie audio, sterowanie przyciskami radiotelefonu, nadawanie, odbi\u00f3r.<\/span><\/p>\n<p>&nbsp;<\/p>\n<p><span style=\"color: #000000;\"><img loading=\"lazy\" decoding=\"async\" class=\"aligncenter\" src=\"http:\/\/trx.pl\/pliki\/foto\/trx_roip.png\" alt=\"TRX RoIP\" width=\"827\" height=\"727\" \/><\/span><\/p>\n<p><span style=\"color: #000000;\">\u00a0<\/span><\/p>\n<p><span style=\"color: #000000;\">Poniewa\u017c sterowniki TRX SGM5ES posiadaj\u0105 wielodost\u0119p, wielu u\u017cytkownik\u00f3w mo\u017ce korzysta\u0107 z jednego radiotelefonu. Warunkiem jest jedynie posiadanie g\u0142o\u015bnik\u00f3w i mikrofonu pod\u0142\u0105czonych do komputera i dost\u0119pno\u015b\u0107 urz\u0105dzenia SGM5ES w sieci IP.<\/span><\/p>\n<p>&nbsp;<\/p>\n<p><span style=\"color: #000000; font-size: 14pt;\"><strong>Oprogramowanie TRX Radio over IP obs\u0142uguje modele radiotelefon\u00f3w takie jak:<\/strong><\/span><\/p>\n<ul>\n<li><span style=\"color: #000000;\">Motorola GM360<\/span><\/li>\n<li><span style=\"color: #000000;\">Motorola GM380<\/span><\/li>\n<li><span style=\"color: #000000;\">Motorola GM660<\/span><\/li>\n<li><span style=\"color: #000000;\">Motorola GM1280<\/span><\/li>\n<li><span style=\"color: #000000;\">Motorola DM3600\/DM3601<\/span><\/li>\n<li><span style=\"color: #000000;\">Motorola DM4600\/DM4601\/DM4600e,DM4601e<\/span><\/li>\n<li><span style=\"color: #000000;\">Motorola MTM5400<\/span><\/li>\n<li><span style=\"color: #000000;\">Kenwood NX700<\/span><\/li>\n<li><span style=\"color: #000000;\">Kenwood TK7180<\/span><\/li>\n<li><span style=\"color: #000000;\">Ericsson Orion<\/span><\/li>\n<li><span style=\"color: #000000;\">Hytera MD785\/MD785G<\/span><\/li>\n<li><span style=\"color: #000000;\">Icom IC-F5062<\/span><\/li>\n<\/ul>\n<p>&nbsp;<\/p>\n<p><span style=\"color: #000000;\">Najnowsz\u0105 wersj\u0119 oprogramowanie TRX Radio over IP mo\u017cna znale\u017a\u0107\u00a0 <span style=\"font-size: 18pt;\"><strong><a style=\"color: #000000; text-decoration: underline;\" href=\"http:\/\/serwer.trx.pl\/roip_win.php\">tutaj<\/a><\/strong><\/span>.<\/span><\/p>\n<p>&nbsp;<\/p>\n<p><strong>Materia\u0142y do pobrania:<\/strong><\/p>\n<p><a href=\"http:\/\/trx.pl\/pliki\/instrukcje\/instrukcja_TRX_RoIP.pdf\"><img loading=\"lazy\" decoding=\"async\" class=\"alignleft\" src=\"http:\/\/trx.pl\/pliki\/ikony\/pdf.png\" alt=\"\" width=\"35\" height=\"42\" \/>Instrukcja TRX Radio over IP (TRX RoIP)<\/a><\/p>\n<p>&nbsp;<\/p>\n<p><a href=\"ftp:\/\/ftp.trx.com.pl\/RoIP\/TRX_RoIP_2.6.11.114.exe\"><img loading=\"lazy\" decoding=\"async\" class=\"alignleft\" src=\"http:\/\/trx.pl\/pliki\/ikony\/exe.png\" alt=\"\" width=\"35\" height=\"42\" \/>Oprogramowanie TRX Radio over IP (TRX RoIP)<\/a><\/p>\n<p>&nbsp;<\/p>\n<p><a href=\"http:\/\/trx.pl\/pliki\/instrukcje\/TRX_RoIP_Software_User_Guide.pdf\"><img loading=\"lazy\" decoding=\"async\" class=\"alignleft\" src=\"http:\/\/trx.pl\/pliki\/ikony\/pdf.png\" alt=\"\" width=\"35\" height=\"42\" \/>TRX Radio over IP Software User Guide (TRX RoIP)<\/a><\/p>\n","protected":false},"excerpt":{"rendered":"<p>&nbsp; Darmowe oprogramowanie do obs\u0142ugi zdalnych sterowa\u0144 TRX SGM5ES. W po\u0142\u0105czeniu ze sterownikami SGM5ES umo\u017cliwia sterowanie radiotelefonami po sieci IP. Zapewnia przeniesienie funkcjonalno\u015bci radiotelefonu takich jak np. przeniesienie wy\u015bwietlacza, przeniesienie audio, sterowanie przyciskami radiotelefonu, nadawanie, odbi\u00f3r. &nbsp; \u00a0 Poniewa\u017c sterowniki TRX SGM5ES posiadaj\u0105 wielodost\u0119p, wielu u\u017cytkownik\u00f3w mo\u017ce korzysta\u0107 z jednego radiotelefonu. Warunkiem jest jedynie posiadanie [&hellip;]<\/p>\n","protected":false},"author":118,"featured_media":796,"parent":0,"menu_order":0,"comment_status":"closed","ping_status":"closed","template":"","meta":{"footnotes":""},"class_list":["post-795","page","type-page","status-publish","has-post-thumbnail","hentry","post","post-with-thumbnail","post-with-thumbnail-large"],"aioseo_notices":[],"_links":{"self":[{"href":"https:\/\/trx.pl\/en\/wp-json\/wp\/v2\/pages\/795","targetHints":{"allow":["GET"]}}],"collection":[{"href":"https:\/\/trx.pl\/en\/wp-json\/wp\/v2\/pages"}],"about":[{"href":"https:\/\/trx.pl\/en\/wp-json\/wp\/v2\/types\/page"}],"author":[{"embeddable":true,"href":"https:\/\/trx.pl\/en\/wp-json\/wp\/v2\/users\/118"}],"replies":[{"embeddable":true,"href":"https:\/\/trx.pl\/en\/wp-json\/wp\/v2\/comments?post=795"}],"version-history":[{"count":11,"href":"https:\/\/trx.pl\/en\/wp-json\/wp\/v2\/pages\/795\/revisions"}],"predecessor-version":[{"id":1378,"href":"https:\/\/trx.pl\/en\/wp-json\/wp\/v2\/pages\/795\/revisions\/1378"}],"wp:featuredmedia":[{"embeddable":true,"href":"https:\/\/trx.pl\/en\/wp-json\/wp\/v2\/media\/796"}],"wp:attachment":[{"href":"https:\/\/trx.pl\/en\/wp-json\/wp\/v2\/media?parent=795"}],"curies":[{"name":"wp","href":"https:\/\/api.w.org\/{rel}","templated":true}]}}