{"id":945,"date":"2018-06-27T15:24:49","date_gmt":"2018-06-27T13:24:49","guid":{"rendered":"http:\/\/trx.pl\/?page_id=945"},"modified":"2018-06-28T14:26:26","modified_gmt":"2018-06-28T12:26:26","slug":"dp3000e","status":"publish","type":"page","link":"https:\/\/trx.pl\/en\/radiotelefony\/motorola\/mototrbo\/przenosne\/dp3000e\/","title":{"rendered":"Seria radiotelefon\u00f3w Motorola DP3000e"},"content":{"rendered":"<div id=\"radio_container\" style=\"width: 100%;\">\n<div id=\"radio_header\">\n<div id=\"radio_image\" style=\"width: 400px; float: left; margin-right:20px;\"><img decoding=\"async\" src=\"http:\/\/trx.pl\/pliki\/foto\/seria_dp3000e.jpg\" width=\"400px\" \/><\/div>\n<div id=\"radio_sdescryption\" style=\"\">\nNowa seria radiotelefon\u00f3w MOTOTRBO DP3000e zapewnia lepsz\u0105 \u0142\u0105czno\u015b\u0107, wydajno\u015b\u0107 i bezpiecze\u0144stwo. Zaprojektowane z my\u015bl\u0105 o profesjonalistach. <\/p>\n<p><b>Seria DP3000e obejmuje modele takie jak:<\/b><br \/>\n&#8211; Motorola DP3441e<br \/>\n&#8211; Motorola DP3661e<\/p>\n<p>&nbsp;<br \/>\n<\/div>\n<\/div>\n<div id=\"radio_content\">\n<!-- <span style=\"font-size: 16pt; color: #000000;\"><strong>Cechy radiotelefonu:<\/strong><\/span>--><\/p>\n<p><span style=\"color: #000000; font-size: 14pt;\"><strong>Materia\u0142y do pobrania:<\/strong><\/span><\/p>\n<p><img loading=\"lazy\" decoding=\"async\" class=\"alignleft\" src=\"http:\/\/trx.pl\/pliki\/ikony\/pdf.png\" alt=\"\" width=\"35\" height=\"42\" \/><\/p>\n<p><span style=\"color: #000000;\"><a style=\"color: #000000;\" href=\"http:\/\/trx.pl\/pliki\/motorola\/Broszura_DP3000e.pdf\"><strong>Broszura Motorola Seria DP3000e<\/strong><\/a><\/span><br \/>\n&nbsp;<br \/>\n&nbsp;<\/p>\n<p><img loading=\"lazy\" decoding=\"async\" class=\"alignleft\" src=\"http:\/\/trx.pl\/pliki\/ikony\/pdf.png\" alt=\"\" width=\"35\" height=\"42\" \/><\/p>\n<p><span style=\"color: #000000;\"><a style=\"color: #000000;\" href=\"http:\/\/trx.pl\/pliki\/motorola\/Broszura_Rodzina_MOTOTRBO.pdf\"><strong>Broszura serii MOTOTRBO<\/strong><\/a><\/span><\/p>\n<\/div>\n<\/div>\n","protected":false},"excerpt":{"rendered":"<p>Nowa seria radiotelefon\u00f3w MOTOTRBO DP3000e zapewnia lepsz\u0105 \u0142\u0105czno\u015b\u0107, wydajno\u015b\u0107 i bezpiecze\u0144stwo. Zaprojektowane z my\u015bl\u0105 o profesjonalistach. Seria DP3000e obejmuje modele takie jak: &#8211; Motorola DP3441e &#8211; Motorola DP3661e &nbsp; Materia\u0142y do pobrania: Broszura Motorola Seria DP3000e &nbsp; &nbsp; Broszura serii MOTOTRBO<\/p>\n","protected":false},"author":118,"featured_media":0,"parent":916,"menu_order":0,"comment_status":"closed","ping_status":"closed","template":"","meta":{"footnotes":""},"class_list":["post-945","page","type-page","status-publish","hentry","post"],"aioseo_notices":[],"_links":{"self":[{"href":"https:\/\/trx.pl\/en\/wp-json\/wp\/v2\/pages\/945","targetHints":{"allow":["GET"]}}],"collection":[{"href":"https:\/\/trx.pl\/en\/wp-json\/wp\/v2\/pages"}],"about":[{"href":"https:\/\/trx.pl\/en\/wp-json\/wp\/v2\/types\/page"}],"author":[{"embeddable":true,"href":"https:\/\/trx.pl\/en\/wp-json\/wp\/v2\/users\/118"}],"replies":[{"embeddable":true,"href":"https:\/\/trx.pl\/en\/wp-json\/wp\/v2\/comments?post=945"}],"version-history":[{"count":6,"href":"https:\/\/trx.pl\/en\/wp-json\/wp\/v2\/pages\/945\/revisions"}],"predecessor-version":[{"id":1090,"href":"https:\/\/trx.pl\/en\/wp-json\/wp\/v2\/pages\/945\/revisions\/1090"}],"up":[{"embeddable":true,"href":"https:\/\/trx.pl\/en\/wp-json\/wp\/v2\/pages\/916"}],"wp:attachment":[{"href":"https:\/\/trx.pl\/en\/wp-json\/wp\/v2\/media?parent=945"}],"curies":[{"name":"wp","href":"https:\/\/api.w.org\/{rel}","templated":true}]}}