{"id":949,"date":"2018-06-27T15:25:43","date_gmt":"2018-06-27T13:25:43","guid":{"rendered":"http:\/\/trx.pl\/?page_id=949"},"modified":"2018-06-28T14:27:33","modified_gmt":"2018-06-28T12:27:33","slug":"sl4000e","status":"publish","type":"page","link":"https:\/\/trx.pl\/en\/radiotelefony\/motorola\/mototrbo\/przenosne\/sl4000e\/","title":{"rendered":"Seria radiotelefon\u00f3w Motorola SL4000e"},"content":{"rendered":"<div id=\"radio_container\" style=\"width: 100%;\">\n<div id=\"radio_header\">\n<div id=\"radio_image\" style=\"width: 400px; float: left; margin-right:20px;\"><img decoding=\"async\" src=\"http:\/\/trx.pl\/pliki\/foto\/seria_sl4000e.jpg\" width=\"400px\" \/><\/div>\n<div id=\"radio_sdescryption\" style=\"\">\nNowa seria radiotelefon\u00f3w MOTOTRBO SL4000e zapewnia lepsz\u0105 \u0142\u0105czno\u015b\u0107, wydajno\u015b\u0107 i bezpiecze\u0144stwo. Zaprojektowane z my\u015bl\u0105 o profesjonalistach. <\/p>\n<p><b>Seria SL4000e obejmuje modele takie jak:<\/b><br \/>\n&#8211; Motorola SL4000e<br \/>\n&#8211; Motorola SL4010e<\/p>\n<p>&nbsp;<br \/>\n<\/div>\n<\/div>\n<div id=\"radio_content\">\n<!-- <span style=\"font-size: 16pt; color: #000000;\"><strong>Cechy radiotelefonu:<\/strong><\/span>--><\/p>\n<p><span style=\"color: #000000; font-size: 14pt;\"><strong>Materia\u0142y do pobrania:<\/strong><\/span><\/p>\n<p><img loading=\"lazy\" decoding=\"async\" class=\"alignleft\" src=\"http:\/\/trx.pl\/pliki\/ikony\/pdf.png\" alt=\"\" width=\"35\" height=\"42\" \/><\/p>\n<p><span style=\"color: #000000;\"><a style=\"color: #000000;\" href=\"http:\/\/trx.pl\/pliki\/motorola\/SL4000e_broszura_PL.pdf\"><strong>Broszura Motorola Seria SL4000e<\/strong><\/a><\/span><br \/>\n&nbsp;<br \/>\n&nbsp;<\/p>\n<p><img loading=\"lazy\" decoding=\"async\" class=\"alignleft\" src=\"http:\/\/trx.pl\/pliki\/ikony\/pdf.png\" alt=\"\" width=\"35\" height=\"42\" \/><\/p>\n<p><span style=\"color: #000000;\"><a style=\"color: #000000;\" href=\"http:\/\/trx.pl\/pliki\/motorola\/Broszura_Rodzina_MOTOTRBO.pdf\"><strong>Broszura serii MOTOTRBO<\/strong><\/a><\/span><\/p>\n<\/div>\n<\/div>\n","protected":false},"excerpt":{"rendered":"<p>Nowa seria radiotelefon\u00f3w MOTOTRBO SL4000e zapewnia lepsz\u0105 \u0142\u0105czno\u015b\u0107, wydajno\u015b\u0107 i bezpiecze\u0144stwo. Zaprojektowane z my\u015bl\u0105 o profesjonalistach. Seria SL4000e obejmuje modele takie jak: &#8211; Motorola SL4000e &#8211; Motorola SL4010e &nbsp; Materia\u0142y do pobrania: Broszura Motorola Seria SL4000e &nbsp; &nbsp; Broszura serii MOTOTRBO<\/p>\n","protected":false},"author":118,"featured_media":0,"parent":916,"menu_order":0,"comment_status":"closed","ping_status":"closed","template":"","meta":{"footnotes":""},"class_list":["post-949","page","type-page","status-publish","hentry","post"],"aioseo_notices":[],"_links":{"self":[{"href":"https:\/\/trx.pl\/en\/wp-json\/wp\/v2\/pages\/949","targetHints":{"allow":["GET"]}}],"collection":[{"href":"https:\/\/trx.pl\/en\/wp-json\/wp\/v2\/pages"}],"about":[{"href":"https:\/\/trx.pl\/en\/wp-json\/wp\/v2\/types\/page"}],"author":[{"embeddable":true,"href":"https:\/\/trx.pl\/en\/wp-json\/wp\/v2\/users\/118"}],"replies":[{"embeddable":true,"href":"https:\/\/trx.pl\/en\/wp-json\/wp\/v2\/comments?post=949"}],"version-history":[{"count":4,"href":"https:\/\/trx.pl\/en\/wp-json\/wp\/v2\/pages\/949\/revisions"}],"predecessor-version":[{"id":1092,"href":"https:\/\/trx.pl\/en\/wp-json\/wp\/v2\/pages\/949\/revisions\/1092"}],"up":[{"embeddable":true,"href":"https:\/\/trx.pl\/en\/wp-json\/wp\/v2\/pages\/916"}],"wp:attachment":[{"href":"https:\/\/trx.pl\/en\/wp-json\/wp\/v2\/media?parent=949"}],"curies":[{"name":"wp","href":"https:\/\/api.w.org\/{rel}","templated":true}]}}