{"id":956,"date":"2018-06-27T15:28:15","date_gmt":"2018-06-27T13:28:15","guid":{"rendered":"http:\/\/trx.pl\/?page_id=956"},"modified":"2018-06-28T14:29:24","modified_gmt":"2018-06-28T12:29:24","slug":"dp1400","status":"publish","type":"page","link":"https:\/\/trx.pl\/en\/radiotelefony\/motorola\/mototrbo\/przenosne\/dp1400\/","title":{"rendered":"Radiotelefon Motorola DP1400"},"content":{"rendered":"<div id=\"radio_container\" style=\"width: 100%;\">\n<div id=\"radio_header\">\n<div id=\"radio_image\" style=\"width: 400px; float: left; margin-right:20px;\"><img decoding=\"async\" src=\"http:\/\/trx.pl\/pliki\/foto\/dp1400.jpg\" width=\"400px\" \/><\/div>\n<div id=\"radio_sdescryption\" style=\"\">\nSeria radiotelefon\u00f3w MOTOTRBO DP1400 zapewnia lepsz\u0105 \u0142\u0105czno\u015b\u0107, wydajno\u015b\u0107 i bezpiecze\u0144stwo. Zaprojektowane z my\u015bl\u0105 o profesjonalistach. <\/p>\n<p>&nbsp;<br \/>\n<\/div>\n<\/div>\n<div id=\"radio_content\">\n<!-- <span style=\"font-size: 16pt; color: #000000;\"><strong>Cechy radiotelefonu:<\/strong><\/span>--><\/p>\n<p><span style=\"color: #000000; font-size: 14pt;\"><strong>Materia\u0142y do pobrania:<\/strong><\/span><\/p>\n<p><img loading=\"lazy\" decoding=\"async\" class=\"alignleft\" src=\"http:\/\/trx.pl\/pliki\/ikony\/pdf.png\" alt=\"\" width=\"35\" height=\"42\" \/><\/p>\n<p><span style=\"color: #000000;\"><a style=\"color: #000000;\" href=\"http:\/\/trx.pl\/pliki\/motorola\/DP1400_broszura_PL_v3.pdf\"><strong>Broszura Motorola DP1400<\/strong><\/a><\/span><br \/>\n&nbsp;<br \/>\n&nbsp;<\/p>\n<p><img loading=\"lazy\" decoding=\"async\" class=\"alignleft\" src=\"http:\/\/trx.pl\/pliki\/ikony\/pdf.png\" alt=\"\" width=\"35\" height=\"42\" \/><\/p>\n<p><span style=\"color: #000000;\"><a style=\"color: #000000;\" href=\"http:\/\/trx.pl\/pliki\/motorola\/Broszura_Rodzina_MOTOTRBO.pdf\"><strong>Broszura serii MOTOTRBO<\/strong><\/a><\/span><\/p>\n<\/div>\n<\/div>\n","protected":false},"excerpt":{"rendered":"<p>Seria radiotelefon\u00f3w MOTOTRBO DP1400 zapewnia lepsz\u0105 \u0142\u0105czno\u015b\u0107, wydajno\u015b\u0107 i bezpiecze\u0144stwo. Zaprojektowane z my\u015bl\u0105 o profesjonalistach. &nbsp; Materia\u0142y do pobrania: Broszura Motorola DP1400 &nbsp; &nbsp; Broszura serii MOTOTRBO<\/p>\n","protected":false},"author":118,"featured_media":0,"parent":916,"menu_order":0,"comment_status":"closed","ping_status":"closed","template":"","meta":{"footnotes":""},"class_list":["post-956","page","type-page","status-publish","hentry","post"],"aioseo_notices":[],"_links":{"self":[{"href":"https:\/\/trx.pl\/en\/wp-json\/wp\/v2\/pages\/956","targetHints":{"allow":["GET"]}}],"collection":[{"href":"https:\/\/trx.pl\/en\/wp-json\/wp\/v2\/pages"}],"about":[{"href":"https:\/\/trx.pl\/en\/wp-json\/wp\/v2\/types\/page"}],"author":[{"embeddable":true,"href":"https:\/\/trx.pl\/en\/wp-json\/wp\/v2\/users\/118"}],"replies":[{"embeddable":true,"href":"https:\/\/trx.pl\/en\/wp-json\/wp\/v2\/comments?post=956"}],"version-history":[{"count":4,"href":"https:\/\/trx.pl\/en\/wp-json\/wp\/v2\/pages\/956\/revisions"}],"predecessor-version":[{"id":1095,"href":"https:\/\/trx.pl\/en\/wp-json\/wp\/v2\/pages\/956\/revisions\/1095"}],"up":[{"embeddable":true,"href":"https:\/\/trx.pl\/en\/wp-json\/wp\/v2\/pages\/916"}],"wp:attachment":[{"href":"https:\/\/trx.pl\/en\/wp-json\/wp\/v2\/media?parent=956"}],"curies":[{"name":"wp","href":"https:\/\/api.w.org\/{rel}","templated":true}]}}