{"id":982,"date":"2018-06-27T15:43:12","date_gmt":"2018-06-27T13:43:12","guid":{"rendered":"http:\/\/trx.pl\/?page_id=982"},"modified":"2018-06-28T14:31:33","modified_gmt":"2018-06-28T12:31:33","slug":"slr5500","status":"publish","type":"page","link":"https:\/\/trx.pl\/en\/radiotelefony\/motorola\/mototrbo\/przemienniki\/slr5500\/","title":{"rendered":"Przemiennik radiowy Motorola SLR5500"},"content":{"rendered":"<div id=\"radio_container\" style=\"width: 100%;\">\n<div id=\"radio_header\">\n<div id=\"radio_image\" style=\"width: 400px; float: left; margin-right:20px;\"><img decoding=\"async\" src=\"http:\/\/trx.pl\/pliki\/foto\/slr5500.jpg\" width=\"400px\" \/><\/div>\n<div id=\"radio_sdescryption\" style=\"\">\nMotorola MOTOTRBO SLR 5500 zapewnia bardzo wydajn\u0105 i niezawodn\u0105 obs\u0142ug\u0119 dwukierunkow\u0105 radiotelefonu oraz wszystkie funkcje niezb\u0119dne do komunikacji. Zaprojektowany z my\u015bl\u0105 o niskim poborze mocy i ma\u0142ych wymiarach.<\/p>\n<\/div>\n<\/div>\n<div id=\"radio_content\">\n<!-- <span style=\"font-size: 16pt; color: #000000;\"><strong>Cechy radiotelefonu:<\/strong><\/span>--><br \/>\n&nbsp;<\/p>\n<p><span style=\"color: #000000; font-size: 14pt;\"><strong>Materia\u0142y do pobrania:<\/strong><\/span><\/p>\n<p><img loading=\"lazy\" decoding=\"async\" class=\"alignleft\" src=\"http:\/\/trx.pl\/pliki\/ikony\/pdf.png\" alt=\"\" width=\"35\" height=\"42\" \/><\/p>\n<p><span style=\"color: #000000;\"><a style=\"color: #000000;\" href=\"http:\/\/trx.pl\/pliki\/motorola\/mototrbo_slr_5500_repeater_data_sheet_pl.pdf\"><strong>Specyfikacja Motorola SLR5500<\/strong><\/a><\/span><\/p>\n<\/div>\n<\/div>\n","protected":false},"excerpt":{"rendered":"<p>Motorola MOTOTRBO SLR 5500 zapewnia bardzo wydajn\u0105 i niezawodn\u0105 obs\u0142ug\u0119 dwukierunkow\u0105 radiotelefonu oraz wszystkie funkcje niezb\u0119dne do komunikacji. Zaprojektowany z my\u015bl\u0105 o niskim poborze mocy i ma\u0142ych wymiarach. &nbsp; Materia\u0142y do pobrania: Specyfikacja Motorola SLR5500<\/p>\n","protected":false},"author":118,"featured_media":0,"parent":934,"menu_order":0,"comment_status":"closed","ping_status":"closed","template":"","meta":{"footnotes":""},"class_list":["post-982","page","type-page","status-publish","hentry","post"],"aioseo_notices":[],"_links":{"self":[{"href":"https:\/\/trx.pl\/en\/wp-json\/wp\/v2\/pages\/982","targetHints":{"allow":["GET"]}}],"collection":[{"href":"https:\/\/trx.pl\/en\/wp-json\/wp\/v2\/pages"}],"about":[{"href":"https:\/\/trx.pl\/en\/wp-json\/wp\/v2\/types\/page"}],"author":[{"embeddable":true,"href":"https:\/\/trx.pl\/en\/wp-json\/wp\/v2\/users\/118"}],"replies":[{"embeddable":true,"href":"https:\/\/trx.pl\/en\/wp-json\/wp\/v2\/comments?post=982"}],"version-history":[{"count":6,"href":"https:\/\/trx.pl\/en\/wp-json\/wp\/v2\/pages\/982\/revisions"}],"predecessor-version":[{"id":1099,"href":"https:\/\/trx.pl\/en\/wp-json\/wp\/v2\/pages\/982\/revisions\/1099"}],"up":[{"embeddable":true,"href":"https:\/\/trx.pl\/en\/wp-json\/wp\/v2\/pages\/934"}],"wp:attachment":[{"href":"https:\/\/trx.pl\/en\/wp-json\/wp\/v2\/media?parent=982"}],"curies":[{"name":"wp","href":"https:\/\/api.w.org\/{rel}","templated":true}]}}