{"id":984,"date":"2018-06-27T15:43:28","date_gmt":"2018-06-27T13:43:28","guid":{"rendered":"http:\/\/trx.pl\/?page_id=984"},"modified":"2018-06-28T14:32:00","modified_gmt":"2018-06-28T12:32:00","slug":"slr8000","status":"publish","type":"page","link":"https:\/\/trx.pl\/en\/radiotelefony\/motorola\/mototrbo\/przemienniki\/slr8000\/","title":{"rendered":"Przemiennik radiowy Motorola SLR8000"},"content":{"rendered":"<div id=\"radio_container\" style=\"width: 100%;\">\n<div id=\"radio_header\">\n<div id=\"radio_image\" style=\"width: 400px; float: left; margin-right:20px;\"><img decoding=\"async\" src=\"http:\/\/trx.pl\/pliki\/foto\/slr8000.jpg\" width=\"400px\" \/><\/div>\n<div id=\"radio_sdescryption\" style=\"\">\nWykorzystanie przemiennika radiowego Motorola SLR 8000 \u0142\u0105czy najlepsze cechy dwukierunkowej \u0142\u0105czno\u015bci radiowej z najnowsz\u0105 technologi\u0105 cyfrow\u0105. \u0141\u0105czy bezproblemowo transmisj\u0119 g\u0142osu i danych, oferuj\u0105c jednocze\u015bnie zaawansowane i \u0142atwe w u\u017cyciu funkcje, jak r\u00f3wnie\u017c zapewnia wi\u0119ksz\u0105 pojemno\u015b\u0107, zaspakajaj\u0105c potrzeby komunikacyjne bez wzgl\u0119du na to, czy jeste\u015b w terenie, czy na miejscu.<\/p>\n<\/div>\n<\/div>\n<div id=\"radio_content\">\n<!-- <span style=\"font-size: 16pt; color: #000000;\"><strong>Cechy radiotelefonu:<\/strong><\/span>--><br \/>\n&nbsp;<\/p>\n<p><span style=\"color: #000000; font-size: 14pt;\"><strong>Materia\u0142y do pobrania:<\/strong><\/span><\/p>\n<p><img loading=\"lazy\" decoding=\"async\" class=\"alignleft\" src=\"http:\/\/trx.pl\/pliki\/ikony\/pdf.png\" alt=\"\" width=\"35\" height=\"42\" \/><\/p>\n<p><span style=\"color: #000000;\"><a style=\"color: #000000;\" href=\"http:\/\/trx.pl\/pliki\/motorola\/slr8000_datasheet_pl.pdf\"><strong>Specyfikacja Motorola SLR8000<\/strong><\/a><\/span><\/p>\n<\/div>\n<\/div>\n","protected":false},"excerpt":{"rendered":"<p>Wykorzystanie przemiennika radiowego Motorola SLR 8000 \u0142\u0105czy najlepsze cechy dwukierunkowej \u0142\u0105czno\u015bci radiowej z najnowsz\u0105 technologi\u0105 cyfrow\u0105. \u0141\u0105czy bezproblemowo transmisj\u0119 g\u0142osu i danych, oferuj\u0105c jednocze\u015bnie zaawansowane i \u0142atwe w u\u017cyciu funkcje, jak r\u00f3wnie\u017c zapewnia wi\u0119ksz\u0105 pojemno\u015b\u0107, zaspakajaj\u0105c potrzeby komunikacyjne bez wzgl\u0119du na to, czy jeste\u015b w terenie, czy na miejscu. &nbsp; Materia\u0142y do pobrania: Specyfikacja Motorola [&hellip;]<\/p>\n","protected":false},"author":118,"featured_media":0,"parent":934,"menu_order":0,"comment_status":"closed","ping_status":"closed","template":"","meta":{"footnotes":""},"class_list":["post-984","page","type-page","status-publish","hentry","post"],"aioseo_notices":[],"_links":{"self":[{"href":"https:\/\/trx.pl\/en\/wp-json\/wp\/v2\/pages\/984","targetHints":{"allow":["GET"]}}],"collection":[{"href":"https:\/\/trx.pl\/en\/wp-json\/wp\/v2\/pages"}],"about":[{"href":"https:\/\/trx.pl\/en\/wp-json\/wp\/v2\/types\/page"}],"author":[{"embeddable":true,"href":"https:\/\/trx.pl\/en\/wp-json\/wp\/v2\/users\/118"}],"replies":[{"embeddable":true,"href":"https:\/\/trx.pl\/en\/wp-json\/wp\/v2\/comments?post=984"}],"version-history":[{"count":7,"href":"https:\/\/trx.pl\/en\/wp-json\/wp\/v2\/pages\/984\/revisions"}],"predecessor-version":[{"id":1100,"href":"https:\/\/trx.pl\/en\/wp-json\/wp\/v2\/pages\/984\/revisions\/1100"}],"up":[{"embeddable":true,"href":"https:\/\/trx.pl\/en\/wp-json\/wp\/v2\/pages\/934"}],"wp:attachment":[{"href":"https:\/\/trx.pl\/en\/wp-json\/wp\/v2\/media?parent=984"}],"curies":[{"name":"wp","href":"https:\/\/api.w.org\/{rel}","templated":true}]}}