{"id":986,"date":"2018-06-27T15:43:42","date_gmt":"2018-06-27T13:43:42","guid":{"rendered":"http:\/\/trx.pl\/?page_id=986"},"modified":"2018-06-28T14:32:40","modified_gmt":"2018-06-28T12:32:40","slug":"slr1000","status":"publish","type":"page","link":"https:\/\/trx.pl\/en\/radiotelefony\/motorola\/mototrbo\/przemienniki\/slr1000\/","title":{"rendered":"Przemiennik radiowy Motorola SLR1000"},"content":{"rendered":"<div id=\"radio_container\" style=\"width: 100%;\">\n<div id=\"radio_header\">\n<div id=\"radio_image\" style=\"width: 400px; float: left; margin-right:20px;\"><img decoding=\"async\" src=\"http:\/\/trx.pl\/pliki\/foto\/slr1000.jpg\" width=\"400px\" \/><\/div>\n<div id=\"radio_sdescryption\" style=\"\">\nWykorzystanie przemiennika radiowego Motorola SLR 1000 mo\u017ce znacz\u0105co zwi\u0119kszy\u0107 zasi\u0119g sieci i dost\u0119pno\u015b\u0107 radiotelefon\u00f3w w trudnym terenie. Dzi\u0119ki klasie odporno\u015bci IP65 mo\u017ce by\u0107 zainstalowany w budynku i na zewn\u0105trz.<\/p>\n<\/div>\n<\/div>\n<div id=\"radio_content\">\n<!-- <span style=\"font-size: 16pt; color: #000000;\"><strong>Cechy radiotelefonu:<\/strong><\/span>--><br \/>\n&nbsp;<\/p>\n<p><span style=\"color: #000000; font-size: 14pt;\"><strong>Materia\u0142y do pobrania:<\/strong><\/span><\/p>\n<p><img loading=\"lazy\" decoding=\"async\" class=\"alignleft\" src=\"http:\/\/trx.pl\/pliki\/ikony\/pdf.png\" alt=\"\" width=\"35\" height=\"42\" \/><\/p>\n<p><span style=\"color: #000000;\"><a style=\"color: #000000;\" href=\"http:\/\/trx.pl\/pliki\/motorola\/SLR1000_Brochure_POL_lor.pdf\"><strong>Broszura Motorola SLR1000<\/strong><\/a><\/span><br \/>\n&nbsp;<br \/>\n&nbsp;<\/p>\n<p><img loading=\"lazy\" decoding=\"async\" class=\"alignleft\" src=\"http:\/\/trx.pl\/pliki\/ikony\/pdf.png\" alt=\"\" width=\"35\" height=\"42\" \/><\/p>\n<p><span style=\"color: #000000;\"><a style=\"color: #000000;\" href=\"http:\/\/trx.pl\/pliki\/motorola\/SLR1000_DataSheet_POL_lor.pdf\"><strong>Specyfikacja Motorola SLR1000<\/strong><\/a><\/span><\/p>\n<\/div>\n<\/div>\n","protected":false},"excerpt":{"rendered":"<p>Wykorzystanie przemiennika radiowego Motorola SLR 1000 mo\u017ce znacz\u0105co zwi\u0119kszy\u0107 zasi\u0119g sieci i dost\u0119pno\u015b\u0107 radiotelefon\u00f3w w trudnym terenie. Dzi\u0119ki klasie odporno\u015bci IP65 mo\u017ce by\u0107 zainstalowany w budynku i na zewn\u0105trz. &nbsp; Materia\u0142y do pobrania: Broszura Motorola SLR1000 &nbsp; &nbsp; Specyfikacja Motorola SLR1000<\/p>\n","protected":false},"author":118,"featured_media":0,"parent":934,"menu_order":0,"comment_status":"closed","ping_status":"closed","template":"","meta":{"footnotes":""},"class_list":["post-986","page","type-page","status-publish","hentry","post"],"aioseo_notices":[],"_links":{"self":[{"href":"https:\/\/trx.pl\/en\/wp-json\/wp\/v2\/pages\/986","targetHints":{"allow":["GET"]}}],"collection":[{"href":"https:\/\/trx.pl\/en\/wp-json\/wp\/v2\/pages"}],"about":[{"href":"https:\/\/trx.pl\/en\/wp-json\/wp\/v2\/types\/page"}],"author":[{"embeddable":true,"href":"https:\/\/trx.pl\/en\/wp-json\/wp\/v2\/users\/118"}],"replies":[{"embeddable":true,"href":"https:\/\/trx.pl\/en\/wp-json\/wp\/v2\/comments?post=986"}],"version-history":[{"count":8,"href":"https:\/\/trx.pl\/en\/wp-json\/wp\/v2\/pages\/986\/revisions"}],"predecessor-version":[{"id":1101,"href":"https:\/\/trx.pl\/en\/wp-json\/wp\/v2\/pages\/986\/revisions\/1101"}],"up":[{"embeddable":true,"href":"https:\/\/trx.pl\/en\/wp-json\/wp\/v2\/pages\/934"}],"wp:attachment":[{"href":"https:\/\/trx.pl\/en\/wp-json\/wp\/v2\/media?parent=986"}],"curies":[{"name":"wp","href":"https:\/\/api.w.org\/{rel}","templated":true}]}}