{"id":137857,"date":"2022-08-05T12:38:59","date_gmt":"2022-08-05T10:38:59","guid":{"rendered":"https:\/\/trx.pl\/?post_type=product&#038;p=137857"},"modified":"2022-08-05T12:59:18","modified_gmt":"2022-08-05T10:59:18","slug":"bramka-audio","status":"publish","type":"product","link":"https:\/\/trx.pl\/en\/products\/bramka-audio\/","title":{"rendered":"Bramka audio"},"content":{"rendered":"<p><strong>Dane techniczne:<\/strong><\/p>\n<ul>\n<li>komunikacja poprzez sie\u0107 IP<\/li>\n<li>wsp\u00f3\u0142pracuje ze sterownikiem TRX SGM5ES<\/li>\n<li>sygnalizacja nadawania, odbioru i zasilania<\/li>\n<li>zasilanie: 12V DC<\/li>\n<li>wymiary: 160 x 150 x 40 mm<\/li>\n<\/ul>\n<p>&nbsp;<\/p>\n<p><strong>Schemat obrazuj\u0105cy zasad\u0119 dzia\u0142ania:<\/strong><\/p>\n<p><img loading=\"lazy\" decoding=\"async\" class=\"wp-image-137921 \" src=\"https:\/\/trx.pl\/wp-content\/uploads\/2022\/08\/image190-1-1024x443.png\" alt=\"Schemat TRX Bramka Audio\" width=\"1044\" height=\"451\" srcset=\"https:\/\/trx.pl\/wp-content\/uploads\/2022\/08\/image190-1-1024x443.png 1024w, https:\/\/trx.pl\/wp-content\/uploads\/2022\/08\/image190-1-300x130.png 300w, https:\/\/trx.pl\/wp-content\/uploads\/2022\/08\/image190-1-768x332.png 768w, https:\/\/trx.pl\/wp-content\/uploads\/2022\/08\/image190-1-600x260.png 600w, https:\/\/trx.pl\/wp-content\/uploads\/2022\/08\/image190-1.png 1125w\" sizes=\"auto, (max-width: 1044px) 100vw, 1044px\" \/><\/p>\n","protected":false},"excerpt":{"rendered":"<p>Bramka audio umo\u017cliwia pod\u0142\u0105czenie stacji bazowej DSP-15 przez sie\u0107 IP.<\/p>\n<p>Urz\u0105dzenie komunikuje si\u0119 ze sterownikiem SGM5ES poprzez sie\u0107 IP.<\/p>\n","protected":false},"featured_media":137858,"template":"","meta":[],"product_brand":[],"product_cat":[47],"product_tag":[],"class_list":{"0":"post-137857","1":"product","2":"type-product","3":"status-publish","4":"has-post-thumbnail","6":"product_cat-sterowania-ip","7":"post","8":"post-with-thumbnail","9":"post-with-thumbnail-large","11":"first","12":"instock","13":"shipping-taxable","14":"product-type-simple"},"aioseo_notices":[],"_links":{"self":[{"href":"https:\/\/trx.pl\/en\/wp-json\/wp\/v2\/product\/137857","targetHints":{"allow":["GET"]}}],"collection":[{"href":"https:\/\/trx.pl\/en\/wp-json\/wp\/v2\/product"}],"about":[{"href":"https:\/\/trx.pl\/en\/wp-json\/wp\/v2\/types\/product"}],"wp:featuredmedia":[{"embeddable":true,"href":"https:\/\/trx.pl\/en\/wp-json\/wp\/v2\/media\/137858"}],"wp:attachment":[{"href":"https:\/\/trx.pl\/en\/wp-json\/wp\/v2\/media?parent=137857"}],"wp:term":[{"taxonomy":"product_brand","embeddable":true,"href":"https:\/\/trx.pl\/en\/wp-json\/wp\/v2\/product_brand?post=137857"},{"taxonomy":"product_cat","embeddable":true,"href":"https:\/\/trx.pl\/en\/wp-json\/wp\/v2\/product_cat?post=137857"},{"taxonomy":"product_tag","embeddable":true,"href":"https:\/\/trx.pl\/en\/wp-json\/wp\/v2\/product_tag?post=137857"}],"curies":[{"name":"wp","href":"https:\/\/api.w.org\/{rel}","templated":true}]}}