{"id":137975,"date":"2022-08-05T13:41:31","date_gmt":"2022-08-05T11:41:31","guid":{"rendered":"https:\/\/trx.pl\/?post_type=product&#038;p=137975"},"modified":"2022-08-05T14:13:52","modified_gmt":"2022-08-05T12:13:52","slug":"konsola-dyspozytorska-kds250pc","status":"publish","type":"product","link":"https:\/\/trx.pl\/en\/products\/konsola-dyspozytorska-kds250pc\/","title":{"rendered":"Konsola Dyspozytorska KDS250PC"},"content":{"rendered":"<p>Ekran dotykowy 7-calowy umo\u017cliwia obs\u0142ug\u0119 wielu \u015brodk\u00f3w \u0142\u0105czno\u015bci radiowej. Konsola pozwala tak\u017ce na rozmow\u0119 pomi\u0119dzy dy\u017curnymi, komunikacj\u0119 przez radiow\u0119ze\u0142 czy te\u017c sterowanie automatyk\u0105 budynku (np. otwieranie bram gara\u017cowych).<\/p>\n<p>Wbudowane g\u0142o\u015bniki, przyciski nadawania PTT oraz mikrofon na g\u0119siej szyi zapewniaj\u0105 komfortow\u0105 obs\u0142ug\u0119 \u015brodk\u00f3w \u0142\u0105czno\u015bci radiowej.<\/p>\n<p>Urz\u0105dzenie wyposa\u017cone jest w ch\u0142odzenie pasywne i dysk SSD dzi\u0119ki czemu u\u017cytkownik nie s\u0142yszy jego pracy.<\/p>\n<p><img loading=\"lazy\" decoding=\"async\" class=\"aligncenter\" src=\"http:\/\/trx.pl\/pliki\/foto\/KD_screen_uproszczona.png\" alt=\"\" width=\"569\" height=\"320\" \/><\/p>\n<p style=\"text-align: center;\"><em>Przyk\u0142adowy ekran zaimplementowanego systemu dyspozytorskiego na Konsoli Uproszczonej<\/em><\/p>\n<p>&nbsp;<\/p>\n<p>Tak jak pe\u0142nowymiarowa Konsola Dyspozytorska, Konsola Uproszczona posiada dotykowy interfejs u\u017cytkownika. Pozwala tak\u017ce wizualizowa\u0107 dane z wy\u015bwietlaczy radiotelefon\u00f3w wpi\u0119tych do systemu.<\/p>\n<p style=\"text-align: center;\"><img loading=\"lazy\" decoding=\"async\" class=\"aligncenter\" src=\"http:\/\/trx.pl\/pliki\/foto\/okno_hytera.png\" alt=\"\" width=\"277\" height=\"176\" \/><em>Okno radiotelefonu Hytera MD785 w &#8220;trybie pe\u0142nym&#8221;<\/em><\/p>\n<p>Okna radiotelefon\u00f3w mog\u0105 by\u0107 wy\u015bwietlane zar\u00f3wno w &#8220;trybie minimalnym&#8221; (ukryte przyciski funkcyjne i nawigacyjne), jak i w &#8220;trybie pe\u0142nym&#8221; &#8211; przyciski funkcyjne i nawigacyjne widoczne. Istnieje tak\u017ce mo\u017cliwo\u015b\u0107 wy\u0142\u0105czenia u\u017cytkownikowi obs\u0142ugi dowolnego przycisku radiotelefonu na Konsoli.<br \/>\n<strong>Obs\u0142ugiwane modele radiotelefon\u00f3w:<\/strong><\/p>\n<ul>\n<li>Motorola GM360<\/li>\n<li>Motorola DM3600, DM3601<\/li>\n<li>Motorola DM4600, DM4601, DM4600e, DM4601e<\/li>\n<li>Motorola MTM5400<\/li>\n<li>Repeater Hytera RD625<\/li>\n<li>Hytera MD655<\/li>\n<li>Hytera MD785<\/li>\n<li>Hytera MT680 (Tetra)<\/li>\n<li>Hytera MT680 Plus (Tetra)<\/li>\n<li>Harris M7100<\/li>\n<li>Ericsson Edacs ORION<\/li>\n<li>Icom F5062<\/li>\n<li>Kenwood NX700<\/li>\n<\/ul>\n<p>&nbsp;<\/p>\n<p>Konsola posiada 2 tryby (motywy) &#8211; dzie\u0144 i noc oraz umo\u017cliwia dostosowanie jasno\u015bci wy\u015bwietlania.<\/p>\n<p><img loading=\"lazy\" decoding=\"async\" class=\"aligncenter\" src=\"http:\/\/trx.pl\/pliki\/foto\/KD_RSSI.png\" alt=\"\" width=\"441\" height=\"197\" \/><\/p>\n<p style=\"text-align: center;\"><em>Wizualizacja dzia\u0142ania votingu<\/em><\/p>\n<p>Konsola umo\u017cliwia prac\u0119 w trybie tzw. votingu &#8211; oprogramowanie na podstawie poziomu sygna\u0142u na odbiorniku stacji bazowych ( RSSI ) wybiera stacj\u0119 o najlepszym sygnale. Audio przy takim odbiorze jest s\u0142yszane z tej wybranej stacji. Umo\u017cliwia to znacznie lepsze pokrycie zasi\u0119gu na danym terenie i eliminuje problem &#8220;nak\u0142adek&#8221;.<\/p>\n<p>Dla powy\u017cszej wizualizacji &#8211; pojazd jest najbli\u017cej stacji B i ta stacja odbiera najsilniejszy sygna\u0142. Stacja A i C tak\u017ce s\u0142ysz\u0105 korespondencj\u0119 z pojazdu, jednak ze s\u0142abszym sygna\u0142em i szumami. Konsola Dyspozytorska wybierze stacj\u0119 B i to tej stacji audio odbiorcze us\u0142yszymy.<\/p>\n<p>Konsola posiada tak\u017ce funkcj\u0119 Historii radiowej, kt\u00f3ra umo\u017cliwia szybki ods\u0142uch korespondencji radiowej. Istnieje tak\u017ce mo\u017cliwo\u015b\u0107 ods\u0142uchu nagra\u0144 z rejestrator\u00f3w KSRC firmy TRX.<br \/>\nZe wzgl\u0119du na specyfik\u0119 integracji wielu \u015brodk\u00f3w \u0142\u0105czno\u015bci, Konsola Dyspozytorska pozwala na pod\u0142\u0105czenie wielu urz\u0105dze\u0144 d\u017awi\u0119kowych (s\u0142uchawki, mikrofony, g\u0142o\u015bniki itp.) i dowoln\u0105 ich konfiguracj\u0119 (np. tworzenie zestaw\u00f3w urz\u0105dze\u0144 audio z dw\u00f3ch r\u00f3\u017cnych urz\u0105dze\u0144 &#8211; g\u0142o\u015bniki wbudowane, mikrofon USB).<\/p>\n<p>&nbsp;<\/p>\n<p><img loading=\"lazy\" decoding=\"async\" class=\"wp-image-137977 aligncenter\" src=\"https:\/\/trx.pl\/wp-content\/uploads\/2022\/08\/kds250pc_back-1024x636.png\" alt=\"TRX KDS250PC\" width=\"899\" height=\"558\" srcset=\"https:\/\/trx.pl\/wp-content\/uploads\/2022\/08\/kds250pc_back-1024x636.png 1024w, https:\/\/trx.pl\/wp-content\/uploads\/2022\/08\/kds250pc_back-300x186.png 300w, https:\/\/trx.pl\/wp-content\/uploads\/2022\/08\/kds250pc_back-768x477.png 768w, https:\/\/trx.pl\/wp-content\/uploads\/2022\/08\/kds250pc_back-1536x954.png 1536w, https:\/\/trx.pl\/wp-content\/uploads\/2022\/08\/kds250pc_back-436x272.png 436w, https:\/\/trx.pl\/wp-content\/uploads\/2022\/08\/kds250pc_back-600x373.png 600w, https:\/\/trx.pl\/wp-content\/uploads\/2022\/08\/kds250pc_back.png 2048w\" sizes=\"auto, (max-width: 899px) 100vw, 899px\" \/><\/p>\n","protected":false},"excerpt":{"rendered":"<p>Konsola Dyspozytorska KDS250PC umo\u017cliwia integracj\u0119 system\u00f3w \u0142\u0105czno\u015bci w jednym ma\u0142ym urz\u0105dzeniu. Zosta\u0142a zaprojektowana w jako alternatywa dla pe\u0142nowymiarowej Konsoli Dyspozytorskiej. Przeznaczona jest do integracji mniejszych i mniej wymagaj\u0105cych system\u00f3w \u0142\u0105czno\u015bci radiowej.<\/p>\n<p>Posiada wbudowany mikrofon na g\u0119siej szyi i fizyczne przyciski PTT &#8211; dzi\u0119ki temu rozwi\u0105zaniu u\u017cytkownik nie potrzebuje dodatkowego pulpitu z mikrofonem na biurku.<\/p>\n","protected":false},"featured_media":137976,"template":"","meta":[],"product_brand":[],"product_cat":[48],"product_tag":[],"class_list":{"0":"post-137975","1":"product","2":"type-product","3":"status-publish","4":"has-post-thumbnail","6":"product_cat-systemy-dyspozytorskie","7":"post","8":"post-with-thumbnail","9":"post-with-thumbnail-large","11":"first","12":"instock","13":"shipping-taxable","14":"product-type-simple"},"aioseo_notices":[],"_links":{"self":[{"href":"https:\/\/trx.pl\/en\/wp-json\/wp\/v2\/product\/137975","targetHints":{"allow":["GET"]}}],"collection":[{"href":"https:\/\/trx.pl\/en\/wp-json\/wp\/v2\/product"}],"about":[{"href":"https:\/\/trx.pl\/en\/wp-json\/wp\/v2\/types\/product"}],"wp:featuredmedia":[{"embeddable":true,"href":"https:\/\/trx.pl\/en\/wp-json\/wp\/v2\/media\/137976"}],"wp:attachment":[{"href":"https:\/\/trx.pl\/en\/wp-json\/wp\/v2\/media?parent=137975"}],"wp:term":[{"taxonomy":"product_brand","embeddable":true,"href":"https:\/\/trx.pl\/en\/wp-json\/wp\/v2\/product_brand?post=137975"},{"taxonomy":"product_cat","embeddable":true,"href":"https:\/\/trx.pl\/en\/wp-json\/wp\/v2\/product_cat?post=137975"},{"taxonomy":"product_tag","embeddable":true,"href":"https:\/\/trx.pl\/en\/wp-json\/wp\/v2\/product_tag?post=137975"}],"curies":[{"name":"wp","href":"https:\/\/api.w.org\/{rel}","templated":true}]}}