{"id":1478,"date":"2019-02-19T14:32:34","date_gmt":"2019-02-19T13:32:34","guid":{"rendered":"http:\/\/trx.pl\/?post_type=product&#038;p=1478"},"modified":"2019-02-21T12:51:41","modified_gmt":"2019-02-21T11:51:41","slug":"zestaw-3-radiowy-mobilny","status":"publish","type":"product","link":"https:\/\/trx.pl\/en\/products\/zestaw-3-radiowy-mobilny\/","title":{"rendered":"Zestaw 3-Radiowy Mobilny"},"content":{"rendered":"<p>Zintegrowany zestaw zdalnego sterowania radiotelefonami Kenwood NX700. Posiada wbudowane 3 sterowniki <a href=\"http:\/\/trx.pl\/products\/sgm5es\/\">TRX SGM5ES<\/a>, trzy radiotelefony Kenwood NX700 i router LTE, co pozwala na zdalny dost\u0119p do zainstalowanych radiotelefon\u00f3w z dowolnego miejsca na \u015bwiecie. <\/p>\n<p>Zestaw posiada wyprowadzone na przedni panel z\u0142\u0105cza antenowe typu N doprowadzone do radiotelefon\u00f3w oraz z\u0142\u0105cza SMA przeznaczone do pod\u0142\u0105czenia anten LTE\/WI-FI routera.<\/p>\n<p>Na przednim panelu urz\u0105dzenia znajduje si\u0119 r\u00f3wnie\u017c z\u0142\u0105cze LAN\/WAN routera (konfigurowalne w ustawieniach), bezpieczniki poszczeg\u00f3lnych obwod\u00f3w urz\u0105dzenia oraz sloty na karty SIM (router posiada mo\u017cliwo\u015b\u0107 pracy z 2 kartami SIM).<\/p>\n<p>Na froncie urz\u0105dzenia widoczne s\u0105 tak\u017ce przednie panele radiotelefon\u00f3w i diody sygnalizacyjne sterownik\u00f3w radiowych <a href=\"http:\/\/trx.pl\/products\/sgm5es\/\">TRX SGM5ES<\/a>.<\/p>\n<p><img decoding=\"async\" src=\"http:\/\/trx.pl\/wp-content\/uploads\/2019\/02\/walizka_3radia_klapa-1024x683.png\" style=\"float: left;\" alt=\"Zestaw 3-radiowy mobilny TRX\" width=\"100%\"\/><\/p>\n<p>Tylny panel natomiast posiada z\u0142\u0105cze zasilaj\u0105ce (12V DC) oraz wentylatory ch\u0142odz\u0105ce urz\u0105dzenia znajduj\u0105ce si\u0119 w walizce. <\/p>\n<p>Walizka posiada tak\u017ce kiesze\u0144 umo\u017cliwiaj\u0105c\u0105 transport akcesori\u00f3w.<\/p>\n<p><img decoding=\"async\" src=\"http:\/\/trx.pl\/wp-content\/uploads\/2019\/02\/walizka3radia_tyl-1024x683.png\" style=\"float: left;\" alt=\"Zestaw 3-radiowy mobilny TRX ty\u0142\" width=\"100%\"\/><\/p>\n","protected":false},"excerpt":{"rendered":"<p>Trzy radiotelefony wraz z 3 sterownikami radiowymi <a href=\"http:\/\/trx.pl\/products\/sgm5es\/\">TRX SGM5ES<\/a> i routerem LTE zamkni\u0119te w walizce odpornej na uszkodzenia.<br \/>\nPosiada wyprowadzone z\u0142\u0105cza antenowe typu N, LAN\/WAN &#8211; RJ45, z\u0142\u0105cze zasilania 12V DC.<br \/>\nWalizka posiada zabezpieczone poszczeg\u00f3lne obwody zasilania bezpiecznikami oraz zainstalowane ch\u0142odzenie urz\u0105dze\u0144.<\/p>\n","protected":false},"featured_media":1484,"template":"","meta":[],"product_brand":[],"product_cat":[127],"product_tag":[86,67,94,50,66,49,52,74],"class_list":{"0":"post-1478","1":"product","2":"type-product","3":"status-publish","4":"has-post-thumbnail","6":"product_cat-mobilne","7":"product_tag-integracja","8":"product_tag-lacznosc","9":"product_tag-nx700","10":"product_tag-radio-over-ip","11":"product_tag-radiotelefon","12":"product_tag-sgm5es","13":"product_tag-trx","14":"product_tag-zdalne-sterowanie","15":"post","16":"post-with-thumbnail","17":"post-with-thumbnail-large","19":"first","20":"instock","21":"shipping-taxable","22":"product-type-simple"},"aioseo_notices":[],"_links":{"self":[{"href":"https:\/\/trx.pl\/en\/wp-json\/wp\/v2\/product\/1478","targetHints":{"allow":["GET"]}}],"collection":[{"href":"https:\/\/trx.pl\/en\/wp-json\/wp\/v2\/product"}],"about":[{"href":"https:\/\/trx.pl\/en\/wp-json\/wp\/v2\/types\/product"}],"wp:featuredmedia":[{"embeddable":true,"href":"https:\/\/trx.pl\/en\/wp-json\/wp\/v2\/media\/1484"}],"wp:attachment":[{"href":"https:\/\/trx.pl\/en\/wp-json\/wp\/v2\/media?parent=1478"}],"wp:term":[{"taxonomy":"product_brand","embeddable":true,"href":"https:\/\/trx.pl\/en\/wp-json\/wp\/v2\/product_brand?post=1478"},{"taxonomy":"product_cat","embeddable":true,"href":"https:\/\/trx.pl\/en\/wp-json\/wp\/v2\/product_cat?post=1478"},{"taxonomy":"product_tag","embeddable":true,"href":"https:\/\/trx.pl\/en\/wp-json\/wp\/v2\/product_tag?post=1478"}],"curies":[{"name":"wp","href":"https:\/\/api.w.org\/{rel}","templated":true}]}}