{"id":1490,"date":"2018-12-22T13:13:44","date_gmt":"2018-12-22T12:13:44","guid":{"rendered":"http:\/\/trx.pl\/?post_type=product&#038;p=1490"},"modified":"2024-02-01T11:46:52","modified_gmt":"2024-02-01T10:46:52","slug":"modul-automatyki-bram","status":"publish","type":"product","link":"https:\/\/trx.pl\/en\/products\/modul-automatyki-bram\/","title":{"rendered":"Modu\u0142 automatyki bram"},"content":{"rendered":"<p>Dodatkowym atutem urz\u0105dzenia jest mo\u017cliwo\u015b\u0107 tworzenia sekwencji zdarze\u0144 (np. sekwencja dla &#8220;Wyjazd zast\u0119pu pierwszego&#8221; mo\u017ce otworzy\u0107 ze\u015blizgi, w\u0142\u0105czy\u0107 dzwonki, w\u0142\u0105czy\u0107 o\u015bwietlenie nocne,\u00a0 uruchomi\u0107 wyci\u0105g spalin, nast\u0119pnie po 10 sekundach otworzy\u0107 bram\u0119 wyjazdow\u0105 numer 1). Dzi\u0119ki temu rozwi\u0105zaniu dy\u017curny zamiast prze\u0142\u0105czenia 5 prze\u0142\u0105cznik\u00f3w (ka\u017cdy dwukrotnie), mo\u017ce<br \/>\nzrobi\u0107 to samo z u\u017cyciem 2 przycisk\u00f3w na Konsoli Dyspozytorskiej TRX.<\/p>\n<p>Modu\u0142 instalowany jest na szynie DIN, dzi\u0119ki czemu mo\u017ce by\u0107 montowany w rozdzielnicach elektrycznych. Posiada wyj\u015bcia do wysterowania przeka\u017anik\u00f3w (konieczne jest zastosowanie zewn\u0119trznych przeka\u017anik\u00f3w [og\u00f3lnodost\u0119pne przeka\u017aniki 12V na szyn\u0119 DIN] oraz zasilacza 230VAC -> 12V DC [r\u00f3wnie\u017c dost\u0119pne s\u0105 w wykonaniu na szyn\u0119 DIN]). Dzi\u0119ki temu mo\u017cliwe jest zainstalowanie ca\u0142ej obs\u0142ugi automatyki w rozdzielnicy elektrycznej.<\/p>\n<p>Potrzebujesz obs\u0142u\u017cy\u0107 wi\u0119cej urz\u0105dze\u0144 ni\u017c obs\u0142uguje modu\u0142? Nie ma problemu.<\/p>\n<p>Oprogramowanie Konsoli Dyspozytorskiej mo\u017ce obs\u0142u\u017cy\u0107 wiele modu\u0142\u00f3w pod\u0142\u0105czonych do systemu.<br \/>\nDzi\u0119ki temu rozwi\u0105zaniu u\u017cytkownik nie jest ograniczony do 10 wej\u015b\u0107 sygnalizacyjnych i 20 wyj\u015b\u0107.<\/p>\n<p>Dzi\u0119ki zastosowaniu zewn\u0119trznych przeka\u017anik\u00f3w montowanych na szyn\u0119 DIN, awaria jednego przeka\u017anika nie powoduje konieczno\u015bci wysy\u0142ki ca\u0142ego modu\u0142u do naprawy, a jedynie wymiany przeka\u017anika w rozdzielnicy.<br \/>\nDaje to r\u00f3wnie\u017c mo\u017cliwo\u015b\u0107 zastosowania elektronicznych przeka\u017anik\u00f3w SSR &#8211; nie posiadaj\u0105cych styk\u00f3w kt\u00f3re mog\u0142y by si\u0119 przepala\u0107 po d\u0142u\u017cszej eksploatacji.<\/p>\n<p>Dodatkow\u0105 korzy\u015bci\u0105 z zastosowania takiego modu\u0142u obs\u0142ugiwanego z Konsoli Dyspozytorskiej jest \u0142atwo\u015b\u0107 przeniesienia stanowiska pracy dyspozytora &#8211; przenosimy tylko Konsol\u0119 Dyspozytorsk\u0105 do innego pomieszczenia bez konieczno\u015bci przenoszenia panelu sterowania pod\u0142\u0105czonego kilkudziesi\u0119cioma przewodami.<\/p>\n<p>Ponadto stosuj\u0105c takie rozwi\u0105zanie, istnieje mo\u017cliwo\u015b\u0107 sterowania urz\u0105dzeniami w lokalizacji zdalnej (np. zdalne otwarcie bramy wjazdowej do budynku).<\/p>\n","protected":false},"excerpt":{"rendered":"<p>Modu\u0142 automatyki bram umo\u017cliwia zdalne otwieranie\/zamykanie bram wjazdowych, szlaban\u00f3w, uruchamianie wyci\u0105g\u00f3w spalin, uruchamianie o\u015bwietlenia awaryjnego, dzwonk\u00f3w i wielu innych urz\u0105dze\u0144.<\/p>\n<p>Dzi\u0119ki temu modu\u0142owi mo\u017cliwa jest obs\u0142uga urz\u0105dze\u0144 z poziomu Konsoli Dyspozytorskiej. W efekcie dy\u017curny \/ dyspozytor ma zdecydowanie wi\u0119cej wolnej przestrzeni na biurku i wszelkie<br \/>\npotrzebne mu urz\u0105dzenia pod r\u0119k\u0105.<\/p>\n<p>Urz\u0105dzenie \u0142\u0105czy si\u0119 z Systemem Dyspozytorskim po sieci IP i mo\u017cliwe jest sterowanie nim z ekranu. Mo\u017cna doda\u0107 panel sterowania jako jeden z modu\u0142\u00f3w ekranu g\u0142\u00f3wnego lub jako oddzieln\u0105 zak\u0142adk\u0119.<\/p>\n<p>Konfiguracja modu\u0142u odbywa si\u0119 przez panel dost\u0119pny z dowolnej przegl\u0105darki internetowej.<\/p>\n<p>&nbsp;<\/p>\n","protected":false},"featured_media":1493,"template":"","meta":[],"product_brand":[],"product_cat":[47,48],"product_tag":[200,199,51,195,197,201,196,198,202],"class_list":{"0":"post-1490","1":"product","2":"type-product","3":"status-publish","4":"has-post-thumbnail","6":"product_cat-sterowania-ip","7":"product_cat-systemy-dyspozytorskie","8":"product_tag-automatyka-bram","9":"product_tag-jrg","10":"product_tag-konsola-dyspozytorska","11":"product_tag-modul-automatyki","12":"product_tag-psp","13":"product_tag-sekwencje-zdarzen","14":"product_tag-sterowanie-bramami","15":"product_tag-straz-pozarna","16":"product_tag-system-dyspozytorski","17":"post","18":"post-with-thumbnail","19":"post-with-thumbnail-large","21":"first","22":"instock","23":"shipping-taxable","24":"product-type-simple"},"aioseo_notices":[],"_links":{"self":[{"href":"https:\/\/trx.pl\/en\/wp-json\/wp\/v2\/product\/1490","targetHints":{"allow":["GET"]}}],"collection":[{"href":"https:\/\/trx.pl\/en\/wp-json\/wp\/v2\/product"}],"about":[{"href":"https:\/\/trx.pl\/en\/wp-json\/wp\/v2\/types\/product"}],"wp:featuredmedia":[{"embeddable":true,"href":"https:\/\/trx.pl\/en\/wp-json\/wp\/v2\/media\/1493"}],"wp:attachment":[{"href":"https:\/\/trx.pl\/en\/wp-json\/wp\/v2\/media?parent=1490"}],"wp:term":[{"taxonomy":"product_brand","embeddable":true,"href":"https:\/\/trx.pl\/en\/wp-json\/wp\/v2\/product_brand?post=1490"},{"taxonomy":"product_cat","embeddable":true,"href":"https:\/\/trx.pl\/en\/wp-json\/wp\/v2\/product_cat?post=1490"},{"taxonomy":"product_tag","embeddable":true,"href":"https:\/\/trx.pl\/en\/wp-json\/wp\/v2\/product_tag?post=1490"}],"curies":[{"name":"wp","href":"https:\/\/api.w.org\/{rel}","templated":true}]}}