{"id":1497,"date":"2025-03-10T09:18:02","date_gmt":"2025-03-10T08:18:02","guid":{"rendered":"http:\/\/trx.pl\/?post_type=product&#038;p=1497"},"modified":"2025-03-10T11:25:53","modified_gmt":"2025-03-10T10:25:53","slug":"modul-rack-2r2u","status":"publish","type":"product","link":"https:\/\/trx.pl\/en\/products\/modul-rack-2r2u\/","title":{"rendered":"Modu\u0142 RACK 2R2U"},"content":{"rendered":"<p>Urz\u0105dzenie posiada wyprowadzone z\u0142\u0105cza antenowe typu N, z\u0142\u0105cze zasilaj\u0105ce 230V, gniazda sieciowe LAN, z\u0142\u0105cza do akumulator\u00f3w 12V oraz opcjonalnie z\u0142\u0105cza do nagrywania i SMA do anten GPS.<br \/>\nModu\u0142 posiada 2 wentylatory zapewniaj\u0105ce obieg powietrza sterowane termostatem (z regulacj\u0105).<\/p>\n<p>Obs\u0142uga urz\u0105dzenia odbywa si\u0119 z Systemu Konsol Dyspozytorskich lub oprogramowania TRX RoIP. Ponadto wykorzystuj\u0105c oprogramowanie TRX mo\u017cna przypisa\u0107 dla Pulpitu Dyspozytorskiego \/ Konsoli Dyspozytorskiej skr\u00f3ty nadawania na wybranej strefie i kanale.<\/p>\n<p>&nbsp;<\/p>\n<p>Dost\u0119pne r\u00f3\u017cne wykonania w zale\u017cno\u015bci od potrzeb (z zainstalowanym jednym radiotelefonem i sterownikiem \/ z dwoma radiotelefonami i sterownikami).<\/p>\n<p>&nbsp;<\/p>\n<p>Wymiary (szeroko\u015b\u0107\/wysoko\u015b\u0107\/g\u0142\u0119boko\u015b\u0107): 485\/90\/390 mm\u00a0\u00a0 &#8211;\u00a0 RACK 19&#8243; 2U<\/p>\n<p>&nbsp;<\/p>\n","protected":false},"excerpt":{"rendered":"<p>Modu\u0142 2R2U zawiera w sobie 2 radiotelefony Motorola seri DM4000, dwa sterowniki TRX SGM5ES, dwa zasilacze i wszelkie potrzebne okablowanie. Jest to kompaktowe rozwi\u0105zanie montowane do szaf RACK 19&#8243;. Modu\u0142 zajmuje wysoko\u015b\u0107 2U i pasuje do wi\u0119kszo\u015bci produkowanych szaf.<\/p>\n","protected":false},"featured_media":1501,"template":"","meta":[],"product_brand":[],"product_cat":[47,48],"product_tag":[],"class_list":{"0":"post-1497","1":"product","2":"type-product","3":"status-publish","4":"has-post-thumbnail","6":"product_cat-sterowania-ip","7":"product_cat-systemy-dyspozytorskie","8":"post","9":"post-with-thumbnail","10":"post-with-thumbnail-large","12":"first","13":"instock","14":"shipping-taxable","15":"product-type-simple"},"aioseo_notices":[],"_links":{"self":[{"href":"https:\/\/trx.pl\/en\/wp-json\/wp\/v2\/product\/1497","targetHints":{"allow":["GET"]}}],"collection":[{"href":"https:\/\/trx.pl\/en\/wp-json\/wp\/v2\/product"}],"about":[{"href":"https:\/\/trx.pl\/en\/wp-json\/wp\/v2\/types\/product"}],"wp:featuredmedia":[{"embeddable":true,"href":"https:\/\/trx.pl\/en\/wp-json\/wp\/v2\/media\/1501"}],"wp:attachment":[{"href":"https:\/\/trx.pl\/en\/wp-json\/wp\/v2\/media?parent=1497"}],"wp:term":[{"taxonomy":"product_brand","embeddable":true,"href":"https:\/\/trx.pl\/en\/wp-json\/wp\/v2\/product_brand?post=1497"},{"taxonomy":"product_cat","embeddable":true,"href":"https:\/\/trx.pl\/en\/wp-json\/wp\/v2\/product_cat?post=1497"},{"taxonomy":"product_tag","embeddable":true,"href":"https:\/\/trx.pl\/en\/wp-json\/wp\/v2\/product_tag?post=1497"}],"curies":[{"name":"wp","href":"https:\/\/api.w.org\/{rel}","templated":true}]}}