{"id":168257,"date":"2025-03-07T14:02:31","date_gmt":"2025-03-07T13:02:31","guid":{"rendered":"https:\/\/trx.pl\/?post_type=product&#038;p=168257"},"modified":"2025-03-07T14:10:06","modified_gmt":"2025-03-07T13:10:06","slug":"sgm5es-stacja-wyniesiona-hermetyczna","status":"publish","type":"product","link":"https:\/\/trx.pl\/en\/products\/sgm5es-stacja-wyniesiona-hermetyczna\/","title":{"rendered":"SGM5ES &#8211; obudowa hermetyczna"},"content":{"rendered":"<p>Stacja wyniesiona w tym wykonaniu posiada:<\/p>\n<ul>\n<li>sterownik TRX SGM5ES<\/li>\n<li>radiotelefon<\/li>\n<li>zasilacz buforowy<\/li>\n<li>akumulator<\/li>\n<li>obudow\u0119 hermetyczn\u0105<\/li>\n<li>opcjonalnie router<\/li>\n<\/ul>\n<p>&nbsp;<\/p>\n<p>Dzi\u0119ki dobraniu sprawdzonych podzespo\u0142\u00f3w, stacja wyniesiona dzia\u0142a bezawaryjnie d\u0142ugi czas.<\/p>\n<p>&nbsp;<\/p>\n<p>Stacje wyniesione wyst\u0119puj\u0105 w r\u00f3\u017cnych wykonaniach w zale\u017cno\u015bci od potrzeb (jest mo\u017cliwo\u015b\u0107 instalacji dowolnego radiotelefonu obs\u0142ugiwanego przez sterowanie TRX SGM5ES). Istnieje tak\u017ce mo\u017cliwo\u015b\u0107 instalacji routera 4G LTE \/ 5G.<\/p>\n","protected":false},"excerpt":{"rendered":"<p>Wykonanie stacji wyniesionej w hermetycznej obudowie odpornej na warunki atmosferyczne.<\/p>\n<p>Posiada zabudowane zasilanie awaryjne.<\/p>\n<p>Dzi\u0119ki zasilaczowi buforowemu i akumulatorowi, urz\u0105dzenia dzia\u0142aj\u0105 po zaniku zasilania sieciowego (czas pracy na baterii zale\u017cny jest od zastosowanego akumulatora i ruchu radiowego).<\/p>\n","protected":false},"featured_media":168261,"template":"","meta":[],"product_brand":[],"product_cat":[47,48],"product_tag":[60,77,76,78,58,57,99,63,91,54,56,55,51,98,92,53,97,96,94,50,49,52,102,74],"class_list":{"0":"post-168257","1":"product","2":"type-product","3":"status-publish","4":"has-post-thumbnail","6":"product_cat-sterowania-ip","7":"product_cat-systemy-dyspozytorskie","8":"product_tag-dm4600","9":"product_tag-dm4600e","10":"product_tag-dm4601","11":"product_tag-dm4601e","12":"product_tag-dmr","13":"product_tag-edacs","14":"product_tag-f5062","15":"product_tag-gm360","16":"product_tag-harris","17":"product_tag-hytera","18":"product_tag-icom","19":"product_tag-kenwood","20":"product_tag-konsola-dyspozytorska","21":"product_tag-md655","22":"product_tag-md785","23":"product_tag-motorola","24":"product_tag-mt680","25":"product_tag-mtm5400","26":"product_tag-nx700","27":"product_tag-radio-over-ip","28":"product_tag-sgm5es","29":"product_tag-trx","30":"product_tag-voting","31":"product_tag-zdalne-sterowanie","32":"post","33":"post-with-thumbnail","34":"post-with-thumbnail-large","36":"first","37":"instock","38":"shipping-taxable","39":"product-type-simple"},"aioseo_notices":[],"_links":{"self":[{"href":"https:\/\/trx.pl\/en\/wp-json\/wp\/v2\/product\/168257","targetHints":{"allow":["GET"]}}],"collection":[{"href":"https:\/\/trx.pl\/en\/wp-json\/wp\/v2\/product"}],"about":[{"href":"https:\/\/trx.pl\/en\/wp-json\/wp\/v2\/types\/product"}],"wp:featuredmedia":[{"embeddable":true,"href":"https:\/\/trx.pl\/en\/wp-json\/wp\/v2\/media\/168261"}],"wp:attachment":[{"href":"https:\/\/trx.pl\/en\/wp-json\/wp\/v2\/media?parent=168257"}],"wp:term":[{"taxonomy":"product_brand","embeddable":true,"href":"https:\/\/trx.pl\/en\/wp-json\/wp\/v2\/product_brand?post=168257"},{"taxonomy":"product_cat","embeddable":true,"href":"https:\/\/trx.pl\/en\/wp-json\/wp\/v2\/product_cat?post=168257"},{"taxonomy":"product_tag","embeddable":true,"href":"https:\/\/trx.pl\/en\/wp-json\/wp\/v2\/product_tag?post=168257"}],"curies":[{"name":"wp","href":"https:\/\/api.w.org\/{rel}","templated":true}]}}