{"id":557,"date":"2018-05-23T12:20:59","date_gmt":"2018-05-23T10:20:59","guid":{"rendered":"http:\/\/trx.pl\/?post_type=product&#038;p=557"},"modified":"2019-05-13T14:42:23","modified_gmt":"2019-05-13T12:42:23","slug":"sgm5es_rack","status":"publish","type":"product","link":"https:\/\/trx.pl\/en\/products\/sgm5es_rack\/","title":{"rendered":"SGM5ES Rack"},"content":{"rendered":"<p>Instalacja sprz\u0119tu w szafach RACK 19&#8243; zapewnia dobr\u0105 organizacj\u0119 sprz\u0119tu i porz\u0105dek. Posiadamy w ofercie zdalne sterowania <span style=\"color: #000000;\"><strong><a style=\"color: #000000;\" href=\"http:\/\/trx.pl\/products\/sgm5es\/\">TRX SGM5ES<\/a><\/strong><\/span> wraz z radiotelefonem i zasilaczem zamkni\u0119te w obudowie typu Rack 19&#8243; 2U.<\/p>\n<p>Na tylnym panelu urz\u0105dzenia wyprowadzone s\u0105 wszelkie niezb\u0119dne z\u0142\u0105cza takie jak:<\/p>\n<ul>\n<li>Zaciski akumulatora 12VDC<\/li>\n<li>Z\u0142\u0105cze RJ45 &#8211; Ethernet<\/li>\n<li>Zasilanie 230VAC<\/li>\n<li>Z\u0142\u0105cze antenowe typu N<\/li>\n<\/ul>\n<p>Dodatkowo na tylnym panelu znajduje si\u0119 wentylator i przycisk resetu urz\u0105dzenia.<\/p>\n<p>&nbsp;<\/p>\n<p><strong>Materia\u0142y do pobrania:<\/strong><\/p>\n<p><img loading=\"lazy\" decoding=\"async\" class=\"alignleft\" src=\"http:\/\/trx.pl\/pliki\/ikony\/pdf.png\" alt=\"\" width=\"35\" height=\"42\" \/><\/p>\n<p><a href=\"http:\/\/trx.pl\/pliki\/broszury\/TRX_SGM5ES_RACK.pdf\">Broszura TRX SGM5ES RACK<\/a><\/p>\n<p>&nbsp;<\/p>\n<p><img loading=\"lazy\" decoding=\"async\" class=\"alignleft\" src=\"http:\/\/trx.pl\/pliki\/ikony\/pdf.png\" alt=\"\" width=\"35\" height=\"42\" \/><\/p>\n<p><a href=\"http:\/\/trx.pl\/pliki\/broszury\/TRX_SGM5ES.pdf\">Broszura TRX SGM5ES<\/a><\/p>\n<p>&nbsp;<\/p>\n<p><img loading=\"lazy\" decoding=\"async\" class=\"alignleft\" src=\"http:\/\/trx.pl\/pliki\/ikony\/pdf.png\" alt=\"\" width=\"35\" height=\"42\" \/><\/p>\n<p><a href=\"http:\/\/trx.pl\/pliki\/instrukcje\/instrukcja_SGM5ES.pdf\">Instrukcja TRX SGM5ES<\/a><\/p>\n<p><strong>\u00a0<\/strong><\/p>\n<p><a href=\"http:\/\/trx.pl\/pliki\/instrukcje\/instrukcja_TRX_RoIP.pdf\"><img loading=\"lazy\" decoding=\"async\" class=\"alignleft\" src=\"http:\/\/trx.pl\/pliki\/ikony\/pdf.png\" alt=\"\" width=\"35\" height=\"42\" \/>Instrukcja TRX Radio over IP (TRX RoIP)<\/a><\/p>\n<p>&nbsp;<\/p>\n<p><a href=\"ftp:\/\/ftp.trx.com.pl\/RoIP\/TRX_RoIP_2.6.11.114.exe\"><img loading=\"lazy\" decoding=\"async\" class=\"alignleft\" src=\"http:\/\/trx.pl\/pliki\/ikony\/exe.png\" alt=\"\" width=\"35\" height=\"42\" \/>Oprogramowanie TRX Radio over IP (TRX RoIP)<\/a><\/p>\n","protected":false},"excerpt":{"rendered":"<p>Zdalne sterowanie IP SGM5ES w obudowie Rack 19&#8243; 2U z zasilaczem i radiotelefonem.<\/p>\n<p>Kompaktowe rozwi\u0105zanie idealne do zastosowania w serwerowniach.<\/p>\n","protected":false},"featured_media":611,"template":"","meta":[],"product_brand":[],"product_cat":[47,48],"product_tag":[112,111,60,58,57,54,56,55,51,53,110,50,49,59,52],"class_list":{"0":"post-557","1":"product","2":"type-product","3":"status-publish","4":"has-post-thumbnail","6":"product_cat-sterowania-ip","7":"product_cat-systemy-dyspozytorskie","8":"product_tag-19-cali","9":"product_tag-2u","10":"product_tag-dm4600","11":"product_tag-dmr","12":"product_tag-edacs","13":"product_tag-hytera","14":"product_tag-icom","15":"product_tag-kenwood","16":"product_tag-konsola-dyspozytorska","17":"product_tag-motorola","18":"product_tag-rack","19":"product_tag-radio-over-ip","20":"product_tag-sgm5es","21":"product_tag-tetra","22":"product_tag-trx","23":"post","24":"post-with-thumbnail","25":"post-with-thumbnail-large","27":"first","28":"instock","29":"shipping-taxable","30":"product-type-simple"},"aioseo_notices":[],"_links":{"self":[{"href":"https:\/\/trx.pl\/en\/wp-json\/wp\/v2\/product\/557","targetHints":{"allow":["GET"]}}],"collection":[{"href":"https:\/\/trx.pl\/en\/wp-json\/wp\/v2\/product"}],"about":[{"href":"https:\/\/trx.pl\/en\/wp-json\/wp\/v2\/types\/product"}],"wp:featuredmedia":[{"embeddable":true,"href":"https:\/\/trx.pl\/en\/wp-json\/wp\/v2\/media\/611"}],"wp:attachment":[{"href":"https:\/\/trx.pl\/en\/wp-json\/wp\/v2\/media?parent=557"}],"wp:term":[{"taxonomy":"product_brand","embeddable":true,"href":"https:\/\/trx.pl\/en\/wp-json\/wp\/v2\/product_brand?post=557"},{"taxonomy":"product_cat","embeddable":true,"href":"https:\/\/trx.pl\/en\/wp-json\/wp\/v2\/product_cat?post=557"},{"taxonomy":"product_tag","embeddable":true,"href":"https:\/\/trx.pl\/en\/wp-json\/wp\/v2\/product_tag?post=557"}],"curies":[{"name":"wp","href":"https:\/\/api.w.org\/{rel}","templated":true}]}}