{"id":558,"date":"2018-05-23T12:22:15","date_gmt":"2018-05-23T10:22:15","guid":{"rendered":"http:\/\/trx.pl\/?post_type=product&#038;p=558"},"modified":"2018-08-13T15:52:29","modified_gmt":"2018-08-13T13:52:29","slug":"minisgm","status":"publish","type":"product","link":"https:\/\/trx.pl\/en\/products\/minisgm\/","title":{"rendered":"MiniSGM"},"content":{"rendered":"<p align=\"left\">Urz\u0105dzenia te oferuj\u0105 mo\u017cliwo\u015b\u0107 odbioru oraz nadawania na jednym lub dw\u00f3ch dowolnych radiotelefonach z odleg\u0142o\u015bci do 1km. Dzi\u0119ki temu mo\u017cemy korzysta\u0107 z radiotelefon\u00f3w do\u015b\u0107 znacznie oddalonych od stanowiska dyspozytorskiego. MiniSGM posiada wbudowany g\u0142o\u015bnik, mikrofon, przyciski PTT oraz gniazdo do pod\u0142\u0105czenia rejestratora rozm\u00f3w (linia analogowa).<\/p>\n<p>&nbsp;<\/p>\n<p><center><span style=\"font-size: 10pt;\"><img decoding=\"async\" src=\"http:\/\/trx.pl\/Obrazki\/PD1km.jpg\" \/><\/span><\/center><\/p>\n<p style=\"text-align: center;\"><span style=\"font-size: 10pt;\"><em>Schemat przedstawiaj\u0105cy zasad\u0119 dzia\u0142ania MiniSGM z pulpitem dodatkowym<\/em><\/span><\/p>\n<p>&nbsp;<\/p>\n<p><img decoding=\"async\" class=\"aligncenter\" src=\"http:\/\/trx.pl\/Obrazki\/miniSGM_2radia.jpg\" \/><\/p>\n<p style=\"text-align: center;\"><span style=\"font-size: 10pt;\"><em>Schemat przedstawiaj\u0105cy obs\u0142ug\u0119 2-ch radiotelefon\u00f3w poprzez pulpit dodatkowy dzi\u0119ki wykorzystaniu urz\u0105dzenia MiniSGM.<\/em><\/span><\/p>\n<p>&nbsp;<\/p>\n<p align=\"left\">Urz\u0105dzenie <b>MiniSGM<\/b> oferowane jest w wytrzyma\u0142ej, odpornej na wstrz\u0105sy i uszkodzenia mechaniczne, ergonomicznej obudowie, gwarantuj\u0105cej dobr\u0105 izolacj\u0119 i ochron\u0119 podzespo\u0142\u00f3w elektronicznych.<\/p>\n<p>&nbsp;<\/p>\n<p><strong>Materia\u0142y do pobrania:<\/strong><\/p>\n<p><img loading=\"lazy\" decoding=\"async\" class=\"alignleft\" src=\"http:\/\/trx.pl\/pliki\/ikony\/pdf.png\" alt=\"\" width=\"35\" height=\"42\" \/><\/p>\n<p><a href=\"http:\/\/www.trx.pl\/download\/Broszura_MiniSGM.pdf\">Broszura MiniSGM<\/a><\/p>\n<p>&nbsp;<\/p>\n<p><img loading=\"lazy\" decoding=\"async\" class=\"alignleft\" src=\"http:\/\/trx.pl\/pliki\/ikony\/pdf.png\" alt=\"\" width=\"35\" height=\"42\" \/><\/p>\n<p><a href=\"http:\/\/www.trx.pl\/download\/MINISGM.pdf\">Instrukcja MiniSGM<\/a><\/p>\n<p>&nbsp;<\/p>\n","protected":false},"excerpt":{"rendered":"<p>Urz\u0105dzenia te oferuj\u0105 mo\u017cliwo\u015b\u0107 odbioru oraz nadawania na jednym lub dw\u00f3ch dowolnych radiotelefonach z odleg\u0142o\u015bci do 1km.<\/p>\n<p>Obs\u0142ugiwane radiotelefony:<\/p>\n<ul>\n<li>Motorola GM360<\/li>\n<\/ul>\n","protected":false},"featured_media":647,"template":"","meta":[],"product_brand":[],"product_cat":[46],"product_tag":[63,67,53,52,74],"class_list":{"0":"post-558","1":"product","2":"type-product","3":"status-publish","4":"has-post-thumbnail","6":"product_cat-sgm5-sdm4600","7":"product_tag-gm360","8":"product_tag-lacznosc","9":"product_tag-motorola","10":"product_tag-trx","11":"product_tag-zdalne-sterowanie","12":"post","13":"post-with-thumbnail","14":"post-with-thumbnail-large","16":"first","17":"instock","18":"shipping-taxable","19":"product-type-simple"},"aioseo_notices":[],"_links":{"self":[{"href":"https:\/\/trx.pl\/en\/wp-json\/wp\/v2\/product\/558","targetHints":{"allow":["GET"]}}],"collection":[{"href":"https:\/\/trx.pl\/en\/wp-json\/wp\/v2\/product"}],"about":[{"href":"https:\/\/trx.pl\/en\/wp-json\/wp\/v2\/types\/product"}],"wp:featuredmedia":[{"embeddable":true,"href":"https:\/\/trx.pl\/en\/wp-json\/wp\/v2\/media\/647"}],"wp:attachment":[{"href":"https:\/\/trx.pl\/en\/wp-json\/wp\/v2\/media?parent=558"}],"wp:term":[{"taxonomy":"product_brand","embeddable":true,"href":"https:\/\/trx.pl\/en\/wp-json\/wp\/v2\/product_brand?post=558"},{"taxonomy":"product_cat","embeddable":true,"href":"https:\/\/trx.pl\/en\/wp-json\/wp\/v2\/product_cat?post=558"},{"taxonomy":"product_tag","embeddable":true,"href":"https:\/\/trx.pl\/en\/wp-json\/wp\/v2\/product_tag?post=558"}],"curies":[{"name":"wp","href":"https:\/\/api.w.org\/{rel}","templated":true}]}}