{"id":559,"date":"2018-05-23T12:24:04","date_gmt":"2018-05-23T10:24:04","guid":{"rendered":"http:\/\/trx.pl\/?post_type=product&#038;p=559"},"modified":"2018-05-30T15:03:27","modified_gmt":"2018-05-30T13:03:27","slug":"pulpit-dodatkowy-do-sgm5-v7","status":"publish","type":"product","link":"https:\/\/trx.pl\/en\/products\/pulpit-dodatkowy-do-sgm5-v7\/","title":{"rendered":"Pulpit dodatkowy do SGM5 V7 \/ SDM4600"},"content":{"rendered":"<p align=\"left\">Zastosowanie pulpitu dodatkowego pozwala na korzystanie z radiotelefonu oddalonego od stanowiska dyspozytorskiego. Urz\u0105dzenie posiada mikrofon wewn\u0119trzny oraz daje mo\u017cliwo\u015b\u0107 przy\u0142\u0105czenia mikrofonu zewn\u0119trznego pracuj\u0105cego niezale\u017cnie od mikrofonu wewn\u0119trznego.<\/p>\n<p>&nbsp;<\/p>\n<p><center><img decoding=\"async\" class=\"aligncenter\" src=\"http:\/\/trx.pl\/Obrazki\/PDSGM5.jpg\" \/><br \/>\n<em>Schemat przedstawiaj\u0105cy zasad\u0119 dzia\u0142ania pulpitu dodatkowego w odleg\u0142o\u015bci do 1km <\/em><br \/>\n<em>wsp\u00f3\u0142pracuj\u0105cego ze zdalnym sterowaniem w wersji SGM5 V7 .<\/em><\/center>&nbsp;<\/p>\n","protected":false},"excerpt":{"rendered":"<p>Pulpit dodatkowy do zdalnych sterowa\u0144 SGM5 V7<\/p>\n","protected":false},"featured_media":620,"template":"","meta":[],"product_brand":[],"product_cat":[44,46],"product_tag":[],"class_list":{"0":"post-559","1":"product","2":"type-product","3":"status-publish","4":"has-post-thumbnail","6":"product_cat-akcesoria","7":"product_cat-sgm5-sdm4600","8":"post","9":"post-with-thumbnail","10":"post-with-thumbnail-large","12":"first","13":"instock","14":"shipping-taxable","15":"product-type-simple"},"aioseo_notices":[],"_links":{"self":[{"href":"https:\/\/trx.pl\/en\/wp-json\/wp\/v2\/product\/559","targetHints":{"allow":["GET"]}}],"collection":[{"href":"https:\/\/trx.pl\/en\/wp-json\/wp\/v2\/product"}],"about":[{"href":"https:\/\/trx.pl\/en\/wp-json\/wp\/v2\/types\/product"}],"wp:featuredmedia":[{"embeddable":true,"href":"https:\/\/trx.pl\/en\/wp-json\/wp\/v2\/media\/620"}],"wp:attachment":[{"href":"https:\/\/trx.pl\/en\/wp-json\/wp\/v2\/media?parent=559"}],"wp:term":[{"taxonomy":"product_brand","embeddable":true,"href":"https:\/\/trx.pl\/en\/wp-json\/wp\/v2\/product_brand?post=559"},{"taxonomy":"product_cat","embeddable":true,"href":"https:\/\/trx.pl\/en\/wp-json\/wp\/v2\/product_cat?post=559"},{"taxonomy":"product_tag","embeddable":true,"href":"https:\/\/trx.pl\/en\/wp-json\/wp\/v2\/product_tag?post=559"}],"curies":[{"name":"wp","href":"https:\/\/api.w.org\/{rel}","templated":true}]}}