{"id":567,"date":"2018-05-23T12:47:49","date_gmt":"2018-05-23T10:47:49","guid":{"rendered":"http:\/\/trx.pl\/?post_type=product&#038;p=567"},"modified":"2018-08-16T09:20:12","modified_gmt":"2018-08-16T07:20:12","slug":"sgm5-v7-kenwood","status":"publish","type":"product","link":"https:\/\/trx.pl\/en\/products\/sgm5-v7-kenwood\/","title":{"rendered":"SGM5 V7 Kenwood"},"content":{"rendered":"<p>Sterowanie TRX SGM5 V7 umo\u017cliwia przeniesienie funkcjonalno\u015bci radiotelefonu na odleg\u0142o\u015b\u0107 do 20km. Ponadto rozszerza mo\u017cliwo\u015b\u0107 o przeniesienie 2 stan\u00f3w logicznych np. sygnalizacji pracy z baterii czy alarmu.<\/p>\n<p>Sterowanie przenosi pe\u0142n\u0105 sygnalizacj\u0119 (wy\u015bwietlacz radiotelefonu, dioda informuj\u0105ca o nadawaniu\/odbiorze), d\u017awi\u0119k w obu kierunkach, przyciski manipulatora, nadawanie (PTT).<\/p>\n<p>Posiada styki do pod\u0142\u0105czenia akumulatora w cz\u0119\u015bci manipulatora, co pozwala na prac\u0119 urz\u0105dzenia nawet przy braku zasilania sieciowego.<\/p>\n<p>Po\u0142\u0105czenie cz\u0119\u015bci radiowej i manipulatora realizowane jest po jednej parze (klasyczny przew\u00f3d telefoniczny).<\/p>\n<p>Ponadto urz\u0105dzenie ma wyprowadzone z\u0142\u0105cze (RJ11) do pod\u0142\u0105czenia rejestratora korespondencji.<\/p>\n<p><img loading=\"lazy\" decoding=\"async\" class=\"wp-image-1385 aligncenter\" src=\"http:\/\/trx.pl\/wp-content\/uploads\/2018\/05\/sgm5-v7-head-back-1024x548.png\" alt=\"sgm5 v7 manipulator ty\u0142\" width=\"482\" height=\"258\" srcset=\"https:\/\/trx.pl\/wp-content\/uploads\/2018\/05\/sgm5-v7-head-back-1024x548.png 1024w, https:\/\/trx.pl\/wp-content\/uploads\/2018\/05\/sgm5-v7-head-back-300x161.png 300w, https:\/\/trx.pl\/wp-content\/uploads\/2018\/05\/sgm5-v7-head-back-768x411.png 768w, https:\/\/trx.pl\/wp-content\/uploads\/2018\/05\/sgm5-v7-head-back-600x321.png 600w, https:\/\/trx.pl\/wp-content\/uploads\/2018\/05\/sgm5-v7-head-back-280x150.png 280w, https:\/\/trx.pl\/wp-content\/uploads\/2018\/05\/sgm5-v7-head-back.png 1914w\" sizes=\"auto, (max-width: 482px) 100vw, 482px\" \/><\/p>\n<p style=\"text-align: center;\"><span style=\"font-size: 10pt;\"><em>Ty\u0142 modu\u0142u manipulatora SGM5 V7<\/em><\/span><\/p>\n<p>&nbsp;<\/p>\n<p><img loading=\"lazy\" decoding=\"async\" class=\"wp-image-1386 aligncenter\" src=\"http:\/\/trx.pl\/wp-content\/uploads\/2018\/05\/sgm5-v7-radio-1024x482.png\" alt=\"sgm5 v7 cz\u0119\u015b\u0107 radiowa\" width=\"475\" height=\"224\" srcset=\"https:\/\/trx.pl\/wp-content\/uploads\/2018\/05\/sgm5-v7-radio-1024x482.png 1024w, https:\/\/trx.pl\/wp-content\/uploads\/2018\/05\/sgm5-v7-radio-300x141.png 300w, https:\/\/trx.pl\/wp-content\/uploads\/2018\/05\/sgm5-v7-radio-768x362.png 768w, https:\/\/trx.pl\/wp-content\/uploads\/2018\/05\/sgm5-v7-radio-600x283.png 600w, https:\/\/trx.pl\/wp-content\/uploads\/2018\/05\/sgm5-v7-radio-280x132.png 280w\" sizes=\"auto, (max-width: 475px) 100vw, 475px\" \/><\/p>\n<p style=\"text-align: center;\"><span style=\"font-size: 10pt;\"><em>Modu\u0142 radiowy SGM5 V7<\/em><\/span><\/p>\n<p><strong>Materia\u0142y do pobrania:<\/strong><\/p>\n<p><img loading=\"lazy\" decoding=\"async\" class=\"alignleft\" src=\"http:\/\/trx.pl\/pliki\/ikony\/pdf.png\" alt=\"\" width=\"35\" height=\"42\" \/><\/p>\n<p><a href=\"http:\/\/www.trx.pl\/download\/Broszura_SGM5_JEDNOPAROWE.pdf\">Broszura TRX SGM5 V7<\/a><\/p>\n<p><strong>\u00a0<\/strong><\/p>\n<p><a href=\"http:\/\/www.trx.pl\/download\/SGM5_PARA.pdf\"><img loading=\"lazy\" decoding=\"async\" class=\"alignleft\" src=\"http:\/\/trx.pl\/pliki\/ikony\/pdf.png\" alt=\"\" width=\"35\" height=\"42\" \/>Instrukcja TRX SGM5 V7<\/a><\/p>\n<p>&nbsp;<\/p>\n","protected":false},"excerpt":{"rendered":"<p>Sterowanie na d\u0142ugie odleg\u0142o\u015bci (do 20km) radiotelefonem Kenwood NX700.<\/p>\n<p>Jako medium wykorzystywana jest jedna para (klasyczna linia telefoniczna), dzi\u0119ki czemu mo\u017ce by\u0107 zainstalowane z wykorzystaniem istniej\u0105cej w budynku instalacji.<\/p>\n","protected":false},"featured_media":1383,"template":"","meta":[],"product_brand":[],"product_cat":[46],"product_tag":[79,55,80,67,182,183,94,181,52,74],"class_list":{"0":"post-567","1":"product","2":"type-product","3":"status-publish","4":"has-post-thumbnail","6":"product_cat-sgm5-sdm4600","7":"product_tag-jedna-para","8":"product_tag-kenwood","9":"product_tag-linia-dzierzawiona","10":"product_tag-lacznosc","11":"product_tag-manipulator-trx","12":"product_tag-modul-radiowy","13":"product_tag-nx700","14":"product_tag-sgm5-v7","15":"product_tag-trx","16":"product_tag-zdalne-sterowanie","17":"post","18":"post-with-thumbnail","19":"post-with-thumbnail-large","21":"first","22":"instock","23":"shipping-taxable","24":"product-type-simple"},"aioseo_notices":[],"_links":{"self":[{"href":"https:\/\/trx.pl\/en\/wp-json\/wp\/v2\/product\/567","targetHints":{"allow":["GET"]}}],"collection":[{"href":"https:\/\/trx.pl\/en\/wp-json\/wp\/v2\/product"}],"about":[{"href":"https:\/\/trx.pl\/en\/wp-json\/wp\/v2\/types\/product"}],"wp:featuredmedia":[{"embeddable":true,"href":"https:\/\/trx.pl\/en\/wp-json\/wp\/v2\/media\/1383"}],"wp:attachment":[{"href":"https:\/\/trx.pl\/en\/wp-json\/wp\/v2\/media?parent=567"}],"wp:term":[{"taxonomy":"product_brand","embeddable":true,"href":"https:\/\/trx.pl\/en\/wp-json\/wp\/v2\/product_brand?post=567"},{"taxonomy":"product_cat","embeddable":true,"href":"https:\/\/trx.pl\/en\/wp-json\/wp\/v2\/product_cat?post=567"},{"taxonomy":"product_tag","embeddable":true,"href":"https:\/\/trx.pl\/en\/wp-json\/wp\/v2\/product_tag?post=567"}],"curies":[{"name":"wp","href":"https:\/\/api.w.org\/{rel}","templated":true}]}}