{"id":568,"date":"2018-05-23T12:48:54","date_gmt":"2018-05-23T10:48:54","guid":{"rendered":"http:\/\/trx.pl\/?post_type=product&#038;p=568"},"modified":"2018-08-13T15:54:06","modified_gmt":"2018-08-13T13:54:06","slug":"sterowanie-sgm5-v7-motorola","status":"publish","type":"product","link":"https:\/\/trx.pl\/en\/products\/sterowanie-sgm5-v7-motorola\/","title":{"rendered":"Sterowanie SGM5 V7 Motorola"},"content":{"rendered":"<p><strong>Materia\u0142y do pobrania:<\/strong><\/p>\n<p><img loading=\"lazy\" decoding=\"async\" class=\"alignleft\" src=\"http:\/\/trx.pl\/pliki\/ikony\/pdf.png\" alt=\"\" width=\"35\" height=\"42\" \/><\/p>\n<p><a href=\"http:\/\/www.trx.pl\/download\/Broszura_SGM5_JEDNOPAROWE.pdf\">Broszura TRX SGM5 V7<\/a><\/p>\n<p><strong>\u00a0<\/strong><\/p>\n<p><a href=\"http:\/\/www.trx.pl\/download\/SGM5_PARA.pdf\"><img loading=\"lazy\" decoding=\"async\" class=\"alignleft\" src=\"http:\/\/trx.pl\/pliki\/ikony\/pdf.png\" alt=\"\" width=\"35\" height=\"42\" \/>Instrukcja TRX SGM5 V7<\/a><\/p>\n<p>&nbsp;<\/p>\n","protected":false},"excerpt":{"rendered":"<p>Sterowanie po parze radiotelefonem Motorola GM360 na d\u0142ugie odleg\u0142o\u015bci (do 20km)<\/p>\n","protected":false},"featured_media":610,"template":"","meta":[],"product_brand":[],"product_cat":[46],"product_tag":[63,67,53,66,52,74],"class_list":{"0":"post-568","1":"product","2":"type-product","3":"status-publish","4":"has-post-thumbnail","6":"product_cat-sgm5-sdm4600","7":"product_tag-gm360","8":"product_tag-lacznosc","9":"product_tag-motorola","10":"product_tag-radiotelefon","11":"product_tag-trx","12":"product_tag-zdalne-sterowanie","13":"post","14":"post-with-thumbnail","15":"post-with-thumbnail-large","17":"first","18":"instock","19":"shipping-taxable","20":"product-type-simple"},"aioseo_notices":[],"_links":{"self":[{"href":"https:\/\/trx.pl\/en\/wp-json\/wp\/v2\/product\/568","targetHints":{"allow":["GET"]}}],"collection":[{"href":"https:\/\/trx.pl\/en\/wp-json\/wp\/v2\/product"}],"about":[{"href":"https:\/\/trx.pl\/en\/wp-json\/wp\/v2\/types\/product"}],"wp:featuredmedia":[{"embeddable":true,"href":"https:\/\/trx.pl\/en\/wp-json\/wp\/v2\/media\/610"}],"wp:attachment":[{"href":"https:\/\/trx.pl\/en\/wp-json\/wp\/v2\/media?parent=568"}],"wp:term":[{"taxonomy":"product_brand","embeddable":true,"href":"https:\/\/trx.pl\/en\/wp-json\/wp\/v2\/product_brand?post=568"},{"taxonomy":"product_cat","embeddable":true,"href":"https:\/\/trx.pl\/en\/wp-json\/wp\/v2\/product_cat?post=568"},{"taxonomy":"product_tag","embeddable":true,"href":"https:\/\/trx.pl\/en\/wp-json\/wp\/v2\/product_tag?post=568"}],"curies":[{"name":"wp","href":"https:\/\/api.w.org\/{rel}","templated":true}]}}