{"id":569,"date":"2018-05-23T12:50:00","date_gmt":"2018-05-23T10:50:00","guid":{"rendered":"http:\/\/trx.pl\/?post_type=product&#038;p=569"},"modified":"2019-04-30T12:26:32","modified_gmt":"2019-04-30T10:26:32","slug":"pulpit-voip","status":"publish","type":"product","link":"https:\/\/trx.pl\/en\/products\/pulpit-voip\/","title":{"rendered":"Pulpit USB TRX TJ8P"},"content":{"rendered":"<p>Pulpit Dyspozytorski TRX u\u0142atwia u\u017cytkownikowi prac\u0119 z urz\u0105dzeniami dyspozytorskimi oraz zapewnia najlepsz\u0105 jako\u015b\u0107 d\u017awi\u0119ku w komunikacji<br \/>\ncyfrowej i analogowej. Wykorzystywany jest w Systemach Konsol Dyspozytorskich oraz z oprogramowaniem TRX RoIP.<\/p>\n<p>Urz\u0105dzenie posiada wbudowany g\u0142o\u015bnik i mikrofon. Dla zapewnienia najlepszej jako\u015bci audio stosowane s\u0105 tak\u017ce mikrofony zewn\u0119trzne z wk\u0142adkami dynamicznymi.<\/p>\n<p>Przy wsp\u00f3\u0142pracy z Konsol\u0105 Dyspozytorsk\u0105 TRX wbudowane 8 przycisk\u00f3w umo\u017cliwia nadawanie w wybranej strefie i kanale.<\/p>\n<p>Gniazdo mikrofonu dodatkowego umo\u017cliwia pod\u0142\u0105czenie mikrofonu w standardzie Motorola, a tak\u017ce specjalnie przygotowanego zestawu s\u0142uchawkowego.<br \/>\nPod\u0142\u0105czenie mikrofonu dodatkowego dodaje mo\u017cliwo\u015b\u0107 zaprogramowania dodatkowych przycisk\u00f3w nadawania. Z u\u017cyciem tego samego gniazda mo\u017cliwe jest tak\u017ce pod\u0142\u0105czenie w\u0142\u0105cznika no\u017cnego.<\/p>\n<p>&nbsp;<\/p>\n<p><span style=\"font-size: 14pt;\"><strong>Dane techniczne:<\/strong><\/span><\/p>\n<ul>\n<li>Zasilanie: 5VDC (USB)<\/li>\n<li>Ilo\u015b\u0107 przycisk\u00f3w: 8<\/li>\n<li>Pob\u00f3r pr\u0105du: &lt;0.5A<\/li>\n<li>Wymiary: 181\/98\/53 mm (bez mikrofonu)<\/li>\n<li>Z\u0142\u0105cza:\n<ul>\n<li>USB &#8211; komunikacja z komputerem \/ Konsol\u0105 Dyspozytorsk\u0105<\/li>\n<li>RJ48 &#8211; z\u0142\u0105cze mikrofonu dodatkowego w standardzie Motorola<\/li>\n<li>Jack 6,3 mm &#8211; z\u0142\u0105cze mikrofonu dynamicznego<\/li>\n<li>RJ11 &#8211; wyj\u015bcie analogowe do rejestratora<\/li>\n<\/ul>\n<\/li>\n<\/ul>\n<p>&nbsp;<\/p>\n<p><span style=\"font-size: 14pt;\"><strong>Materia\u0142y do pobrania:<\/strong><\/span><\/p>\n<p><img loading=\"lazy\" decoding=\"async\" class=\"alignleft\" src=\"http:\/\/trx.pl\/pliki\/ikony\/pdf.png\" alt=\"\" width=\"35\" height=\"42\" \/><\/p>\n<p><a href=\"http:\/\/trx.pl\/pliki\/broszury\/TRX_Pulpit_TJ8P_USB.pdf\">Broszura TRX Pulpit dyspozytorski TJ8P<\/a><\/p>\n","protected":false},"excerpt":{"rendered":"<p>Pulpit dyspozytorski pod\u0142\u0105czany do komputera przez port USB. Posiada sprawdzony mikrofon dynamiczny i 8 programowalnych przycisk\u00f3w wsp\u00f3\u0142pracuj\u0105cych z Konsol\u0105 Dyspozytorsk\u0105 i oprogramowaniem TRX RoIP.<\/p>\n","protected":false},"featured_media":614,"template":"","meta":[],"product_brand":[],"product_cat":[44,47,48],"product_tag":[121,124,51,123,119,120,125,122,52,70],"class_list":{"0":"post-569","1":"product","2":"type-product","3":"status-publish","4":"has-post-thumbnail","6":"product_cat-akcesoria","7":"product_cat-sterowania-ip","8":"product_cat-systemy-dyspozytorskie","9":"product_tag-8-przyciskow","10":"product_tag-glosnik","11":"product_tag-konsola-dyspozytorska","12":"product_tag-mikrofon","13":"product_tag-pulpit","14":"product_tag-pulpit-dyspozytorski","15":"product_tag-pulpit-usb","16":"product_tag-roip","17":"product_tag-trx","18":"product_tag-usb","19":"post","20":"post-with-thumbnail","21":"post-with-thumbnail-large","23":"first","24":"instock","25":"shipping-taxable","26":"product-type-simple"},"aioseo_notices":[],"_links":{"self":[{"href":"https:\/\/trx.pl\/en\/wp-json\/wp\/v2\/product\/569","targetHints":{"allow":["GET"]}}],"collection":[{"href":"https:\/\/trx.pl\/en\/wp-json\/wp\/v2\/product"}],"about":[{"href":"https:\/\/trx.pl\/en\/wp-json\/wp\/v2\/types\/product"}],"wp:featuredmedia":[{"embeddable":true,"href":"https:\/\/trx.pl\/en\/wp-json\/wp\/v2\/media\/614"}],"wp:attachment":[{"href":"https:\/\/trx.pl\/en\/wp-json\/wp\/v2\/media?parent=569"}],"wp:term":[{"taxonomy":"product_brand","embeddable":true,"href":"https:\/\/trx.pl\/en\/wp-json\/wp\/v2\/product_brand?post=569"},{"taxonomy":"product_cat","embeddable":true,"href":"https:\/\/trx.pl\/en\/wp-json\/wp\/v2\/product_cat?post=569"},{"taxonomy":"product_tag","embeddable":true,"href":"https:\/\/trx.pl\/en\/wp-json\/wp\/v2\/product_tag?post=569"}],"curies":[{"name":"wp","href":"https:\/\/api.w.org\/{rel}","templated":true}]}}