{"id":570,"date":"2018-05-23T12:51:05","date_gmt":"2018-05-23T10:51:05","guid":{"rendered":"http:\/\/trx.pl\/?post_type=product&#038;p=570"},"modified":"2025-01-09T09:07:12","modified_gmt":"2025-01-09T08:07:12","slug":"sgm5_klient","status":"publish","type":"product","link":"https:\/\/trx.pl\/en\/products\/sgm5_klient\/","title":{"rendered":"SGM5E Klient"},"content":{"rendered":"<p><strong>Materia\u0142y do pobrania:<\/strong><\/p>\n<p><img loading=\"lazy\" decoding=\"async\" class=\"alignleft\" src=\"http:\/\/trx.pl\/pliki\/ikony\/pdf.png\" alt=\"\" width=\"35\" height=\"42\" \/><\/p>\n<p><a href=\"http:\/\/trx.pl\/pliki\/broszury\/TRX_SGM5_Klient.pdf\">Broszura SGM5E Klient<\/a><\/p>\n<p>&nbsp;<\/p>\n<p><img loading=\"lazy\" decoding=\"async\" class=\"alignleft\" src=\"http:\/\/trx.pl\/pliki\/ikony\/pdf.png\" alt=\"\" width=\"35\" height=\"42\" \/><\/p>\n<p><a href=\"http:\/\/trx.pl\/pliki\/broszury\/TRX_SGM5ES.pdf\">Broszura TRX SGM5ES<\/a><\/p>\n<p>&nbsp;<\/p>\n<p><img loading=\"lazy\" decoding=\"async\" class=\"alignleft\" src=\"http:\/\/trx.pl\/pliki\/ikony\/pdf.png\" alt=\"\" width=\"35\" height=\"42\" \/><\/p>\n<p><a href=\"http:\/\/trx.pl\/pliki\/instrukcje\/Instrukcja_Klient_SGM5E_VOIP.pdf\">Instrukcja TRX SGM5E Klient<\/a><\/p>\n","protected":false},"excerpt":{"rendered":"<p>Manipulator do radiotelefonu wsp\u00f3\u0142pracuj\u0105cy po IP ze zdalnym sterowaniem SGM5ES.<\/p>\n<p>Wyst\u0119puje w wykonaniu do radiotelefon\u00f3w:<\/p>\n<ul>\n<li>Motorola DM4600\/4601\/e<\/li>\n<li>Motorola MTM5400<\/li>\n<li>Motorola MXM600<\/li>\n<li>Motorola GM360<\/li>\n<li>Kenwood NX700<\/li>\n<li>Kenwod NX5000<\/li>\n<\/ul>\n","protected":false},"featured_media":609,"template":"","meta":[],"product_brand":[],"product_cat":[47],"product_tag":[],"class_list":{"0":"post-570","1":"product","2":"type-product","3":"status-publish","4":"has-post-thumbnail","6":"product_cat-sterowania-ip","7":"post","8":"post-with-thumbnail","9":"post-with-thumbnail-large","11":"first","12":"instock","13":"shipping-taxable","14":"product-type-simple"},"aioseo_notices":[],"_links":{"self":[{"href":"https:\/\/trx.pl\/en\/wp-json\/wp\/v2\/product\/570","targetHints":{"allow":["GET"]}}],"collection":[{"href":"https:\/\/trx.pl\/en\/wp-json\/wp\/v2\/product"}],"about":[{"href":"https:\/\/trx.pl\/en\/wp-json\/wp\/v2\/types\/product"}],"wp:featuredmedia":[{"embeddable":true,"href":"https:\/\/trx.pl\/en\/wp-json\/wp\/v2\/media\/609"}],"wp:attachment":[{"href":"https:\/\/trx.pl\/en\/wp-json\/wp\/v2\/media?parent=570"}],"wp:term":[{"taxonomy":"product_brand","embeddable":true,"href":"https:\/\/trx.pl\/en\/wp-json\/wp\/v2\/product_brand?post=570"},{"taxonomy":"product_cat","embeddable":true,"href":"https:\/\/trx.pl\/en\/wp-json\/wp\/v2\/product_cat?post=570"},{"taxonomy":"product_tag","embeddable":true,"href":"https:\/\/trx.pl\/en\/wp-json\/wp\/v2\/product_tag?post=570"}],"curies":[{"name":"wp","href":"https:\/\/api.w.org\/{rel}","templated":true}]}}