{"id":571,"date":"2018-05-23T12:51:55","date_gmt":"2018-05-23T10:51:55","guid":{"rendered":"http:\/\/trx.pl\/?post_type=product&#038;p=571"},"modified":"2018-08-16T09:52:24","modified_gmt":"2018-08-16T07:52:24","slug":"zestaw_radio","status":"publish","type":"product","link":"https:\/\/trx.pl\/en\/products\/zestaw_radio\/","title":{"rendered":"Zestaw Radiowy Mobilny"},"content":{"rendered":"<p>Zestaw Radiowy Mobilny pozwala na zdalne sterowanie radiotelefonem po sieci IP z wykorzystaniem sieci GSM 3G\/LTE.<\/p>\n<p>Zdalne sterowanie SGM5ES, kt\u00f3re wykorzystywane jest w Zestawie Radiowym Mobilnym, umo\u017cliwia przeniesienie funkcjonalno\u015bci radiotelefonu do sieci IP.<br \/>\nDzi\u0119ki temu rozwi\u0105zaniu z radiotelefonu mo\u017cna korzysta\u0107 z <strong><span style=\"color: #000000;\"><a style=\"color: #000000;\" href=\"http:\/\/trx.pl\/products\/konsola_dyspozytorska2\/\">Konsoli Dyspozytorskiej TRX<\/a><\/span><\/strong> i\/lub <span style=\"color: #000000;\"><a style=\"color: #000000;\" href=\"http:\/\/trx.pl\/roip\"><strong>aplikacji RoIP<\/strong><\/a><\/span><\/p>\n<p>&nbsp;<\/p>\n<p><span style=\"font-size: 14pt;\"><strong>Mo\u017cliwo\u015bci Mobilnego Zestawu Radiowego:<\/strong><\/span><\/p>\n<ul>\n<li>wsp\u00f3\u0142praca z <strong><span style=\"color: #000000;\"><a style=\"color: #000000;\" href=\"http:\/\/trx.pl\/products\/konsola_dyspozytorska2\/\">Konsol\u0105 Dyspozytorsk\u0105 TRX<\/a><\/span><\/strong><\/li>\n<li>wsp\u00f3\u0142praca z oprogramowaniem <strong><span style=\"color: #000000;\"><a style=\"color: #000000;\" href=\"http:\/\/trx.pl\/roip\">TRX RoIP<\/a><\/span><\/strong><\/li>\n<li>pe\u0142ne odwzorowanie wy\u015bwietlacza interfejsu u\u017cytkownika<\/li>\n<li>komunikacja poprzez IP, szyfrowanie sygnalizacji i transmisji audio<\/li>\n<li>po\u0142\u0105czenie za pomoc\u0105 sieci 3G\/LTE z istniej\u0105cym lokalnie systemem<\/li>\n<li>mo\u017cliwo\u015b\u0107 nagrywania po IP na <span style=\"color: #000000;\"><a style=\"color: #000000;\" href=\"http:\/\/trx.pl\/rejestratory\/\"><strong>rejestrator KSRC<\/strong><\/a><\/span><\/li>\n<li>wielodost\u0119p &#8211; z jednego radiotelefonu mo\u017ce korzysta\u0107 wielu u\u017cytkownik\u00f3w<\/li>\n<li>praca z baterii &#8211; podtrzymanie akumulatorowe pracy urz\u0105dzenia<\/li>\n<\/ul>\n<p>&nbsp;<\/p>\n<p><img decoding=\"async\" class=\"aligncenter\" src=\"http:\/\/trx.pl\/pliki\/foto\/zrm_zdm_schemat.png\" alt=\"Schemat Zestaw Radiowy Mobilny\" \/><\/p>\n<p>&nbsp;<\/p>\n<p><strong>Materia\u0142y do pobrania:<\/strong><\/p>\n<p><img loading=\"lazy\" decoding=\"async\" class=\"alignleft\" src=\"http:\/\/trx.pl\/pliki\/ikony\/pdf.png\" alt=\"\" width=\"35\" height=\"42\" \/><\/p>\n<p><a href=\"http:\/\/trx.pl\/pliki\/broszury\/TRX_Zestaw_Radiowy_Mobilny.pdf\">Broszura Zestaw Radiowy Mobilny<\/a><\/p>\n<p>&nbsp;<\/p>\n<p><img loading=\"lazy\" decoding=\"async\" class=\"alignleft\" src=\"http:\/\/trx.pl\/pliki\/ikony\/pdf.png\" alt=\"\" width=\"35\" height=\"42\" \/><\/p>\n<p><a href=\"http:\/\/trx.pl\/pliki\/broszury\/TRX_SGM5ES.pdf\">Broszura TRX SGM5ES<\/a><\/p>\n<p><strong>\u00a0<\/strong><\/p>\n<p><a href=\"http:\/\/trx.pl\/pliki\/instrukcje\/instrukcja_TRX_RoIP.pdf\"><img loading=\"lazy\" decoding=\"async\" class=\"alignleft\" src=\"http:\/\/trx.pl\/pliki\/ikony\/pdf.png\" alt=\"\" width=\"35\" height=\"42\" \/>Instrukcja TRX Radio over IP (TRX RoIP)<\/a><\/p>\n<p>&nbsp;<\/p>\n<p><a href=\"ftp:\/\/ftp.trx.com.pl\/RoIP\/TRX_RoIP_2.6.11.114.exe\"><img loading=\"lazy\" decoding=\"async\" class=\"alignleft\" src=\"http:\/\/trx.pl\/pliki\/ikony\/exe.png\" alt=\"\" width=\"35\" height=\"42\" \/>Oprogramowanie TRX Radio over IP (TRX RoIP)<\/a><\/p>\n","protected":false},"excerpt":{"rendered":"<p>Radiotelefon ze sterownikiem IP TRX SGM5ES, routerem LTE i zasilaniem awaryjnym, zamkni\u0119ty w hermetycznej walizce odpornej na uderzenia. Posiada wyprowadzone hermetyczne z\u0142\u0105cze zasilania 230V AC i z\u0142\u0105cze antenowe do radiotelefonu typu N.<\/p>\n<p>Urz\u0105dzenie \u015bwietnie sprawdza si\u0119 w warunkach terenowych, kiedy konieczne jest szybkie uruchomienie \u0142\u0105czno\u015bci na obszarze nieosi\u0105galnym przez stacje bazowe. Urz\u0105dzenie posiada zasilanie awaryjne i mo\u017ce by\u0107 uruchomione bez zasilania 230V.<\/p>\n","protected":false},"featured_media":616,"template":"","meta":[],"product_brand":[],"product_cat":[127,47,48],"product_tag":[60,58,57,107,54,56,106,55,51,108,67,109,105,53,50,49,59,52],"class_list":{"0":"post-571","1":"product","2":"type-product","3":"status-publish","4":"has-post-thumbnail","6":"product_cat-mobilne","7":"product_cat-sterowania-ip","8":"product_cat-systemy-dyspozytorskie","9":"product_tag-dm4600","10":"product_tag-dmr","11":"product_tag-edacs","12":"product_tag-gsm","13":"product_tag-hytera","14":"product_tag-icom","15":"product_tag-ip","16":"product_tag-kenwood","17":"product_tag-konsola-dyspozytorska","18":"product_tag-lte","19":"product_tag-lacznosc","20":"product_tag-mobilny","21":"product_tag-mobilny-integrator","22":"product_tag-motorola","23":"product_tag-radio-over-ip","24":"product_tag-sgm5es","25":"product_tag-tetra","26":"product_tag-trx","27":"post","28":"post-with-thumbnail","29":"post-with-thumbnail-large","31":"first","32":"instock","33":"shipping-taxable","34":"product-type-simple"},"aioseo_notices":[],"_links":{"self":[{"href":"https:\/\/trx.pl\/en\/wp-json\/wp\/v2\/product\/571","targetHints":{"allow":["GET"]}}],"collection":[{"href":"https:\/\/trx.pl\/en\/wp-json\/wp\/v2\/product"}],"about":[{"href":"https:\/\/trx.pl\/en\/wp-json\/wp\/v2\/types\/product"}],"wp:featuredmedia":[{"embeddable":true,"href":"https:\/\/trx.pl\/en\/wp-json\/wp\/v2\/media\/616"}],"wp:attachment":[{"href":"https:\/\/trx.pl\/en\/wp-json\/wp\/v2\/media?parent=571"}],"wp:term":[{"taxonomy":"product_brand","embeddable":true,"href":"https:\/\/trx.pl\/en\/wp-json\/wp\/v2\/product_brand?post=571"},{"taxonomy":"product_cat","embeddable":true,"href":"https:\/\/trx.pl\/en\/wp-json\/wp\/v2\/product_cat?post=571"},{"taxonomy":"product_tag","embeddable":true,"href":"https:\/\/trx.pl\/en\/wp-json\/wp\/v2\/product_tag?post=571"}],"curies":[{"name":"wp","href":"https:\/\/api.w.org\/{rel}","templated":true}]}}