{"id":572,"date":"2018-05-23T12:52:44","date_gmt":"2018-05-23T10:52:44","guid":{"rendered":"http:\/\/trx.pl\/?post_type=product&#038;p=572"},"modified":"2018-07-11T13:08:24","modified_gmt":"2018-07-11T11:08:24","slug":"zestaw_konsola","status":"publish","type":"product","link":"https:\/\/trx.pl\/en\/products\/zestaw_konsola\/","title":{"rendered":"Zestaw Dyspozytorski Mobilny"},"content":{"rendered":"<p>Mobilna Konsola Dyspozytorska firmy TRX umo\u017cliwia \u0142atwe i intuicyjne korzystanie z wielu radiotelefon\u00f3w na jednym ekranie dotykowym.<\/p>\n<p>Konsola w pe\u0142ni przenosi stan wy\u015bwietlacza na ekran i pozwala na korzystanie ze wszystkich przycisk\u00f3w tak, jakby radiotelefon by\u0142 w zasi\u0119gu r\u0119ki.<\/p>\n<p>Ponadto daje mo\u017cliwo\u015b\u0107 korzystania ze skr\u00f3t\u00f3w nadawania dla wybranej strefy i kana\u0142u radiotelefonu i szybkiego ods\u0142uchu ostatniej korespondencji radiowej. Ponadto umo\u017cliwia obs\u0142ug\u0119 radiotelefon\u00f3w w trybie votingu &#8211; wyboru stacji o najlepszym sygnale na odbiorniku.<\/p>\n<p>Obs\u0142ugiwana jest tak\u017ce \u0142\u0105czno\u015b\u0107 telefoniczna po sieci LAN (SIP).<\/p>\n<p>&nbsp;<\/p>\n<p><span style=\"font-size: 14pt;\"><strong>Mo\u017cliwo\u015bci Mobilnego Zestawu Dyspozytorskiego:<\/strong><\/span><\/p>\n<ul>\n<li>dotykowy i intuicyjny interfejs u\u017cytkownika<\/li>\n<li>pe\u0142na obs\u0142uga <strong><span style=\"color: #000000;\"><a style=\"color: #000000;\" href=\"http:\/\/trx.pl\/radiotelefony\/\">radiotelefon\u00f3w<\/a><\/span><\/strong><\/li>\n<li>szybki ods\u0142uch korespondencji radiowej<\/li>\n<li>obs\u0142uga urz\u0105dze\u0144 USB Audio, wsp\u00f3\u0142praca z <strong><span style=\"color: #000000;\"><a style=\"color: #000000;\" href=\"http:\/\/trx.pl\/products\/pulpit-voip\/\">Pulpitem Dyspozytorskim TRX<\/a><\/span><\/strong><\/li>\n<li>ods\u0142uch nagra\u0144 z rejestratora <strong><span style=\"color: #000000;\"><a style=\"color: #000000;\" href=\"http:\/\/trx.pl\/rejestratory\/\">TRX KSRC<\/a><\/span><\/strong><\/li>\n<li>szybkie nadawanie na wybranym kanale danej strefy<\/li>\n<li>obs\u0142uga z u\u017cyciem ekranu dotykowego komputera<\/li>\n<li>wsp\u00f3\u0142praca ze Zdalnymi Sterowaniami <strong><span style=\"color: #000000;\"><a style=\"color: #000000;\" href=\"http:\/\/trx.pl\/products\/sgm5es\/\">TRX SGM5ES<\/a><\/span><\/strong><\/li>\n<\/ul>\n<p><img decoding=\"async\" class=\"aligncenter\" src=\"http:\/\/trx.pl\/pliki\/foto\/zrm_zdm_schemat.png\" alt=\"Schemat Zestaw Radiowy Mobilny\" \/><br \/>\n<strong>Materia\u0142y do pobrania:<\/strong><\/p>\n<p><img loading=\"lazy\" decoding=\"async\" class=\"alignleft\" src=\"http:\/\/trx.pl\/pliki\/ikony\/pdf.png\" alt=\"\" width=\"35\" height=\"42\" \/><\/p>\n<p><a href=\"http:\/\/trx.pl\/pliki\/broszury\/TRX_Zestaw_Dyspozytorski_Mobilny.pdf\">Broszura Zestaw Dyspozytorski Mobilny<\/a><\/p>\n<p>&nbsp;<\/p>\n<p><img loading=\"lazy\" decoding=\"async\" class=\"alignleft\" src=\"http:\/\/trx.pl\/pliki\/ikony\/pdf.png\" alt=\"\" width=\"35\" height=\"42\" \/><\/p>\n<p><a href=\"http:\/\/trx.pl\/pliki\/instrukcje\/instrukcja_konsola_mobilna_TRX.pdf\">Instrukcja Zestaw Dyspozytorski Mobilny<\/a><\/p>\n<p><strong>\u00a0<\/strong><\/p>\n","protected":false},"excerpt":{"rendered":"<p>Konsola Dyspozytorska TRX zamkni\u0119ta w hermetycznej walizce z routerem LTE i zasilaniem awaryjnym. Umo\u017cliwia szybkie uruchomienie systemu w terenie i prowadzenie dzia\u0142a\u0144. Posiada wyprowadzone na zewn\u0105trz walizki hermetyczne z\u0142\u0105cze zasilania 230V AC.<\/p>\n","protected":false},"featured_media":615,"template":"","meta":[],"product_brand":[],"product_cat":[127,48],"product_tag":[95,60,58,85,57,99,63,101,91,54,56,86,84,55,126,51,103,100,67,90,98,92,105,53,97,96,94,66,93,89,88,87,59,52,102,104],"class_list":{"0":"post-572","1":"product","2":"type-product","3":"status-publish","4":"has-post-thumbnail","6":"product_cat-mobilne","7":"product_cat-systemy-dyspozytorskie","8":"product_tag-dm3600","9":"product_tag-dm4600","10":"product_tag-dmr","11":"product_tag-dyspozytor","12":"product_tag-edacs","13":"product_tag-f5062","14":"product_tag-gm360","15":"product_tag-gps","16":"product_tag-harris","17":"product_tag-hytera","18":"product_tag-icom","19":"product_tag-integracja","20":"product_tag-kd","21":"product_tag-kenwood","22":"product_tag-konsola","23":"product_tag-konsola-dyspozytorska","24":"product_tag-konsola-mobilna","25":"product_tag-lokalizacja","26":"product_tag-lacznosc","27":"product_tag-mapy","28":"product_tag-md655","29":"product_tag-md785","30":"product_tag-mobilny-integrator","31":"product_tag-motorola","32":"product_tag-mt680","33":"product_tag-mtm5400","34":"product_tag-nx700","35":"product_tag-radiotelefon","36":"product_tag-rd625","37":"product_tag-rejestrator","38":"product_tag-sip","39":"product_tag-telefon","40":"product_tag-tetra","41":"product_tag-trx","42":"product_tag-voting","43":"product_tag-zestaw-mobilny","44":"post","45":"post-with-thumbnail","46":"post-with-thumbnail-large","48":"first","49":"instock","50":"shipping-taxable","51":"product-type-simple"},"aioseo_notices":[],"_links":{"self":[{"href":"https:\/\/trx.pl\/en\/wp-json\/wp\/v2\/product\/572","targetHints":{"allow":["GET"]}}],"collection":[{"href":"https:\/\/trx.pl\/en\/wp-json\/wp\/v2\/product"}],"about":[{"href":"https:\/\/trx.pl\/en\/wp-json\/wp\/v2\/types\/product"}],"wp:featuredmedia":[{"embeddable":true,"href":"https:\/\/trx.pl\/en\/wp-json\/wp\/v2\/media\/615"}],"wp:attachment":[{"href":"https:\/\/trx.pl\/en\/wp-json\/wp\/v2\/media?parent=572"}],"wp:term":[{"taxonomy":"product_brand","embeddable":true,"href":"https:\/\/trx.pl\/en\/wp-json\/wp\/v2\/product_brand?post=572"},{"taxonomy":"product_cat","embeddable":true,"href":"https:\/\/trx.pl\/en\/wp-json\/wp\/v2\/product_cat?post=572"},{"taxonomy":"product_tag","embeddable":true,"href":"https:\/\/trx.pl\/en\/wp-json\/wp\/v2\/product_tag?post=572"}],"curies":[{"name":"wp","href":"https:\/\/api.w.org\/{rel}","templated":true}]}}