{"id":574,"date":"2018-05-23T12:54:50","date_gmt":"2018-05-23T10:54:50","guid":{"rendered":"http:\/\/trx.pl\/?post_type=product&#038;p=574"},"modified":"2025-10-30T10:45:19","modified_gmt":"2025-10-30T09:45:19","slug":"dsr300m","status":"publish","type":"product","link":"https:\/\/trx.pl\/en\/products\/dsr300m\/","title":{"rendered":"TRX DSR300M"},"content":{"rendered":"<p>Jako jedyne takie urz\u0105dzenie na rynku, zdalne sterowanie TRX DSR300M pozwala na pod\u0142\u0105czenie a\u017c 4 manipulator\u00f3w (klasyczny pyszczek radiotelefonu Motorola DM4600 ze specjalnie przygotowan\u0105 elektronik\u0105 zamkni\u0119ty w obudowie zestawu rozdzielaj\u0105cego Motorola PMLN6404A).<\/p>\n<p>Urz\u0105dzenie posiada tak\u017ce zaimplementowan\u0105 kontrol\u0119 napi\u0119cia zasilania. W przypadku nieprawid\u0142owego napi\u0119cia zasilania, sterownik wy\u015bwietla na ekranie manipulatora informacj\u0119 o przekroczeniu dopuszczalnego napi\u0119cia zasilania.<\/p>\n<p>&nbsp;<\/p>\n<p style=\"text-align: center;\"><img loading=\"lazy\" decoding=\"async\" class=\"aligncenter\" src=\"http:\/\/trx.pl\/pliki\/foto\/DSR300M_radio.png\" alt=\"TRX DSR300M radio\" width=\"423\" height=\"153\" \/>\u00a0 <em>Nak\u0142adka na radiotelefonie z zainstalowanym modu\u0142em zdalnego sterowania TRX DSR300M<\/em><\/p>\n<p>&nbsp;<\/p>\n<p><img loading=\"lazy\" decoding=\"async\" class=\"aligncenter\" src=\"http:\/\/trx.pl\/pliki\/foto\/DSR300M_manipulator_przod.png\" width=\"419\" height=\"159\" \/><\/p>\n<p style=\"text-align: center;\"><em>Manipulator TRX DSR300M<\/em><\/p>\n<p>&nbsp;<\/p>\n<p><img loading=\"lazy\" decoding=\"async\" class=\"aligncenter\" src=\"http:\/\/trx.pl\/pliki\/foto\/DSR300M_manipulator_tyl.png\" alt=\"DSR30M manipulator ty\u0142\" width=\"425\" height=\"165\" \/><\/p>\n<p style=\"text-align: center;\"><em>Ty\u0142 manipulatora TRX DSR300M<\/em><\/p>\n<p>&nbsp;<\/p>\n<p><strong>Dane techniczne urz\u0105dzenia:<\/strong><\/p>\n<ul>\n<li>Po\u0142\u0105czenie &#8211; skr\u0119tka ekranowana 4 pary.<\/li>\n<li>Do ok. 70 metr\u00f3w mo\u017cliwo\u015b\u0107 zasilania z radiotelefonu. Dla odleg\u0142o\u015bci wi\u0119kszych wymagane jest zastosowanie dodatkowego zasilacza 12VDC przy manipulatorach.<\/li>\n<li>Zasi\u0119g maksymalny &#8211; do ok. 300m (zale\u017cny od jako\u015bci wykorzystanej skr\u0119tki).<\/li>\n<li>Z\u0142\u0105cze RJ-45 do transmisji danych.<\/li>\n<li>Z\u0142\u0105cze RJ-11 &#8211; pod\u0142\u0105czenie rejestratora rozm\u00f3w.<\/li>\n<li>Mo\u017cliwo\u015b\u0107 pod\u0142\u0105czenia do 4 manipulator\u00f3w.<\/li>\n<li>Ma\u0142e wymiary urz\u0105dzenia &#8211; mie\u015bci si\u0119 w obudowie rozdzielenia radiotelefonu.<\/li>\n<li>Monitoring linii zasilania i sygnalizacja zbyt wysokiego i zbyt niskiego napi\u0119cia.<\/li>\n<li>Mo\u017cliwo\u015b\u0107 przes\u0142ania 2 stan\u00f3w logicznych.<\/li>\n<li>Przy zasilaniu dodatkowym manipulator\u00f3w mo\u017cliwo\u015b\u0107 indywidualnej regulacji si\u0142y g\u0142osu manipulator\u00f3w.<\/li>\n<li>W przypadku zerwania po\u0142\u0105czenia urz\u0105dzenie samoczynnie po kr\u00f3tkim czasie wraca do pe\u0142nej funkcjonalno\u015bci.<\/li>\n<li>Nie wsp\u00f3\u0142pracuje z mikrofonem z klawiatur\u0105, nie przenosi programowania przez front panel.<\/li>\n<\/ul>\n<p>&nbsp;<\/p>\n<p><img loading=\"lazy\" decoding=\"async\" class=\"aligncenter\" src=\"http:\/\/trx.pl\/pliki\/foto\/DSR300M_schemat.png\" alt=\"\" width=\"482\" height=\"425\" \/><\/p>\n<p>&nbsp;<\/p>\n<p><strong>Materia\u0142y do pobrania:<\/strong><\/p>\n<p><img loading=\"lazy\" decoding=\"async\" class=\"alignleft\" src=\"http:\/\/trx.pl\/pliki\/ikony\/pdf.png\" alt=\"\" width=\"35\" height=\"42\" \/><\/p>\n<p><a href=\"http:\/\/trx.pl\/pliki\/broszury\/TRX_DSR300M.pdf\">Broszura TRX DSR300M<\/a><\/p>\n<p>&nbsp;<\/p>\n<p><img loading=\"lazy\" decoding=\"async\" class=\"alignleft\" src=\"http:\/\/trx.pl\/pliki\/ikony\/pdf.png\" alt=\"\" width=\"35\" height=\"42\" \/><\/p>\n<p><a href=\"http:\/\/trx.pl\/pliki\/instrukcje\/Instrukcja_DSR300M.pdf\">TRX DSR300M Instrukcja obs\u0142ugi<\/a><\/p>\n<p>&nbsp;<\/p>\n<p><img loading=\"lazy\" decoding=\"async\" class=\"alignleft\" src=\"http:\/\/trx.pl\/pliki\/ikony\/pdf.png\" alt=\"\" width=\"35\" height=\"42\" \/><\/p>\n<p><a href=\"http:\/\/trx.pl\/pliki\/broszury\/TRX_DSR300M_EN.pdf\">Broszura TRX DSR300M EN<\/a><\/p>\n<p>&nbsp;<\/p>\n<p><img loading=\"lazy\" decoding=\"async\" class=\"alignleft\" src=\"http:\/\/trx.pl\/pliki\/ikony\/pdf.png\" alt=\"\" width=\"35\" height=\"42\" \/><\/p>\n<p><a href=\"http:\/\/trx.pl\/pliki\/instrukcje\/Manual_DSR300M_EN.pdf\">TRX DSR300M User Manual EN<\/a><\/p>\n<p>&nbsp;<\/p>\n","protected":false},"excerpt":{"rendered":"<p>Zdalne sterowanie kr\u00f3tkiego zasi\u0119gu przeznaczone dla radiotelefonu Motorola DM4600 umo\u017cliwia przeniesienie funkcji radiotelefonu po 4 parach (skr\u0119tka sieciowa ekranowana). Urz\u0105dzenie zapewnia przeniesienie funkcji przycisk\u00f3w, audio wy\u015bwietlacza radiotelefonu.<\/p>\n","protected":false},"featured_media":603,"template":"","meta":[],"product_brand":[],"product_cat":[45],"product_tag":[116,60,77,76,78,113,115,53,62,114,52,74],"class_list":{"0":"post-574","1":"product","2":"type-product","3":"status-publish","4":"has-post-thumbnail","6":"product_cat-sterowania-struktura","7":"product_tag-300m","8":"product_tag-dm4600","9":"product_tag-dm4600e","10":"product_tag-dm4601","11":"product_tag-dm4601e","12":"product_tag-dsr300m","13":"product_tag-krotki-dystans","14":"product_tag-motorola","15":"product_tag-multipanel","16":"product_tag-sterowanie","17":"product_tag-trx","18":"product_tag-zdalne-sterowanie","19":"post","20":"post-with-thumbnail","21":"post-with-thumbnail-large","23":"first","24":"instock","25":"shipping-taxable","26":"product-type-simple"},"aioseo_notices":[],"_links":{"self":[{"href":"https:\/\/trx.pl\/en\/wp-json\/wp\/v2\/product\/574","targetHints":{"allow":["GET"]}}],"collection":[{"href":"https:\/\/trx.pl\/en\/wp-json\/wp\/v2\/product"}],"about":[{"href":"https:\/\/trx.pl\/en\/wp-json\/wp\/v2\/types\/product"}],"wp:featuredmedia":[{"embeddable":true,"href":"https:\/\/trx.pl\/en\/wp-json\/wp\/v2\/media\/603"}],"wp:attachment":[{"href":"https:\/\/trx.pl\/en\/wp-json\/wp\/v2\/media?parent=574"}],"wp:term":[{"taxonomy":"product_brand","embeddable":true,"href":"https:\/\/trx.pl\/en\/wp-json\/wp\/v2\/product_brand?post=574"},{"taxonomy":"product_cat","embeddable":true,"href":"https:\/\/trx.pl\/en\/wp-json\/wp\/v2\/product_cat?post=574"},{"taxonomy":"product_tag","embeddable":true,"href":"https:\/\/trx.pl\/en\/wp-json\/wp\/v2\/product_tag?post=574"}],"curies":[{"name":"wp","href":"https:\/\/api.w.org\/{rel}","templated":true}]}}